{"id":1202,"date":"2019-04-18T07:33:45","date_gmt":"2019-04-18T07:33:45","guid":{"rendered":"https:\/\/www.julianpiscinas.com\/?post_type=product&#038;p=1202"},"modified":"2019-04-18T07:33:45","modified_gmt":"2019-04-18T07:33:45","slug":"limpia-fondos","status":"publish","type":"product","link":"https:\/\/www.julianpiscinas.com\/ca\/product\/limpia-fondos\/","title":{"rendered":"Neteja Fons"},"content":{"rendered":"","protected":false},"excerpt":{"rendered":"","protected":false},"featured_media":535,"template":"","meta":{"_et_pb_use_builder":"","_et_pb_old_content":"","_et_gb_content_width":""},"product_cat":[18],"product_tag":[],"class_list":{"0":"post-1202","1":"product","2":"type-product","3":"status-publish","4":"has-post-thumbnail","6":"product_cat-limpiafondos","8":"first","9":"instock","10":"shipping-taxable","11":"product-type-simple"},"yoast_head":"<!-- This site is optimized with the Yoast SEO plugin v23.2 - https:\/\/yoast.com\/wordpress\/plugins\/seo\/ -->\n<title>Limpia Fondos - Jul\u00ed\u00e1n Piscines | construcci\u00f3n de piscinas | mantenimiento y reformas de piscinas | art\u00edculos y materiales de piscina<\/title>\n<meta name=\"robots\" content=\"index, follow, max-snippet:-1, max-image-preview:large, max-video-preview:-1\" \/>\n<link rel=\"canonical\" href=\"https:\/\/www.julianpiscinas.com\/ca\/producte\/limpia-fondos\/\" \/>\n<meta property=\"og:locale\" content=\"ca_ES\" \/>\n<meta property=\"og:type\" content=\"article\" \/>\n<meta property=\"og:title\" content=\"Limpia Fondos - Jul\u00ed\u00e1n Piscines | construcci\u00f3n de piscinas | mantenimiento y reformas de piscinas | art\u00edculos y materiales de piscina\" \/>\n<meta property=\"og:url\" content=\"https:\/\/www.julianpiscinas.com\/ca\/producte\/limpia-fondos\/\" \/>\n<meta property=\"og:site_name\" content=\"Jul\u00ed\u00e1n Piscines | construcci\u00f3n de piscinas | mantenimiento y reformas de piscinas | art\u00edculos y materiales de piscina\" \/>\n<meta property=\"og:image\" content=\"https:\/\/www.julianpiscinas.com\/wp-content\/uploads\/2016\/03\/thumb351.png\" \/>\n\t<meta property=\"og:image:width\" content=\"400\" \/>\n\t<meta property=\"og:image:height\" content=\"400\" \/>\n\t<meta property=\"og:image:type\" content=\"image\/png\" \/>\n<meta name=\"twitter:card\" content=\"summary_large_image\" \/>\n<script type=\"application\/ld+json\" class=\"yoast-schema-graph\">{\"@context\":\"https:\/\/schema.org\",\"@graph\":[{\"@type\":\"WebPage\",\"@id\":\"https:\/\/www.julianpiscinas.com\/ca\/producte\/limpia-fondos\/\",\"url\":\"https:\/\/www.julianpiscinas.com\/ca\/producte\/limpia-fondos\/\",\"name\":\"Limpia Fondos - Jul\u00ed\u00e1n Piscines | construcci\u00f3n de piscinas | mantenimiento y reformas de piscinas | art\u00edculos y materiales de piscina\",\"isPartOf\":{\"@id\":\"https:\/\/www.julianpiscinas.com\/#website\"},\"primaryImageOfPage\":{\"@id\":\"https:\/\/www.julianpiscinas.com\/ca\/producte\/limpia-fondos\/#primaryimage\"},\"image\":{\"@id\":\"https:\/\/www.julianpiscinas.com\/ca\/producte\/limpia-fondos\/#primaryimage\"},\"thumbnailUrl\":\"https:\/\/www.julianpiscinas.com\/wp-content\/uploads\/2016\/03\/thumb351.png\",\"datePublished\":\"2019-04-18T07:33:45+00:00\",\"dateModified\":\"2019-04-18T07:33:45+00:00\",\"breadcrumb\":{\"@id\":\"https:\/\/www.julianpiscinas.com\/ca\/producte\/limpia-fondos\/#breadcrumb\"},\"inLanguage\":\"ca\",\"potentialAction\":[{\"@type\":\"ReadAction\",\"target\":[\"https:\/\/www.julianpiscinas.com\/ca\/producte\/limpia-fondos\/\"]}]},{\"@type\":\"ImageObject\",\"inLanguage\":\"ca\",\"@id\":\"https:\/\/www.julianpiscinas.com\/ca\/producte\/limpia-fondos\/#primaryimage\",\"url\":\"https:\/\/www.julianpiscinas.com\/wp-content\/uploads\/2016\/03\/thumb351.png\",\"contentUrl\":\"https:\/\/www.julianpiscinas.com\/wp-content\/uploads\/2016\/03\/thumb351.png\",\"width\":400,\"height\":400,\"caption\":\"Limpia fondos\"},{\"@type\":\"BreadcrumbList\",\"@id\":\"https:\/\/www.julianpiscinas.com\/ca\/producte\/limpia-fondos\/#breadcrumb\",\"itemListElement\":[{\"@type\":\"ListItem\",\"position\":1,\"name\":\"Portada\",\"item\":\"https:\/\/www.julianpiscinas.com\/\"},{\"@type\":\"ListItem\",\"position\":2,\"name\":\"Accesorios para piscinas\",\"item\":\"https:\/\/www.julianpiscinas.com\/accesorios-para-piscinas-tarragona\/\"},{\"@type\":\"ListItem\",\"position\":3,\"name\":\"Limpia Fondos\"}]},{\"@type\":\"WebSite\",\"@id\":\"https:\/\/www.julianpiscinas.com\/#website\",\"url\":\"https:\/\/www.julianpiscinas.com\/\",\"name\":\"Jul\u00ed\u00e1n Piscines | construcci\u00f3n de piscinas | mantenimiento y reformas de piscinas | art\u00edculos y materiales de piscina\",\"description\":\"Construcci\u00f3n y instalaci\u00f3n de piscinas en Els Pallaresos\",\"potentialAction\":[{\"@type\":\"SearchAction\",\"target\":{\"@type\":\"EntryPoint\",\"urlTemplate\":\"https:\/\/www.julianpiscinas.com\/?s={search_term_string}\"},\"query-input\":\"required name=search_term_string\"}],\"inLanguage\":\"ca\"}]}<\/script>\n<!-- \/ Yoast SEO plugin. -->","yoast_head_json":{"title":"Limpia Fondos - Jul\u00ed\u00e1n Piscines | construcci\u00f3n de piscinas | mantenimiento y reformas de piscinas | art\u00edculos y materiales de piscina","robots":{"index":"index","follow":"follow","max-snippet":"max-snippet:-1","max-image-preview":"max-image-preview:large","max-video-preview":"max-video-preview:-1"},"canonical":"https:\/\/www.julianpiscinas.com\/ca\/producte\/limpia-fondos\/","og_locale":"ca_ES","og_type":"article","og_title":"Limpia Fondos - Jul\u00ed\u00e1n Piscines | construcci\u00f3n de piscinas | mantenimiento y reformas de piscinas | art\u00edculos y materiales de piscina","og_url":"https:\/\/www.julianpiscinas.com\/ca\/producte\/limpia-fondos\/","og_site_name":"Jul\u00ed\u00e1n Piscines | construcci\u00f3n de piscinas | mantenimiento y reformas de piscinas | art\u00edculos y materiales de piscina","og_image":[{"width":400,"height":400,"url":"https:\/\/www.julianpiscinas.com\/wp-content\/uploads\/2016\/03\/thumb351.png","type":"image\/png"}],"twitter_card":"summary_large_image","schema":{"@context":"https:\/\/schema.org","@graph":[{"@type":"WebPage","@id":"https:\/\/www.julianpiscinas.com\/ca\/producte\/limpia-fondos\/","url":"https:\/\/www.julianpiscinas.com\/ca\/producte\/limpia-fondos\/","name":"Limpia Fondos - Jul\u00ed\u00e1n Piscines | construcci\u00f3n de piscinas | mantenimiento y reformas de piscinas | art\u00edculos y materiales de piscina","isPartOf":{"@id":"https:\/\/www.julianpiscinas.com\/#website"},"primaryImageOfPage":{"@id":"https:\/\/www.julianpiscinas.com\/ca\/producte\/limpia-fondos\/#primaryimage"},"image":{"@id":"https:\/\/www.julianpiscinas.com\/ca\/producte\/limpia-fondos\/#primaryimage"},"thumbnailUrl":"https:\/\/www.julianpiscinas.com\/wp-content\/uploads\/2016\/03\/thumb351.png","datePublished":"2019-04-18T07:33:45+00:00","dateModified":"2019-04-18T07:33:45+00:00","breadcrumb":{"@id":"https:\/\/www.julianpiscinas.com\/ca\/producte\/limpia-fondos\/#breadcrumb"},"inLanguage":"ca","potentialAction":[{"@type":"ReadAction","target":["https:\/\/www.julianpiscinas.com\/ca\/producte\/limpia-fondos\/"]}]},{"@type":"ImageObject","inLanguage":"ca","@id":"https:\/\/www.julianpiscinas.com\/ca\/producte\/limpia-fondos\/#primaryimage","url":"https:\/\/www.julianpiscinas.com\/wp-content\/uploads\/2016\/03\/thumb351.png","contentUrl":"https:\/\/www.julianpiscinas.com\/wp-content\/uploads\/2016\/03\/thumb351.png","width":400,"height":400,"caption":"Limpia fondos"},{"@type":"BreadcrumbList","@id":"https:\/\/www.julianpiscinas.com\/ca\/producte\/limpia-fondos\/#breadcrumb","itemListElement":[{"@type":"ListItem","position":1,"name":"Portada","item":"https:\/\/www.julianpiscinas.com\/"},{"@type":"ListItem","position":2,"name":"Accesorios para piscinas","item":"https:\/\/www.julianpiscinas.com\/accesorios-para-piscinas-tarragona\/"},{"@type":"ListItem","position":3,"name":"Limpia Fondos"}]},{"@type":"WebSite","@id":"https:\/\/www.julianpiscinas.com\/#website","url":"https:\/\/www.julianpiscinas.com\/","name":"Jul\u00ed\u00e1n Piscines | construcci\u00f3n de piscinas | mantenimiento y reformas de piscinas | art\u00edculos y materiales de piscina","description":"Construcci\u00f3n y instalaci\u00f3n de piscinas en Els Pallaresos","potentialAction":[{"@type":"SearchAction","target":{"@type":"EntryPoint","urlTemplate":"https:\/\/www.julianpiscinas.com\/?s={search_term_string}"},"query-input":"required name=search_term_string"}],"inLanguage":"ca"}]}},"_links":{"self":[{"href":"https:\/\/www.julianpiscinas.com\/ca\/wp-json\/wp\/v2\/product\/1202","targetHints":{"allow":["GET"]}}],"collection":[{"href":"https:\/\/www.julianpiscinas.com\/ca\/wp-json\/wp\/v2\/product"}],"about":[{"href":"https:\/\/www.julianpiscinas.com\/ca\/wp-json\/wp\/v2\/types\/product"}],"wp:featuredmedia":[{"embeddable":true,"href":"https:\/\/www.julianpiscinas.com\/ca\/wp-json\/wp\/v2\/media\/535"}],"wp:attachment":[{"href":"https:\/\/www.julianpiscinas.com\/ca\/wp-json\/wp\/v2\/media?parent=1202"}],"wp:term":[{"taxonomy":"product_cat","embeddable":true,"href":"https:\/\/www.julianpiscinas.com\/ca\/wp-json\/wp\/v2\/product_cat?post=1202"},{"taxonomy":"product_tag","embeddable":true,"href":"https:\/\/www.julianpiscinas.com\/ca\/wp-json\/wp\/v2\/product_tag?post=1202"}],"curies":[{"name":"wp","href":"https:\/\/api.w.org\/{rel}","templated":true}]}}