{"id":900,"date":"2018-05-15T09:48:53","date_gmt":"2018-05-15T09:48:53","guid":{"rendered":"https:\/\/www.julianpiscinas.com\/?page_id=900"},"modified":"2023-06-19T11:41:28","modified_gmt":"2023-06-19T11:41:28","slug":"piscinas-vilanova-y-la-geltru","status":"publish","type":"page","link":"https:\/\/www.julianpiscinas.com\/ca\/piscinas-vilanova-y-la-geltru\/","title":{"rendered":"Piscinas Vilanova y la Geltr\u00fa"},"content":{"rendered":"<p>[et_pb_section fb_built=\u00bb1&#8243; _builder_version=\u00bb4.17.4&#8243; _module_preset=\u00bbdefault\u00bb custom_padding=\u00bb0px||0px||true|false\u00bb locked=\u00bboff\u00bb global_colors_info=\u00bb{}\u00bb][et_pb_row _builder_version=\u00bb4.17.4&#8243; _module_preset=\u00bbdefault\u00bb width=\u00bb100%\u00bb max_width=\u00bb2560px\u00bb custom_padding=\u00bb0px||0px||true|false\u00bb global_colors_info=\u00bb{}\u00bb][et_pb_column type=\u00bb4_4&#8243; _builder_version=\u00bb4.17.4&#8243; _module_preset=\u00bbdefault\u00bb global_colors_info=\u00bb{}\u00bb][et_pb_slider _builder_version=\u00bb4.17.4&#8243; _module_preset=\u00bbdefault\u00bb global_colors_info=\u00bb{}\u00bb][et_pb_slide heading=\u00bbPiscinas en Vilanova i la Geltr\u00fa\u00bb _builder_version=\u00bb4.17.4&#8243; _module_preset=\u00bbdefault\u00bb header_level=\u00bbh1&#8243; header_font=\u00bb|700||on|||||\u00bb background_enable_color=\u00bboff\u00bb background_image=\u00bbhttps:\/\/www.julianpiscinas.com\/wp-content\/uploads\/2021\/02\/construccion-de-piscinas-en-cunit-scaled.jpg\u00bb background_enable_image=\u00bbon\u00bb global_colors_info=\u00bb{}\u00bb sticky_transition=\u00bbon\u00bb]<\/p>\n<p>Somos expertos con a\u00f1os de experiencia en la construcci\u00f3n de todo tipo de piscinas en Vilanova i la Geltr\u00fa<\/p>\n<p>[\/et_pb_slide][\/et_pb_slider][\/et_pb_column][\/et_pb_row][\/et_pb_section][et_pb_section fb_built=\u00bb1&#8243; admin_label=\u00bbsection\u00bb _builder_version=\u00bb4.16&#8243; global_colors_info=\u00bb{}\u00bb][et_pb_row column_structure=\u00bb3_4,1_4&#8243; _builder_version=\u00bb4.17.4&#8243; background_size=\u00bbinitial\u00bb background_position=\u00bbtop_left\u00bb background_repeat=\u00bbrepeat\u00bb custom_padding=\u00bb||0px||false|false\u00bb global_colors_info=\u00bb{}\u00bb][et_pb_column type=\u00bb3_4&#8243; _builder_version=\u00bb4.16&#8243; custom_padding=\u00bb|||\u00bb global_colors_info=\u00bb{}\u00bb custom_padding__hover=\u00bb|||\u00bb][et_pb_text _builder_version=\u00bb4.17.4&#8243; text_orientation=\u00bbcenter\u00bb use_border_color=\u00bboff\u00bb border_color=\u00bb#ffffff\u00bb border_style=\u00bbsolid\u00bb global_colors_info=\u00bb{}\u00bb]<\/p>\n<h2 style=\"text-align: left;\"><strong>Expertos en construcciones de piscinas en Vilanova i la Geltr\u00fa<\/strong><\/h2>\n<p>[\/et_pb_text][et_pb_text _builder_version=\u00bb4.17.4&#8243; text_orientation=\u00bbjustified\u00bb hover_enabled=\u00bb0&#8243; use_border_color=\u00bboff\u00bb border_color=\u00bb#ffffff\u00bb border_style=\u00bbsolid\u00bb global_colors_info=\u00bb{}\u00bb text_font_size=\u00bb16px\u00bb sticky_enabled=\u00bb0&#8243;]<\/p>\n<p>En Juli\u00e1n Piscines realizamos <strong>construcciones de piscinas en Vilanova i la Geltr\u00fa<\/strong>. Contamos con muchos a\u00f1os de experiencia en el sector de las reformas y hemos realizado cientos de instalaciones de piscinas en toda la provincia de Barcelona.<\/p>\n<div class=\"w-full border-b border-black\/10 dark:border-gray-900\/50 text-gray-800 dark:text-gray-100 group bg-gray-50 dark:bg-[#444654]\">\n<div class=\"text-base gap-4 md:gap-6 m-auto md:max-w-2xl lg:max-w-2xl xl:max-w-3xl p-4 md:py-6 flex lg:px-0\">\n<div class=\"relative flex w-[calc(100%-50px)] flex-col gap-1 md:gap-3 lg:w-[calc(100%-115px)]\">\n<div class=\"flex flex-grow flex-col gap-3\">\n<div class=\"min-h-[20px] flex flex-col items-start gap-4 whitespace-pre-wrap\">\n<div class=\"markdown prose w-full break-words dark:prose-invert dark\">\n<p>La construcci\u00f3n de piscinas implica una planificaci\u00f3n cuidadosa del dise\u00f1o y la ubicaci\u00f3n. Se debe considerar el tipo de material a utilizar, como concreto, fibra de vidrio o vinilo, y se deben seguir los c\u00f3digos y regulaciones locales. Una vez completada la construcci\u00f3n, el mantenimiento regular es esencial para asegurar la calidad del agua y la seguridad de los usuarios. La contrataci\u00f3n de un profesional experimentado puede ayudar a garantizar un proceso de construcci\u00f3n exitoso y una piscina de alta calidad.<\/p>\n<p><span>Adem\u00e1s de la construcci\u00f3n de piscinas, tambi\u00e9n ofrecemos servicios de mantenimiento y renovaci\u00f3n para garantizar que su piscina se mantenga en \u00f3ptimas condiciones a lo largo del tiempo. Nuestro equipo de expertos puede ayudarlo con cualquier necesidad de mantenimiento, reparaci\u00f3n o actualizaci\u00f3n que pueda surgir.<\/span><\/p>\n<p>&nbsp;<\/p>\n<\/div>\n<\/div>\n<\/div>\n<\/div>\n<\/div>\n<\/div>\n<h2><strong>Los mejores en construcci\u00f3n de piscinas<\/strong><\/h2>\n<p>Mas de 15 a\u00f1os de experiencia en construcci\u00f3n de piscinas de obra.<\/p>\n<p>Ofrecemos construcciones de piscinas en la provincia de Barcelona, tanto de obra como de liner armado de PVC. En nuestras construcciones buscamos siempre la m\u00e1xima calidad para que la estructura se mantenga intacta durante much\u00edsimos a\u00f1os.<\/p>\n<div class=\"w-full border-b border-black\/10 dark:border-gray-900\/50 text-gray-800 dark:text-gray-100 group bg-gray-50 dark:bg-[#444654]\">\n<div class=\"text-base gap-4 md:gap-6 m-auto md:max-w-2xl lg:max-w-2xl xl:max-w-3xl p-4 md:py-6 flex lg:px-0\">\n<div class=\"relative flex w-[calc(100%-50px)] flex-col gap-1 md:gap-3 lg:w-[calc(100%-115px)]\">\n<div class=\"flex flex-grow flex-col gap-3\">\n<div class=\"min-h-[20px] flex flex-col items-start gap-4 whitespace-pre-wrap\">\n<div class=\"markdown prose w-full break-words dark:prose-invert dark\">\n<p>La contrataci\u00f3n de nuestros servicios en la construcci\u00f3n de piscinas le brinda la tranquilidad de trabajar con profesionales experimentados y confiables en el campo. Ofrecemos servicios personalizados y adaptados a sus necesidades y presupuesto. Nos aseguramos de cumplir con los c\u00f3digos y regulaciones locales, y utilizamos materiales de alta calidad para asegurar una construcci\u00f3n duradera y de calidad. Tambi\u00e9n, ofrecemos asesoramiento y mantenimiento continuo para garantizar el mejor rendimiento y la seguridad de su piscina.<\/p>\n<\/div>\n<\/div>\n<\/div>\n<\/div>\n<\/div>\n<\/div>\n<p><span>Si est\u00e1 buscando una empresa de construcci\u00f3n de piscinas confiable y competente, podemos asegurarle que somos la elecci\u00f3n perfecta. Nuestra dedicaci\u00f3n a la calidad, la experiencia de nuestro equipo y nuestro enfoque en la satisfacci\u00f3n del cliente nos convierten en l\u00edderes en la industria de la construcci\u00f3n de piscinas en Vilanova i la Geltr\u00fa. Perm\u00edtanos hacer realidad sus sue\u00f1os acu\u00e1ticos y crear una piscina que se convierta en el centro de diversi\u00f3n y relajaci\u00f3n en su hogar.<\/span><\/p>\n<p>[\/et_pb_text][et_pb_image src=\u00bbhttps:\/\/www.julianpiscinas.com\/wp-content\/uploads\/2018\/02\/piscina-costa-dorada.jpg\u00bb align_tablet=\u00bbcenter\u00bb align_phone=\u00bbcenter\u00bb align_last_edited=\u00bbon|desktop\u00bb _builder_version=\u00bb4.17.4&#8243; hover_enabled=\u00bb0&#8243; use_border_color=\u00bboff\u00bb border_color=\u00bb#ffffff\u00bb border_style=\u00bbsolid\u00bb animation=\u00bbleft\u00bb sticky=\u00bboff\u00bb global_colors_info=\u00bb{}\u00bb sticky_enabled=\u00bb0&#8243;][\/et_pb_image][et_pb_text _builder_version=\u00bb4.17.4&#8243; _module_preset=\u00bbdefault\u00bb hover_enabled=\u00bb0&#8243; global_colors_info=\u00bb{}\u00bb text_font_size=\u00bb16px\u00bb sticky_enabled=\u00bb0&#8243;]<\/p>\n<h3><\/h3>\n<h3>Informaci\u00f3n sobre piscinas en la provincia de Barcelona<\/h3>\n<p>Nuestros profesionales cuentan con a\u00f1os de experiencia en el sector de la construcci\u00f3n de piscinas habiendo realizado cientos de instalaciones de piscinas en toda la provincia de Barcelona.<\/p>\n<p>Si est\u00e1 interesado en una empresa de construcciones de piscinas en <strong>Catalu\u00f1a<\/strong> no dude en contactar con nosotros a trav\u00e9s de nuestro formulario de contacto o a trav\u00e9s de cualquiera de nuestros n\u00fameros de tel\u00e9fono. Expl\u00edquenos como quiere su piscina de ensue\u00f1o y la haremos realidad con el menor tiempo posible.<\/p>\n<p>[\/et_pb_text][et_pb_image src=\u00bbhttps:\/\/www.julianpiscinas.com\/wp-content\/uploads\/2023\/02\/piscinas.jpg\u00bb alt=\u00bbPiscinas Vilanova y la Geltr\u00fa\u00bb title_text=\u00bbPiscinas Vilanova y la Geltr\u00fa\u00bb align=\u00bbcenter\u00bb _builder_version=\u00bb4.17.4&#8243; _module_preset=\u00bbdefault\u00bb hover_enabled=\u00bb0&#8243; global_colors_info=\u00bb{}\u00bb sticky_enabled=\u00bb0&#8243;][\/et_pb_image][\/et_pb_column][et_pb_column type=\u00bb1_4&#8243; _builder_version=\u00bb4.16&#8243; custom_padding=\u00bb|||\u00bb global_colors_info=\u00bb{}\u00bb custom_padding__hover=\u00bb|||\u00bb][et_pb_blog posts_number=\u00bb3&#8243; include_categories=\u00bb6&#8243; show_more=\u00bbon\u00bb show_comments=\u00bbon\u00bb show_pagination=\u00bboff\u00bb _builder_version=\u00bb4.17.4&#8243; hover_enabled=\u00bb0&#8243; use_border_color=\u00bboff\u00bb border_color=\u00bb#ffffff\u00bb border_style=\u00bbsolid\u00bb use_dropshadow=\u00bboff\u00bb global_colors_info=\u00bb{}\u00bb body_font_size=\u00bb16px\u00bb sticky_enabled=\u00bb0&#8243;][\/et_pb_blog][\/et_pb_column][\/et_pb_row][et_pb_row _builder_version=\u00bb4.17.4&#8243; _module_preset=\u00bbdefault\u00bb][et_pb_column _builder_version=\u00bb4.17.4&#8243; _module_preset=\u00bbdefault\u00bb type=\u00bb4_4&#8243;][et_pb_cta title=\u00bb\u00bfNecesita la construcci\u00f3n profesional de una piscina en Vilanova i la Geltr\u00fa?\u00bb button_url=\u00bb@ET-DC@eyJkeW5hbWljIjp0cnVlLCJjb250ZW50IjoicG9zdF9saW5rX3VybF9wYWdlIiwic2V0dGluZ3MiOnsicG9zdF9pZCI6IjIxMSJ9fQ==@\u00bb button_text=\u00bbContactar\u00bb _builder_version=\u00bb4.17.4&#8243; _dynamic_attributes=\u00bbbutton_url\u00bb _module_preset=\u00bbdefault\u00bb background_color=\u00bb#006ac1&#8243; locked=\u00bboff\u00bb global_colors_info=\u00bb{}\u00bb]<\/p>\n<p>Contacta'ns per a m\u00e9s informaci\u00f3 o sobre qualsevol dubte que tingui.<\/p>\n<p>[\/et_pb_cta][\/et_pb_column][\/et_pb_row][et_pb_row column_structure=\u00bb1_2,1_2&#8243; _builder_version=\u00bb4.17.4&#8243; _module_preset=\u00bbdefault\u00bb global_colors_info=\u00bb{}\u00bb][et_pb_column type=\u00bb1_2&#8243; _builder_version=\u00bb4.17.4&#8243; _module_preset=\u00bbdefault\u00bb global_colors_info=\u00bb{}\u00bb][et_pb_image src=\u00bbhttps:\/\/www.julianpiscinas.com\/wp-content\/uploads\/2023\/02\/piscina.jpg\u00bb alt=\u00bbPiscinas Vilanova y la Geltr\u00fa\u00bb title_text=\u00bbPiscinas Vilanova y la Geltr\u00fa\u00bb _builder_version=\u00bb4.17.4&#8243; _module_preset=\u00bbdefault\u00bb hover_enabled=\u00bb0&#8243; global_colors_info=\u00bb{}\u00bb sticky_enabled=\u00bb0&#8243;][\/et_pb_image][\/et_pb_column][et_pb_column type=\u00bb1_2&#8243; _builder_version=\u00bb4.17.4&#8243; _module_preset=\u00bbdefault\u00bb global_colors_info=\u00bb{}\u00bb][et_pb_image src=\u00bbhttps:\/\/www.julianpiscinas.com\/wp-content\/uploads\/2021\/10\/construccion-de-piscinas-mobile.jpg\u00bb alt=\u00bbPiscinas Vilanova y la Geltr\u00fa\u00bb title_text=\u00bbPiscinas Vilanova y la Geltr\u00fa\u00bb _builder_version=\u00bb4.17.4&#8243; _module_preset=\u00bbdefault\u00bb max_width=\u00bb76%\u00bb hover_enabled=\u00bb0&#8243; global_colors_info=\u00bb{}\u00bb sticky_enabled=\u00bb0&#8243;][\/et_pb_image][\/et_pb_column][\/et_pb_row][\/et_pb_section][et_pb_section fb_built=\u00bb1&#8243; custom_padding_last_edited=\u00bbon|desktop\u00bb admin_label=\u00bbSecci\u00f3n\u00bb _builder_version=\u00bb4.17.4&#8243; background_color=\u00bb#006AC1&#8243; custom_padding=\u00bb27px|0px|0px|0px\u00bb custom_padding_tablet=\u00bb50px|0|50px|0&#8243; custom_padding_phone=\u00bb\u00bb transparent_background=\u00bboff\u00bb padding_mobile=\u00bboff\u00bb global_module=\u00bb468&#8243; global_colors_info=\u00bb{}\u00bb][et_pb_row column_structure=\u00bb1_4,1_4,1_4,1_4&#8243; padding_mobile=\u00bboff\u00bb column_padding_mobile=\u00bbon\u00bb _builder_version=\u00bb4.17.4&#8243; background_size=\u00bbinitial\u00bb background_position=\u00bbtop_left\u00bb background_repeat=\u00bbrepeat\u00bb width=\u00bb95%\u00bb max_width=\u00bb1400px\u00bb global_colors_info=\u00bb{}\u00bb][et_pb_column type=\u00bb1_4&#8243; _builder_version=\u00bb4.16&#8243; custom_padding=\u00bb|||\u00bb global_colors_info=\u00bb{}\u00bb custom_padding__hover=\u00bb|||\u00bb][et_pb_blurb title=\u00bbUBICACI\u00d3N\u00bb use_icon=\u00bbon\u00bb font_icon=\u00bb&#x52;||divi||400&#8243; icon_color=\u00bb#efef9e\u00bb icon_placement=\u00bbleft\u00bb _builder_version=\u00bb4.17.4&#8243; header_text_color=\u00bb#FFFFFF\u00bb body_text_color=\u00bb#FFFFFF\u00bb background_color=\u00bbRGBA(255,255,255,0)\u00bb background_layout=\u00bbdark\u00bb use_border_color=\u00bboff\u00bb global_colors_info=\u00bb{}\u00bb]<\/p>\n<p>Bloc Sant Tom\u00e0s. Esc. E 5\u00ba-1\u00aa<br \/>43007 &#8211; Sant Pau i Sant Pere (Tarragona)<\/p>\n<p>[\/et_pb_blurb][\/et_pb_column][et_pb_column type=\u00bb1_4&#8243; _builder_version=\u00bb4.16&#8243; custom_padding=\u00bb|||\u00bb global_colors_info=\u00bb{}\u00bb custom_padding__hover=\u00bb|||\u00bb][et_pb_blurb title=\u00bbCONTACTO\u00bb use_icon=\u00bbon\u00bb font_icon=\u00bb&#x52;||divi||400&#8243; icon_color=\u00bb#efef9e\u00bb icon_placement=\u00bbleft\u00bb _builder_version=\u00bb4.17.4&#8243; header_text_color=\u00bb#FFFFFF\u00bb body_text_color=\u00bb#FFFFFF\u00bb body_link_text_color=\u00bb#9bfffb\u00bb body_link_line_height=\u00bb2em\u00bb background_color=\u00bbRGBA(255,255,255,0)\u00bb background_layout=\u00bbdark\u00bb use_border_color=\u00bboff\u00bb global_colors_info=\u00bb{}\u00bb]<\/p>\n<p>M\u00f2bil: <strong><a href=\"tel: 34600811678\">600 811 678<\/a><\/strong><br \/>M\u00f2bil: <strong> <a href=\"tel: 34671581032\">671 581 032<\/a><\/strong><\/p>\n<p>[\/et_pb_blurb][\/et_pb_column][et_pb_column type=\u00bb1_4&#8243; _builder_version=\u00bb4.16&#8243; custom_padding=\u00bb|||\u00bb global_colors_info=\u00bb{}\u00bb custom_padding__hover=\u00bb|||\u00bb][et_pb_blurb title=\u00bbHORARIO\u00bb use_icon=\u00bbon\u00bb font_icon=\u00bb&#x52;||divi||400&#8243; icon_color=\u00bb#efef9e\u00bb icon_placement=\u00bbleft\u00bb _builder_version=\u00bb4.17.4&#8243; header_text_color=\u00bb#FFFFFF\u00bb body_text_color=\u00bb#FFFFFF\u00bb background_color=\u00bbRGBA(255,255,255,0)\u00bb background_layout=\u00bbdark\u00bb use_border_color=\u00bboff\u00bb global_colors_info=\u00bb{}\u00bb]<\/p>\n<p>Dilluns a Divendres<br \/>09.00h a 13.30h<br \/>17.00h a 19.00h<br \/>Dissabte:<br \/>09.00 a 13.30h<\/p>\n<p>[\/et_pb_blurb][\/et_pb_column][et_pb_column type=\u00bb1_4&#8243; _builder_version=\u00bb4.16&#8243; custom_padding=\u00bb|||\u00bb global_colors_info=\u00bb{}\u00bb custom_padding__hover=\u00bb|||\u00bb][et_pb_blurb title=\u00bbREDES SOCIALES\u00bb url=\u00bbhttps:\/\/goo.gl\/maps\/XPoazdzeDdy\u00bb use_icon=\u00bbon\u00bb font_icon=\u00bb&#x52;||divi||400&#8243; icon_color=\u00bb#efef9e\u00bb icon_placement=\u00bbleft\u00bb _builder_version=\u00bb4.17.4&#8243; header_text_color=\u00bb#FFFFFF\u00bb body_text_color=\u00bb#FFFFFF\u00bb background_color=\u00bbRGBA(255,255,255,0)\u00bb background_layout=\u00bbdark\u00bb use_border_color=\u00bboff\u00bb global_colors_info=\u00bb{}\u00bb][\/et_pb_blurb][et_pb_social_media_follow _builder_version=\u00bb4.17.4&#8243; _module_preset=\u00bbdefault\u00bb global_colors_info=\u00bb{}\u00bb][et_pb_social_media_follow_network social_network=\u00bbfacebook\u00bb url=\u00bbhttps:\/\/www.facebook.com\/profile.php?id=100057597542963&#8243; _builder_version=\u00bb4.17.4&#8243; _module_preset=\u00bbdefault\u00bb background_color=\u00bb#3b5998&#8243; global_colors_info=\u00bb{}\u00bb follow_button=\u00bboff\u00bb url_new_window=\u00bbon\u00bb]facebook[\/et_pb_social_media_follow_network][et_pb_social_media_follow_network social_network=\u00bbinstagram\u00bb url=\u00bbhttps:\/\/www.instagram.com\/julianpiscinas\/\u00bb _builder_version=\u00bb4.17.4&#8243; _module_preset=\u00bbdefault\u00bb background_color=\u00bb#ea2c59&#8243; global_colors_info=\u00bb{}\u00bb follow_button=\u00bboff\u00bb url_new_window=\u00bbon\u00bb]instagram[\/et_pb_social_media_follow_network][et_pb_social_media_follow_network social_network=\u00bbyoutube\u00bb url=\u00bbhttps:\/\/www.youtube.com\/channel\/UCvx5x4LoATHWd1GUWQM8fYA\u00bb _builder_version=\u00bb4.17.4&#8243; _module_preset=\u00bbdefault\u00bb background_color=\u00bb#a82400&#8243; global_colors_info=\u00bb{}\u00bb follow_button=\u00bboff\u00bb url_new_window=\u00bbon\u00bb]youtube[\/et_pb_social_media_follow_network][et_pb_social_media_follow_network social_network=\u00bbgoogle\u00bb url=\u00bbhttps:\/\/goo.gl\/maps\/gq2kHcXktgK2&#8243; _builder_version=\u00bb4.17.4&#8243; _module_preset=\u00bbdefault\u00bb background_color=\u00bb#4285f4&#8243; global_colors_info=\u00bb{}\u00bb follow_button=\u00bboff\u00bb url_new_window=\u00bbon\u00bb]google[\/et_pb_social_media_follow_network][et_pb_social_media_follow_network social_network=\u00bblinkedin\u00bb url=\u00bbhttps:\/\/www.linkedin.com\/in\/julian-piscinas-86a250173\/\u00bb _builder_version=\u00bb4.17.4&#8243; _module_preset=\u00bbdefault\u00bb background_color=\u00bb#004472&#8243; background_enable_color=\u00bbon\u00bb global_colors_info=\u00bb{}\u00bb follow_button=\u00bboff\u00bb url_new_window=\u00bbon\u00bb]linkedin[\/et_pb_social_media_follow_network][\/et_pb_social_media_follow][\/et_pb_column][\/et_pb_row][\/et_pb_section]<\/p>","protected":false},"excerpt":{"rendered":"<p>Somos expertos con a\u00f1os de experiencia en la construcci\u00f3n de todo tipo de piscinas en Vilanova i la Geltr\u00faExpertos en construcciones de piscinas en Vilanova i la Geltr\u00faEn Juli\u00e1n Piscines realizamos construcciones de piscinas en Vilanova i la Geltr\u00fa. Contamos con muchos a\u00f1os de experiencia en el sector de las reformas y hemos realizado cientos [&hellip;]<\/p>","protected":false},"author":1,"featured_media":0,"parent":0,"menu_order":0,"comment_status":"closed","ping_status":"closed","template":"","meta":{"_et_pb_use_builder":"on","_et_pb_old_content":"","_et_gb_content_width":"","footnotes":""},"class_list":["post-900","page","type-page","status-publish","hentry"],"yoast_head":"<!-- This site is optimized with the Yoast SEO plugin v23.2 - https:\/\/yoast.com\/wordpress\/plugins\/seo\/ -->\n<title>Piscinas Vilanova y la Geltr\u00fa<\/title>\n<meta name=\"description\" content=\"En Juli\u00e1n Piscines realizamos construcciones de piscinas en Vilanova i la geltr\u00fa. Hemos realizado cientos de instalaciones de piscinas en toda la provincia de Barcelona.\" \/>\n<meta name=\"robots\" content=\"index, follow, max-snippet:-1, max-image-preview:large, max-video-preview:-1\" \/>\n<link rel=\"canonical\" href=\"https:\/\/www.julianpiscinas.com\/ca\/piscinas-vilanova-y-la-geltru\/\" \/>\n<meta property=\"og:locale\" content=\"ca_ES\" \/>\n<meta property=\"og:type\" content=\"article\" \/>\n<meta property=\"og:title\" content=\"Piscinas Vilanova y la Geltr\u00fa\" \/>\n<meta property=\"og:description\" content=\"En Juli\u00e1n Piscines realizamos construcciones de piscinas en Vilanova i la geltr\u00fa. Hemos realizado cientos de instalaciones de piscinas en toda la provincia de Barcelona.\" \/>\n<meta property=\"og:url\" content=\"https:\/\/www.julianpiscinas.com\/ca\/piscinas-vilanova-y-la-geltru\/\" \/>\n<meta property=\"og:site_name\" content=\"Jul\u00ed\u00e1n Piscines | construcci\u00f3n de piscinas | mantenimiento y reformas de piscinas | art\u00edculos y materiales de piscina\" \/>\n<meta property=\"article:modified_time\" content=\"2023-06-19T11:41:28+00:00\" \/>\n<meta name=\"twitter:card\" content=\"summary_large_image\" \/>\n<meta name=\"twitter:label1\" content=\"Temps estimat de lectura\" \/>\n\t<meta name=\"twitter:data1\" content=\"2 minuts\" \/>\n<script type=\"application\/ld+json\" class=\"yoast-schema-graph\">{\"@context\":\"https:\/\/schema.org\",\"@graph\":[{\"@type\":\"WebPage\",\"@id\":\"https:\/\/www.julianpiscinas.com\/piscinas-vilanova-y-la-geltru\/\",\"url\":\"https:\/\/www.julianpiscinas.com\/piscinas-vilanova-y-la-geltru\/\",\"name\":\"Piscinas Vilanova y la Geltr\u00fa\",\"isPartOf\":{\"@id\":\"https:\/\/www.julianpiscinas.com\/#website\"},\"datePublished\":\"2018-05-15T09:48:53+00:00\",\"dateModified\":\"2023-06-19T11:41:28+00:00\",\"description\":\"En Juli\u00e1n Piscines realizamos construcciones de piscinas en Vilanova i la geltr\u00fa. Hemos realizado cientos de instalaciones de piscinas en toda la provincia de Barcelona.\",\"breadcrumb\":{\"@id\":\"https:\/\/www.julianpiscinas.com\/piscinas-vilanova-y-la-geltru\/#breadcrumb\"},\"inLanguage\":\"ca\",\"potentialAction\":[{\"@type\":\"ReadAction\",\"target\":[\"https:\/\/www.julianpiscinas.com\/piscinas-vilanova-y-la-geltru\/\"]}]},{\"@type\":\"BreadcrumbList\",\"@id\":\"https:\/\/www.julianpiscinas.com\/piscinas-vilanova-y-la-geltru\/#breadcrumb\",\"itemListElement\":[{\"@type\":\"ListItem\",\"position\":1,\"name\":\"Portada\",\"item\":\"https:\/\/www.julianpiscinas.com\/\"},{\"@type\":\"ListItem\",\"position\":2,\"name\":\"Piscinas Vilanova y la Geltr\u00fa\"}]},{\"@type\":\"WebSite\",\"@id\":\"https:\/\/www.julianpiscinas.com\/#website\",\"url\":\"https:\/\/www.julianpiscinas.com\/\",\"name\":\"Jul\u00ed\u00e1n Piscines | construcci\u00f3n de piscinas | mantenimiento y reformas de piscinas | art\u00edculos y materiales de piscina\",\"description\":\"Construcci\u00f3n y instalaci\u00f3n de piscinas en Els Pallaresos\",\"potentialAction\":[{\"@type\":\"SearchAction\",\"target\":{\"@type\":\"EntryPoint\",\"urlTemplate\":\"https:\/\/www.julianpiscinas.com\/?s={search_term_string}\"},\"query-input\":\"required name=search_term_string\"}],\"inLanguage\":\"ca\"}]}<\/script>\n<!-- \/ Yoast SEO plugin. -->","yoast_head_json":{"title":"Piscinas Vilanova y la Geltr\u00fa","description":"En Juli\u00e1n Piscines realizamos construcciones de piscinas en Vilanova i la geltr\u00fa. Hemos realizado cientos de instalaciones de piscinas en toda la provincia de Barcelona.","robots":{"index":"index","follow":"follow","max-snippet":"max-snippet:-1","max-image-preview":"max-image-preview:large","max-video-preview":"max-video-preview:-1"},"canonical":"https:\/\/www.julianpiscinas.com\/ca\/piscinas-vilanova-y-la-geltru\/","og_locale":"ca_ES","og_type":"article","og_title":"Piscinas Vilanova y la Geltr\u00fa","og_description":"En Juli\u00e1n Piscines realizamos construcciones de piscinas en Vilanova i la geltr\u00fa. Hemos realizado cientos de instalaciones de piscinas en toda la provincia de Barcelona.","og_url":"https:\/\/www.julianpiscinas.com\/ca\/piscinas-vilanova-y-la-geltru\/","og_site_name":"Jul\u00ed\u00e1n Piscines | construcci\u00f3n de piscinas | mantenimiento y reformas de piscinas | art\u00edculos y materiales de piscina","article_modified_time":"2023-06-19T11:41:28+00:00","twitter_card":"summary_large_image","twitter_misc":{"Temps estimat de lectura":"2 minuts"},"schema":{"@context":"https:\/\/schema.org","@graph":[{"@type":"WebPage","@id":"https:\/\/www.julianpiscinas.com\/piscinas-vilanova-y-la-geltru\/","url":"https:\/\/www.julianpiscinas.com\/piscinas-vilanova-y-la-geltru\/","name":"Piscinas Vilanova y la Geltr\u00fa","isPartOf":{"@id":"https:\/\/www.julianpiscinas.com\/#website"},"datePublished":"2018-05-15T09:48:53+00:00","dateModified":"2023-06-19T11:41:28+00:00","description":"En Juli\u00e1n Piscines realizamos construcciones de piscinas en Vilanova i la geltr\u00fa. Hemos realizado cientos de instalaciones de piscinas en toda la provincia de Barcelona.","breadcrumb":{"@id":"https:\/\/www.julianpiscinas.com\/piscinas-vilanova-y-la-geltru\/#breadcrumb"},"inLanguage":"ca","potentialAction":[{"@type":"ReadAction","target":["https:\/\/www.julianpiscinas.com\/piscinas-vilanova-y-la-geltru\/"]}]},{"@type":"BreadcrumbList","@id":"https:\/\/www.julianpiscinas.com\/piscinas-vilanova-y-la-geltru\/#breadcrumb","itemListElement":[{"@type":"ListItem","position":1,"name":"Portada","item":"https:\/\/www.julianpiscinas.com\/"},{"@type":"ListItem","position":2,"name":"Piscinas Vilanova y la Geltr\u00fa"}]},{"@type":"WebSite","@id":"https:\/\/www.julianpiscinas.com\/#website","url":"https:\/\/www.julianpiscinas.com\/","name":"Jul\u00ed\u00e1n Piscines | construcci\u00f3n de piscinas | mantenimiento y reformas de piscinas | art\u00edculos y materiales de piscina","description":"Construcci\u00f3n y instalaci\u00f3n de piscinas en Els Pallaresos","potentialAction":[{"@type":"SearchAction","target":{"@type":"EntryPoint","urlTemplate":"https:\/\/www.julianpiscinas.com\/?s={search_term_string}"},"query-input":"required name=search_term_string"}],"inLanguage":"ca"}]}},"_links":{"self":[{"href":"https:\/\/www.julianpiscinas.com\/ca\/wp-json\/wp\/v2\/pages\/900","targetHints":{"allow":["GET"]}}],"collection":[{"href":"https:\/\/www.julianpiscinas.com\/ca\/wp-json\/wp\/v2\/pages"}],"about":[{"href":"https:\/\/www.julianpiscinas.com\/ca\/wp-json\/wp\/v2\/types\/page"}],"author":[{"embeddable":true,"href":"https:\/\/www.julianpiscinas.com\/ca\/wp-json\/wp\/v2\/users\/1"}],"replies":[{"embeddable":true,"href":"https:\/\/www.julianpiscinas.com\/ca\/wp-json\/wp\/v2\/comments?post=900"}],"version-history":[{"count":11,"href":"https:\/\/www.julianpiscinas.com\/ca\/wp-json\/wp\/v2\/pages\/900\/revisions"}],"predecessor-version":[{"id":2153,"href":"https:\/\/www.julianpiscinas.com\/ca\/wp-json\/wp\/v2\/pages\/900\/revisions\/2153"}],"wp:attachment":[{"href":"https:\/\/www.julianpiscinas.com\/ca\/wp-json\/wp\/v2\/media?parent=900"}],"curies":[{"name":"wp","href":"https:\/\/api.w.org\/{rel}","templated":true}]}}