{"id":723,"date":"2017-02-20T10:09:55","date_gmt":"2017-02-20T10:09:55","guid":{"rendered":"http:\/\/www.julianpiscinas.com\/?page_id=723"},"modified":"2023-02-15T11:50:32","modified_gmt":"2023-02-15T11:50:32","slug":"hormigon-impreso-vendrell","status":"publish","type":"page","link":"https:\/\/www.julianpiscinas.com\/ca\/hormigon-impreso-vendrell\/","title":{"rendered":"Formig\u00f3 impr\u00e8s al Vendrell"},"content":{"rendered":"<p>[et_pb_section fb_built=\u00bb1&#8243; theme_builder_area=\u00bbpost_content\u00bb _builder_version=\u00bb4.17.4&#8243; _module_preset=\u00bbdefault\u00bb custom_padding=\u00bb100px||100px||true|false\u00bb hover_enabled=\u00bb0&#8243; sticky_enabled=\u00bb0&#8243; alt=\u00bbhormigon impreso en Tarragona\u00bb title_text=\u00bbhormigon impreso en Tarragona\u00bb background_image=\u00bbhttps:\/\/www.julianpiscinas.com\/wp-content\/uploads\/2022\/08\/hormigon-impreso-en-Tarragona-scaled.jpg\u00bb][et_pb_row _builder_version=\u00bb4.17.4&#8243; _module_preset=\u00bbdefault\u00bb theme_builder_area=\u00bbpost_content\u00bb][et_pb_column _builder_version=\u00bb4.17.4&#8243; _module_preset=\u00bbdefault\u00bb type=\u00bb4_4&#8243; theme_builder_area=\u00bbpost_content\u00bb][et_pb_text _builder_version=\u00bb4.17.4&#8243; _module_preset=\u00bbdefault\u00bb theme_builder_area=\u00bbpost_content\u00bb hover_enabled=\u00bb0&#8243; sticky_enabled=\u00bb0&#8243;]<\/p>\n<h1 style=\"text-align: center;\"><strong>Hormig\u00f3n impreso en El Vendrell<\/strong><\/h1>\n<p>[\/et_pb_text][\/et_pb_column][\/et_pb_row][\/et_pb_section][et_pb_section fb_built=\u00bb1&#8243; admin_label=\u00bbsection\u00bb _builder_version=\u00bb4.16&#8243; global_colors_info=\u00bb{}\u00bb][et_pb_row column_structure=\u00bb3_4,1_4&#8243; admin_label=\u00bbFila\u00bb _builder_version=\u00bb4.17.4&#8243; background_size=\u00bbinitial\u00bb background_position=\u00bbtop_left\u00bb background_repeat=\u00bbrepeat\u00bb width=\u00bb70%\u00bb max_width=\u00bb70%\u00bb global_colors_info=\u00bb{}\u00bb][et_pb_column type=\u00bb3_4&#8243; _builder_version=\u00bb4.16&#8243; custom_padding=\u00bb|||\u00bb global_colors_info=\u00bb{}\u00bb custom_padding__hover=\u00bb|||\u00bb][et_pb_text admin_label=\u00bbTexto\u00bb _builder_version=\u00bb4.17.4&#8243; background_size=\u00bbinitial\u00bb background_position=\u00bbtop_left\u00bb background_repeat=\u00bbrepeat\u00bb text_orientation=\u00bbjustified\u00bb hover_enabled=\u00bb0&#8243; use_border_color=\u00bboff\u00bb border_color=\u00bb#ffffff\u00bb border_style=\u00bbsolid\u00bb global_colors_info=\u00bb{}\u00bb sticky_enabled=\u00bb0&#8243;]<\/p>\n<h2 style=\"text-align: left;\"><strong>Instalamos<\/strong>\u00a0<strong>hormig\u00f3n impreso en El Vendrell<\/strong><\/h2>\n<p><strong><\/strong><\/p>\n<p style=\"text-align: justify;\">El hormig\u00f3n impreso se suele instalar en algunos lugares en forma de que el suelo quede decorativo, se suele instalar alrededor de las piscinas, jardines, terrazas, etc.<\/p>\n<p style=\"text-align: justify;\">A lo largo del tiempo hemos ido aprendiendo nuevas t\u00e9cnicas y perfeccionando nuestra manera de instalar el hormig\u00f3n impreso. Dando como resultado de este proceso una instalaci\u00f3n y entrega de obra de lo m\u00e1s r\u00e1pida y eficiente posible.<\/p>\n<p style=\"text-align: justify;\"><a href=\"https:\/\/www.julianpiscinas.com\/wp-content\/uploads\/2016\/04\/IMG_4723.jpg\"><img loading=\"lazy\" decoding=\"async\" data-src=\"https:\/\/www.julianpiscinas.com\/wp-content\/uploads\/2016\/04\/IMG_4723-225x300.jpg\" width=\"225\" height=\"300\" alt=\"Suelo estampado hormigon impreso exterior\" class=\"wp-image-677 alignright size-medium lazyload\" data-srcset=\"https:\/\/www.julianpiscinas.com\/wp-content\/uploads\/2016\/04\/IMG_4723-225x300.jpg 225w,  https:\/\/www.julianpiscinas.com\/wp-content\/uploads\/2016\/04\/IMG_4723-510x680.jpg 510w,  https:\/\/www.julianpiscinas.com\/wp-content\/uploads\/2016\/04\/IMG_4723.jpg 600w\" data-sizes=\"auto, (max-width: 225px) 100vw, 225px\" src=\"data:image\/gif;base64,R0lGODlhAQABAAAAACH5BAEKAAEALAAAAAABAAEAAAICTAEAOw==\" style=\"--smush-placeholder-width: 225px; --smush-placeholder-aspect-ratio: 225\/300;\" \/><noscript><img loading=\"lazy\" decoding=\"async\" src=\"https:\/\/www.julianpiscinas.com\/wp-content\/uploads\/2016\/04\/IMG_4723-225x300.jpg\" width=\"225\" height=\"300\" alt=\"Suelo estampado hormigon impreso exterior\" class=\"wp-image-677 alignright size-medium\" srcset=\"https:\/\/www.julianpiscinas.com\/wp-content\/uploads\/2016\/04\/IMG_4723-225x300.jpg 225w,  https:\/\/www.julianpiscinas.com\/wp-content\/uploads\/2016\/04\/IMG_4723-510x680.jpg 510w,  https:\/\/www.julianpiscinas.com\/wp-content\/uploads\/2016\/04\/IMG_4723.jpg 600w\" sizes=\"auto, (max-width: 225px) 100vw, 225px\" \/><\/noscript><\/a>Disponemos de muchos modelos de hormig\u00f3n impreso para adaptar a las necesidades est\u00e9ticas de su proyecto. Sabemos que cada construcci\u00f3n requiere un estampado decorativo diferente por ello ofrecemos a nuestros clientes una gran variedad de hormigones decorativos, el abanico de opciones se encuentra en continua expansi\u00f3n. En caso de que no guste ninguno buscamos ampliar a\u00fan m\u00e1s el catalogo buscando nuevos dise\u00f1os seg\u00fan las necesidades del cliente.<\/p>\n<h2 style=\"text-align: justify;\"><\/h2>\n<h2 style=\"text-align: justify;\">Ventajas del hormig\u00f3n impreso en El Vendrell<\/h2>\n<p style=\"text-align: justify;\"><span>Es una soluci\u00f3n econ\u00f3mica de construcci\u00f3n<\/span><br \/><span>Es Impermeable, no resbala<\/span><br \/><span>Es un material resistente a rayos ultravioleta\u00a0<\/span><br \/><span>Su brillo dura hasta 5 a\u00f1os y su retoque es muy econ\u00f3mico.<\/span><br \/><span>Adaptable a cualquier entorno(exterior\/interior)<\/span><br \/><span>Se pueden elegir en gran variedad de colores y acabados<\/span><br \/><span>Uno de los materiales de construcci\u00f3n m\u00e1s resistentes a los \u00e1cidos<\/span><br \/><span>Es un material muy resistente a pesar de que no cuente con grandes espesores y, al contrario del asfalto, no se deforma con el tiempo.<\/span><br \/><span>Evitar\u00e1 plagas. Como el hormig\u00f3n impreso es una capa continua, evita que existan espacios vac\u00edos con lo cual los insectos no pueden instalarse dentro de los t\u00edpicos huecos que quedan con otros materiales.<\/span><\/p>\n<h2 style=\"text-align: justify;\"><\/h2>\n<h2 style=\"text-align: justify;\">Aprovecha las ventajas del pavimiento estampado<\/h2>\n<p style=\"text-align: justify;\">Si est\u00e1 interesado en instalar hormig\u00f3n impreso en Vendrell <strong>no dude en contactar con nosotros a trav\u00e9s de nuestro <a href=\"https:\/\/www.julianpiscinas.com\/ca\/contacto-julian-i-olano-piscines\/\">formulario de contacto<\/a><\/strong> o a trav\u00e9s de cualquiera de nuestros n\u00fameros de tel\u00e9fono.<\/p>\n<p>[\/et_pb_text][et_pb_cta title=\u00bbPROFESIONALES DEL HORMIG\u00d3N IMPRESO\u00bb button_url=\u00bb\/contacto-julian-i-olano-piscines\/\u00bb button_text=\u00bbCONTACTA CON NOSOTROS\u00bb _builder_version=\u00bb4.16&#8243; background_color=\u00bb#09077f\u00bb custom_button=\u00bbon\u00bb button_border_color=\u00bb#e02b20&#8243; button_icon=\u00bb&#xe010;||divi||400&#8243; global_colors_info=\u00bb{}\u00bb]<\/p>\n<p style=\"text-align: justify;\">Trabajos de instalaci\u00f3n y mantenimiento de hormig\u00f3n impreso al mejor precio en la provincia de Tarragona.<\/p>\n<p style=\"text-align: justify;\">Suelos y revestimientos de paredes en hormig\u00f3n impreso. Variedad de dise\u00f1os y acabados.<\/p>\n<p>[\/et_pb_cta][et_pb_image src=\u00bbhttps:\/\/www.julianpiscinas.com\/wp-content\/uploads\/2022\/08\/hormigon-impreso-en-Tarragona-scaled.jpg\u00bb alt=\u00bbHormig\u00f3n impreso en El Vendrell\u00bb title_text=\u00bbHormig\u00f3n impreso en El Vendrell\u00bb align=\u00bbcenter\u00bb force_fullwidth=\u00bbon\u00bb align_tablet=\u00bbcenter\u00bb align_phone=\u00bb\u00bb align_last_edited=\u00bbon|desktop\u00bb admin_label=\u00bbImagen\u00bb _builder_version=\u00bb4.17.4&#8243; animation_style=\u00bbslide\u00bb animation_direction=\u00bbleft\u00bb animation_duration=\u00bb500ms\u00bb animation_intensity_slide=\u00bb10%\u00bb hover_enabled=\u00bb0&#8243; use_border_color=\u00bboff\u00bb border_color=\u00bb#ffffff\u00bb border_style=\u00bbsolid\u00bb animation=\u00bbleft\u00bb sticky=\u00bboff\u00bb global_colors_info=\u00bb{}\u00bb sticky_enabled=\u00bb0&#8243;] [\/et_pb_image][\/et_pb_column][et_pb_column type=\u00bb1_4&#8243; _builder_version=\u00bb4.16&#8243; custom_padding=\u00bb|||\u00bb global_colors_info=\u00bb{}\u00bb custom_padding__hover=\u00bb|||\u00bb][et_pb_blog posts_number=\u00bb3&#8243; include_categories=\u00bb6&#8243; show_more=\u00bbon\u00bb show_comments=\u00bbon\u00bb show_pagination=\u00bboff\u00bb admin_label=\u00bbBlog\u00bb _builder_version=\u00bb4.17.4&#8243; hover_enabled=\u00bb0&#8243; use_border_color=\u00bboff\u00bb border_color=\u00bb#ffffff\u00bb border_style=\u00bbsolid\u00bb use_dropshadow=\u00bboff\u00bb global_colors_info=\u00bb{}\u00bb sticky_enabled=\u00bb0&#8243;] [\/et_pb_blog][\/et_pb_column][\/et_pb_row][et_pb_row _builder_version=\u00bb4.17.4&#8243; _module_preset=\u00bbdefault\u00bb column_structure=\u00bb1_2,1_2&#8243; max_width=\u00bb70%\u00bb width=\u00bb70%\u00bb hover_enabled=\u00bb0&#8243; sticky_enabled=\u00bb0&#8243;][et_pb_column _builder_version=\u00bb4.17.4&#8243; _module_preset=\u00bbdefault\u00bb type=\u00bb1_2&#8243;][et_pb_image src=\u00bbhttps:\/\/www.julianpiscinas.com\/wp-content\/uploads\/2016\/04\/1.jpg\u00bb _builder_version=\u00bb4.17.4&#8243; _module_preset=\u00bbdefault\u00bb alt=\u00bbHormig\u00f3n impreso en El Vendrell\u00bb title_text=\u00bbHormig\u00f3n impreso en El Vendrell\u00bb hover_enabled=\u00bb0&#8243; sticky_enabled=\u00bb0&#8243;][\/et_pb_image][\/et_pb_column][et_pb_column _builder_version=\u00bb4.17.4&#8243; _module_preset=\u00bbdefault\u00bb type=\u00bb1_2&#8243;][et_pb_image src=\u00bbhttps:\/\/www.julianpiscinas.com\/wp-content\/uploads\/2016\/04\/7.jpg\u00bb _builder_version=\u00bb4.17.4&#8243; _module_preset=\u00bbdefault\u00bb alt=\u00bbHormig\u00f3n impreso en El Vendrell\u00bb title_text=\u00bbHormig\u00f3n impreso en El Vendrell\u00bb hover_enabled=\u00bb0&#8243; sticky_enabled=\u00bb0&#8243;][\/et_pb_image][\/et_pb_column][\/et_pb_row][\/et_pb_section][et_pb_section fb_built=\u00bb1&#8243; custom_padding_last_edited=\u00bbon|desktop\u00bb admin_label=\u00bbSecci\u00f3n\u00bb _builder_version=\u00bb4.17.4&#8243; background_color=\u00bb#006AC1&#8243; custom_padding=\u00bb27px|0px|0px|0px\u00bb custom_padding_tablet=\u00bb50px|0|50px|0&#8243; custom_padding_phone=\u00bb\u00bb transparent_background=\u00bboff\u00bb padding_mobile=\u00bboff\u00bb global_module=\u00bb468&#8243; global_colors_info=\u00bb{}\u00bb][et_pb_row column_structure=\u00bb1_4,1_4,1_4,1_4&#8243; padding_mobile=\u00bboff\u00bb column_padding_mobile=\u00bbon\u00bb _builder_version=\u00bb4.17.4&#8243; background_size=\u00bbinitial\u00bb background_position=\u00bbtop_left\u00bb background_repeat=\u00bbrepeat\u00bb width=\u00bb95%\u00bb max_width=\u00bb1400px\u00bb global_colors_info=\u00bb{}\u00bb][et_pb_column type=\u00bb1_4&#8243; _builder_version=\u00bb4.16&#8243; custom_padding=\u00bb|||\u00bb global_colors_info=\u00bb{}\u00bb custom_padding__hover=\u00bb|||\u00bb][et_pb_blurb title=\u00bbUBICACI\u00d3N\u00bb use_icon=\u00bbon\u00bb font_icon=\u00bb&#x52;||divi||400&#8243; icon_color=\u00bb#efef9e\u00bb icon_placement=\u00bbleft\u00bb _builder_version=\u00bb4.17.4&#8243; header_text_color=\u00bb#FFFFFF\u00bb body_text_color=\u00bb#FFFFFF\u00bb background_color=\u00bbRGBA(255,255,255,0)\u00bb background_layout=\u00bbdark\u00bb use_border_color=\u00bboff\u00bb global_colors_info=\u00bb{}\u00bb]<\/p>\n<p>Bloc Sant Tom\u00e0s. Esc. E 5\u00ba-1\u00aa<br \/>43007 &#8211; Sant Pau i Sant Pere (Tarragona)<\/p>\n<p>[\/et_pb_blurb][\/et_pb_column][et_pb_column type=\u00bb1_4&#8243; _builder_version=\u00bb4.16&#8243; custom_padding=\u00bb|||\u00bb global_colors_info=\u00bb{}\u00bb custom_padding__hover=\u00bb|||\u00bb][et_pb_blurb title=\u00bbCONTACTO\u00bb use_icon=\u00bbon\u00bb font_icon=\u00bb&#x52;||divi||400&#8243; icon_color=\u00bb#efef9e\u00bb icon_placement=\u00bbleft\u00bb _builder_version=\u00bb4.17.4&#8243; header_text_color=\u00bb#FFFFFF\u00bb body_text_color=\u00bb#FFFFFF\u00bb body_link_text_color=\u00bb#9bfffb\u00bb body_link_line_height=\u00bb2em\u00bb background_color=\u00bbRGBA(255,255,255,0)\u00bb background_layout=\u00bbdark\u00bb use_border_color=\u00bboff\u00bb global_colors_info=\u00bb{}\u00bb]<\/p>\n<p>M\u00f2bil: <strong><a href=\"tel: 34600811678\">600 811 678<\/a><\/strong><br \/>M\u00f2bil: <strong> <a href=\"tel: 34671581032\">671 581 032<\/a><\/strong><\/p>\n<p>[\/et_pb_blurb][\/et_pb_column][et_pb_column type=\u00bb1_4&#8243; _builder_version=\u00bb4.16&#8243; custom_padding=\u00bb|||\u00bb global_colors_info=\u00bb{}\u00bb custom_padding__hover=\u00bb|||\u00bb][et_pb_blurb title=\u00bbHORARIO\u00bb use_icon=\u00bbon\u00bb font_icon=\u00bb&#x52;||divi||400&#8243; icon_color=\u00bb#efef9e\u00bb icon_placement=\u00bbleft\u00bb _builder_version=\u00bb4.17.4&#8243; header_text_color=\u00bb#FFFFFF\u00bb body_text_color=\u00bb#FFFFFF\u00bb background_color=\u00bbRGBA(255,255,255,0)\u00bb background_layout=\u00bbdark\u00bb use_border_color=\u00bboff\u00bb global_colors_info=\u00bb{}\u00bb]<\/p>\n<p>Dilluns a Divendres<br \/>09.00h a 13.30h<br \/>17.00h a 19.00h<br \/>Dissabte:<br \/>09.00 a 13.30h<\/p>\n<p>[\/et_pb_blurb][\/et_pb_column][et_pb_column type=\u00bb1_4&#8243; _builder_version=\u00bb4.16&#8243; custom_padding=\u00bb|||\u00bb global_colors_info=\u00bb{}\u00bb custom_padding__hover=\u00bb|||\u00bb][et_pb_blurb title=\u00bbREDES SOCIALES\u00bb url=\u00bbhttps:\/\/goo.gl\/maps\/XPoazdzeDdy\u00bb use_icon=\u00bbon\u00bb font_icon=\u00bb&#x52;||divi||400&#8243; icon_color=\u00bb#efef9e\u00bb icon_placement=\u00bbleft\u00bb _builder_version=\u00bb4.17.4&#8243; header_text_color=\u00bb#FFFFFF\u00bb body_text_color=\u00bb#FFFFFF\u00bb background_color=\u00bbRGBA(255,255,255,0)\u00bb background_layout=\u00bbdark\u00bb use_border_color=\u00bboff\u00bb global_colors_info=\u00bb{}\u00bb][\/et_pb_blurb][et_pb_social_media_follow _builder_version=\u00bb4.17.4&#8243; _module_preset=\u00bbdefault\u00bb global_colors_info=\u00bb{}\u00bb][et_pb_social_media_follow_network social_network=\u00bbfacebook\u00bb url=\u00bbhttps:\/\/www.facebook.com\/profile.php?id=100057597542963&#8243; _builder_version=\u00bb4.17.4&#8243; _module_preset=\u00bbdefault\u00bb background_color=\u00bb#3b5998&#8243; global_colors_info=\u00bb{}\u00bb follow_button=\u00bboff\u00bb url_new_window=\u00bbon\u00bb]facebook[\/et_pb_social_media_follow_network][et_pb_social_media_follow_network social_network=\u00bbinstagram\u00bb url=\u00bbhttps:\/\/www.instagram.com\/julianpiscinas\/\u00bb _builder_version=\u00bb4.17.4&#8243; _module_preset=\u00bbdefault\u00bb background_color=\u00bb#ea2c59&#8243; global_colors_info=\u00bb{}\u00bb follow_button=\u00bboff\u00bb url_new_window=\u00bbon\u00bb]instagram[\/et_pb_social_media_follow_network][et_pb_social_media_follow_network social_network=\u00bbyoutube\u00bb url=\u00bbhttps:\/\/www.youtube.com\/channel\/UCvx5x4LoATHWd1GUWQM8fYA\u00bb _builder_version=\u00bb4.17.4&#8243; _module_preset=\u00bbdefault\u00bb background_color=\u00bb#a82400&#8243; global_colors_info=\u00bb{}\u00bb follow_button=\u00bboff\u00bb url_new_window=\u00bbon\u00bb]youtube[\/et_pb_social_media_follow_network][et_pb_social_media_follow_network social_network=\u00bbgoogle\u00bb url=\u00bbhttps:\/\/goo.gl\/maps\/gq2kHcXktgK2&#8243; _builder_version=\u00bb4.17.4&#8243; _module_preset=\u00bbdefault\u00bb background_color=\u00bb#4285f4&#8243; global_colors_info=\u00bb{}\u00bb follow_button=\u00bboff\u00bb url_new_window=\u00bbon\u00bb]google[\/et_pb_social_media_follow_network][et_pb_social_media_follow_network social_network=\u00bblinkedin\u00bb url=\u00bbhttps:\/\/www.linkedin.com\/in\/julian-piscinas-86a250173\/\u00bb _builder_version=\u00bb4.17.4&#8243; _module_preset=\u00bbdefault\u00bb background_color=\u00bb#004472&#8243; background_enable_color=\u00bbon\u00bb global_colors_info=\u00bb{}\u00bb follow_button=\u00bboff\u00bb url_new_window=\u00bbon\u00bb]linkedin[\/et_pb_social_media_follow_network][\/et_pb_social_media_follow][\/et_pb_column][\/et_pb_row][\/et_pb_section]<\/p>","protected":false},"excerpt":{"rendered":"<p>Hormig\u00f3n impreso en El VendrellInstalamos\u00a0hormig\u00f3n impreso en El Vendrell El hormig\u00f3n impreso se suele instalar en algunos lugares en forma de que el suelo quede decorativo, se suele instalar alrededor de las piscinas, jardines, terrazas, etc. A lo largo del tiempo hemos ido aprendiendo nuevas t\u00e9cnicas y perfeccionando nuestra manera de instalar el hormig\u00f3n impreso. [&hellip;]<\/p>","protected":false},"author":1,"featured_media":0,"parent":0,"menu_order":0,"comment_status":"closed","ping_status":"closed","template":"","meta":{"_et_pb_use_builder":"on","_et_pb_old_content":"","_et_gb_content_width":"","footnotes":""},"class_list":["post-723","page","type-page","status-publish","hentry"],"yoast_head":"<!-- This site is optimized with the Yoast SEO plugin v23.2 - https:\/\/yoast.com\/wordpress\/plugins\/seo\/ -->\n<title>Hormig\u00f3n impreso en Vendrell - Expertos en hormig\u00f3n Julian Piscines<\/title>\n<meta name=\"description\" content=\"Suelos de hormig\u00f3n impreso en Vendrell. Trabajos profesionales de calidad y rapidez. Variedad de acabados. \u00a1Solicita presupuesto gratuito!\" \/>\n<meta name=\"robots\" content=\"index, follow, max-snippet:-1, max-image-preview:large, max-video-preview:-1\" \/>\n<link rel=\"canonical\" href=\"https:\/\/www.julianpiscinas.com\/ca\/hormigon-impreso-vendrell\/\" \/>\n<meta property=\"og:locale\" content=\"ca_ES\" \/>\n<meta property=\"og:type\" content=\"article\" \/>\n<meta property=\"og:title\" content=\"Hormig\u00f3n impreso en Vendrell - Expertos en hormig\u00f3n Julian Piscines\" \/>\n<meta property=\"og:description\" content=\"Suelos de hormig\u00f3n impreso en Vendrell. Trabajos profesionales de calidad y rapidez. Variedad de acabados. \u00a1Solicita presupuesto gratuito!\" \/>\n<meta property=\"og:url\" content=\"https:\/\/www.julianpiscinas.com\/ca\/hormigon-impreso-vendrell\/\" \/>\n<meta property=\"og:site_name\" content=\"Jul\u00ed\u00e1n Piscines | construcci\u00f3n de piscinas | mantenimiento y reformas de piscinas | art\u00edculos y materiales de piscina\" \/>\n<meta property=\"article:modified_time\" content=\"2023-02-15T11:50:32+00:00\" \/>\n<meta property=\"og:image\" content=\"https:\/\/www.julianpiscinas.com\/wp-content\/uploads\/2016\/04\/IMG_4723-225x300.jpg\" \/>\n<meta name=\"twitter:card\" content=\"summary_large_image\" \/>\n<meta name=\"twitter:label1\" content=\"Temps estimat de lectura\" \/>\n\t<meta name=\"twitter:data1\" content=\"7 minuts\" \/>\n<script type=\"application\/ld+json\" class=\"yoast-schema-graph\">{\"@context\":\"https:\/\/schema.org\",\"@graph\":[{\"@type\":\"WebPage\",\"@id\":\"https:\/\/www.julianpiscinas.com\/hormigon-impreso-vendrell\/\",\"url\":\"https:\/\/www.julianpiscinas.com\/hormigon-impreso-vendrell\/\",\"name\":\"Hormig\u00f3n impreso en Vendrell - Expertos en hormig\u00f3n Julian Piscines\",\"isPartOf\":{\"@id\":\"https:\/\/www.julianpiscinas.com\/#website\"},\"primaryImageOfPage\":{\"@id\":\"https:\/\/www.julianpiscinas.com\/hormigon-impreso-vendrell\/#primaryimage\"},\"image\":{\"@id\":\"https:\/\/www.julianpiscinas.com\/hormigon-impreso-vendrell\/#primaryimage\"},\"thumbnailUrl\":\"https:\/\/www.julianpiscinas.com\/wp-content\/uploads\/2016\/04\/IMG_4723-225x300.jpg\",\"datePublished\":\"2017-02-20T10:09:55+00:00\",\"dateModified\":\"2023-02-15T11:50:32+00:00\",\"description\":\"Suelos de hormig\u00f3n impreso en Vendrell. Trabajos profesionales de calidad y rapidez. Variedad de acabados. \u00a1Solicita presupuesto gratuito!\",\"breadcrumb\":{\"@id\":\"https:\/\/www.julianpiscinas.com\/hormigon-impreso-vendrell\/#breadcrumb\"},\"inLanguage\":\"ca\",\"potentialAction\":[{\"@type\":\"ReadAction\",\"target\":[\"https:\/\/www.julianpiscinas.com\/hormigon-impreso-vendrell\/\"]}]},{\"@type\":\"ImageObject\",\"inLanguage\":\"ca\",\"@id\":\"https:\/\/www.julianpiscinas.com\/hormigon-impreso-vendrell\/#primaryimage\",\"url\":\"https:\/\/www.julianpiscinas.com\/wp-content\/uploads\/2016\/04\/IMG_4723-225x300.jpg\",\"contentUrl\":\"https:\/\/www.julianpiscinas.com\/wp-content\/uploads\/2016\/04\/IMG_4723-225x300.jpg\"},{\"@type\":\"BreadcrumbList\",\"@id\":\"https:\/\/www.julianpiscinas.com\/hormigon-impreso-vendrell\/#breadcrumb\",\"itemListElement\":[{\"@type\":\"ListItem\",\"position\":1,\"name\":\"Portada\",\"item\":\"https:\/\/www.julianpiscinas.com\/\"},{\"@type\":\"ListItem\",\"position\":2,\"name\":\"Hormig\u00f3n impreso en Vendrell\"}]},{\"@type\":\"WebSite\",\"@id\":\"https:\/\/www.julianpiscinas.com\/#website\",\"url\":\"https:\/\/www.julianpiscinas.com\/\",\"name\":\"Jul\u00ed\u00e1n Piscines | construcci\u00f3n de piscinas | mantenimiento y reformas de piscinas | art\u00edculos y materiales de piscina\",\"description\":\"Construcci\u00f3n y instalaci\u00f3n de piscinas en Els Pallaresos\",\"potentialAction\":[{\"@type\":\"SearchAction\",\"target\":{\"@type\":\"EntryPoint\",\"urlTemplate\":\"https:\/\/www.julianpiscinas.com\/?s={search_term_string}\"},\"query-input\":\"required name=search_term_string\"}],\"inLanguage\":\"ca\"}]}<\/script>\n<!-- \/ Yoast SEO plugin. -->","yoast_head_json":{"title":"Hormig\u00f3n impreso en Vendrell - Expertos en hormig\u00f3n Julian Piscines","description":"Suelos de hormig\u00f3n impreso en Vendrell. Trabajos profesionales de calidad y rapidez. Variedad de acabados. \u00a1Solicita presupuesto gratuito!","robots":{"index":"index","follow":"follow","max-snippet":"max-snippet:-1","max-image-preview":"max-image-preview:large","max-video-preview":"max-video-preview:-1"},"canonical":"https:\/\/www.julianpiscinas.com\/ca\/hormigon-impreso-vendrell\/","og_locale":"ca_ES","og_type":"article","og_title":"Hormig\u00f3n impreso en Vendrell - Expertos en hormig\u00f3n Julian Piscines","og_description":"Suelos de hormig\u00f3n impreso en Vendrell. Trabajos profesionales de calidad y rapidez. Variedad de acabados. \u00a1Solicita presupuesto gratuito!","og_url":"https:\/\/www.julianpiscinas.com\/ca\/hormigon-impreso-vendrell\/","og_site_name":"Jul\u00ed\u00e1n Piscines | construcci\u00f3n de piscinas | mantenimiento y reformas de piscinas | art\u00edculos y materiales de piscina","article_modified_time":"2023-02-15T11:50:32+00:00","og_image":[{"url":"https:\/\/www.julianpiscinas.com\/wp-content\/uploads\/2016\/04\/IMG_4723-225x300.jpg"}],"twitter_card":"summary_large_image","twitter_misc":{"Temps estimat de lectura":"7 minuts"},"schema":{"@context":"https:\/\/schema.org","@graph":[{"@type":"WebPage","@id":"https:\/\/www.julianpiscinas.com\/hormigon-impreso-vendrell\/","url":"https:\/\/www.julianpiscinas.com\/hormigon-impreso-vendrell\/","name":"Hormig\u00f3n impreso en Vendrell - Expertos en hormig\u00f3n Julian Piscines","isPartOf":{"@id":"https:\/\/www.julianpiscinas.com\/#website"},"primaryImageOfPage":{"@id":"https:\/\/www.julianpiscinas.com\/hormigon-impreso-vendrell\/#primaryimage"},"image":{"@id":"https:\/\/www.julianpiscinas.com\/hormigon-impreso-vendrell\/#primaryimage"},"thumbnailUrl":"https:\/\/www.julianpiscinas.com\/wp-content\/uploads\/2016\/04\/IMG_4723-225x300.jpg","datePublished":"2017-02-20T10:09:55+00:00","dateModified":"2023-02-15T11:50:32+00:00","description":"Suelos de hormig\u00f3n impreso en Vendrell. Trabajos profesionales de calidad y rapidez. Variedad de acabados. \u00a1Solicita presupuesto gratuito!","breadcrumb":{"@id":"https:\/\/www.julianpiscinas.com\/hormigon-impreso-vendrell\/#breadcrumb"},"inLanguage":"ca","potentialAction":[{"@type":"ReadAction","target":["https:\/\/www.julianpiscinas.com\/hormigon-impreso-vendrell\/"]}]},{"@type":"ImageObject","inLanguage":"ca","@id":"https:\/\/www.julianpiscinas.com\/hormigon-impreso-vendrell\/#primaryimage","url":"https:\/\/www.julianpiscinas.com\/wp-content\/uploads\/2016\/04\/IMG_4723-225x300.jpg","contentUrl":"https:\/\/www.julianpiscinas.com\/wp-content\/uploads\/2016\/04\/IMG_4723-225x300.jpg"},{"@type":"BreadcrumbList","@id":"https:\/\/www.julianpiscinas.com\/hormigon-impreso-vendrell\/#breadcrumb","itemListElement":[{"@type":"ListItem","position":1,"name":"Portada","item":"https:\/\/www.julianpiscinas.com\/"},{"@type":"ListItem","position":2,"name":"Hormig\u00f3n impreso en Vendrell"}]},{"@type":"WebSite","@id":"https:\/\/www.julianpiscinas.com\/#website","url":"https:\/\/www.julianpiscinas.com\/","name":"Jul\u00ed\u00e1n Piscines | construcci\u00f3n de piscinas | mantenimiento y reformas de piscinas | art\u00edculos y materiales de piscina","description":"Construcci\u00f3n y instalaci\u00f3n de piscinas en Els Pallaresos","potentialAction":[{"@type":"SearchAction","target":{"@type":"EntryPoint","urlTemplate":"https:\/\/www.julianpiscinas.com\/?s={search_term_string}"},"query-input":"required name=search_term_string"}],"inLanguage":"ca"}]}},"_links":{"self":[{"href":"https:\/\/www.julianpiscinas.com\/ca\/wp-json\/wp\/v2\/pages\/723","targetHints":{"allow":["GET"]}}],"collection":[{"href":"https:\/\/www.julianpiscinas.com\/ca\/wp-json\/wp\/v2\/pages"}],"about":[{"href":"https:\/\/www.julianpiscinas.com\/ca\/wp-json\/wp\/v2\/types\/page"}],"author":[{"embeddable":true,"href":"https:\/\/www.julianpiscinas.com\/ca\/wp-json\/wp\/v2\/users\/1"}],"replies":[{"embeddable":true,"href":"https:\/\/www.julianpiscinas.com\/ca\/wp-json\/wp\/v2\/comments?post=723"}],"version-history":[{"count":14,"href":"https:\/\/www.julianpiscinas.com\/ca\/wp-json\/wp\/v2\/pages\/723\/revisions"}],"predecessor-version":[{"id":2083,"href":"https:\/\/www.julianpiscinas.com\/ca\/wp-json\/wp\/v2\/pages\/723\/revisions\/2083"}],"wp:attachment":[{"href":"https:\/\/www.julianpiscinas.com\/ca\/wp-json\/wp\/v2\/media?parent=723"}],"curies":[{"name":"wp","href":"https:\/\/api.w.org\/{rel}","templated":true}]}}