{"id":239,"date":"2016-04-05T14:47:37","date_gmt":"2016-04-05T14:47:37","guid":{"rendered":"http:\/\/www.julianpiscinas.com\/?page_id=239"},"modified":"2021-02-02T09:47:43","modified_gmt":"2021-02-02T09:47:43","slug":"blog-piscinas-tarragona","status":"publish","type":"page","link":"https:\/\/www.julianpiscinas.com\/ca\/blog-piscinas-tarragona\/","title":{"rendered":"Blog| bolet\u00edn de noticias"},"content":{"rendered":"<p>[et_pb_section fb_built=\u00bb1&#8243; custom_padding_last_edited=\u00bbon|desktop\u00bb admin_label=\u00bbSecci\u00f3n\u00bb _builder_version=\u00bb3.22&#8243; background_image=\u00bbhttps:\/\/www.julianpiscinas.com\/wp-content\/uploads\/2016\/03\/opcion2.png\u00bb custom_padding_tablet=\u00bb50px|0|50px|0&#8243; transparent_background=\u00bboff\u00bb padding_mobile=\u00bboff\u00bb make_fullwidth=\u00bboff\u00bb use_custom_width=\u00bboff\u00bb width_unit=\u00bbon\u00bb][et_pb_row padding_mobile=\u00bboff\u00bb column_padding_mobile=\u00bbon\u00bb admin_label=\u00bbFila\u00bb _builder_version=\u00bb3.25&#8243; background_size=\u00bbinitial\u00bb background_position=\u00bbtop_left\u00bb background_repeat=\u00bbrepeat\u00bb make_fullwidth=\u00bboff\u00bb use_custom_width=\u00bboff\u00bb width_unit=\u00bboff\u00bb custom_width_px=\u00bb1080px\u00bb custom_width_percent=\u00bb80%\u00bb][et_pb_column type=\u00bb4_4&#8243; _builder_version=\u00bb3.25&#8243; custom_padding=\u00bb|||\u00bb custom_padding__hover=\u00bb|||\u00bb][et_pb_text admin_label=\u00bbTexto\u00bb _builder_version=\u00bb3.27.4&#8243; background_size=\u00bbinitial\u00bb background_position=\u00bbtop_left\u00bb background_repeat=\u00bbrepeat\u00bb use_border_color=\u00bboff\u00bb border_style=\u00bbsolid\u00bb]<\/p>\n<h1 style=\"text-align: center;\"><strong>Juli\u00e1n Piscines a Sant Pere i Sant Pau, Tarragona<\/strong><\/h1>\n<h2 style=\"text-align: center;\">Blog de noticias<\/h2>\n<p><a href=\"..\/wp-content\/uploads\/2016\/03\/aguasmanchon.png\" rel=\"attachment wp-att-88\"><img loading=\"lazy\" decoding=\"async\" class=\"size-medium wp-image-88 aligncenter lazyload\" data-src=\"https:\/\/www.julianpiscinas.com\/wp-content\/uploads\/2016\/03\/aguasmanchon.png\" alt=\"aguasmanchon\" width=\"300\" height=\"58\" data-srcset=\"https:\/\/www.julianpiscinas.com\/wp-content\/uploads\/2016\/03\/aguasmanchon.png 1900w, https:\/\/www.julianpiscinas.com\/wp-content\/uploads\/2016\/03\/aguasmanchon-510x99.png 510w, https:\/\/www.julianpiscinas.com\/wp-content\/uploads\/2016\/03\/aguasmanchon-300x58.png 300w, https:\/\/www.julianpiscinas.com\/wp-content\/uploads\/2016\/03\/aguasmanchon-768x149.png 768w, https:\/\/www.julianpiscinas.com\/wp-content\/uploads\/2016\/03\/aguasmanchon-1024x198.png 1024w, https:\/\/www.julianpiscinas.com\/wp-content\/uploads\/2016\/03\/aguasmanchon-1080x209.png 1080w\" data-sizes=\"auto, (max-width: 300px) 100vw, 300px\" src=\"data:image\/gif;base64,R0lGODlhAQABAAAAACH5BAEKAAEALAAAAAABAAEAAAICTAEAOw==\" style=\"--smush-placeholder-width: 300px; --smush-placeholder-aspect-ratio: 300\/58;\" \/><noscript><img loading=\"lazy\" decoding=\"async\" class=\"size-medium wp-image-88 aligncenter\" src=\"https:\/\/www.julianpiscinas.com\/wp-content\/uploads\/2016\/03\/aguasmanchon.png\" alt=\"aguasmanchon\" width=\"300\" height=\"58\" srcset=\"https:\/\/www.julianpiscinas.com\/wp-content\/uploads\/2016\/03\/aguasmanchon.png 1900w, https:\/\/www.julianpiscinas.com\/wp-content\/uploads\/2016\/03\/aguasmanchon-510x99.png 510w, https:\/\/www.julianpiscinas.com\/wp-content\/uploads\/2016\/03\/aguasmanchon-300x58.png 300w, https:\/\/www.julianpiscinas.com\/wp-content\/uploads\/2016\/03\/aguasmanchon-768x149.png 768w, https:\/\/www.julianpiscinas.com\/wp-content\/uploads\/2016\/03\/aguasmanchon-1024x198.png 1024w, https:\/\/www.julianpiscinas.com\/wp-content\/uploads\/2016\/03\/aguasmanchon-1080x209.png 1080w\" sizes=\"auto, (max-width: 300px) 100vw, 300px\" \/><\/noscript><\/a><br \/>\n[\/et_pb_text][\/et_pb_column][\/et_pb_row][\/et_pb_section][et_pb_section fb_built=\u00bb1&#8243; custom_padding_last_edited=\u00bbon|desktop\u00bb admin_label=\u00bbSecci\u00f3n\u00bb _builder_version=\u00bb3.22&#8243; custom_padding_tablet=\u00bb50px|0|50px|0&#8243; transparent_background=\u00bboff\u00bb padding_mobile=\u00bboff\u00bb make_fullwidth=\u00bboff\u00bb use_custom_width=\u00bboff\u00bb width_unit=\u00bboff\u00bb custom_width_px=\u00bb1080px\u00bb custom_width_percent=\u00bb80%\u00bb][et_pb_row padding_mobile=\u00bboff\u00bb column_padding_mobile=\u00bbon\u00bb admin_label=\u00bbFila\u00bb _builder_version=\u00bb4.7.7&#8243; background_size=\u00bbinitial\u00bb background_position=\u00bbtop_left\u00bb background_repeat=\u00bbrepeat\u00bb hover_enabled=\u00bb0&#8243; make_fullwidth=\u00bboff\u00bb use_custom_width=\u00bboff\u00bb width_unit=\u00bboff\u00bb custom_width_px=\u00bb1080px\u00bb custom_width_percent=\u00bb80%\u00bb column_structure=\u00bb3_4,1_4&#8243; width=\u00bb100%\u00bb max_width=\u00bb1400px\u00bb sticky_enabled=\u00bb0&#8243;][et_pb_column type=\u00bb3_4&#8243; _builder_version=\u00bb3.25&#8243; custom_padding=\u00bb|||\u00bb custom_padding__hover=\u00bb|||\u00bb][et_pb_blog fullwidth=\u00bboff\u00bb include_categories=\u00bb6&#8243; show_more=\u00bbon\u00bb show_categories=\u00bboff\u00bb admin_label=\u00bbBlog\u00bb _builder_version=\u00bb4.7.7&#8243; header_letter_spacing=\u00bb0&#8243; header_line_height=\u00bb1&#8243; body_letter_spacing=\u00bb0&#8243; body_line_height=\u00bb1.7&#8243; meta_letter_spacing=\u00bb0&#8243; meta_line_height=\u00bb1.7&#8243; hover_enabled=\u00bb0&#8243; header_letter_spacing_tablet=\u00bb0&#8243; header_letter_spacing_phone=\u00bb0&#8243; header_line_height_tablet=\u00bb1&#8243; header_line_height_phone=\u00bb1&#8243; body_letter_spacing_tablet=\u00bb0&#8243; body_letter_spacing_phone=\u00bb0&#8243; body_line_height_tablet=\u00bb1.7&#8243; body_line_height_phone=\u00bb1.7&#8243; meta_letter_spacing_tablet=\u00bb0&#8243; meta_letter_spacing_phone=\u00bb0&#8243; meta_line_height_tablet=\u00bb1.7&#8243; meta_line_height_phone=\u00bb1.7&#8243; box_shadow_style=\u00bbpreset1&#8243; box_shadow_vertical=\u00bb1px\u00bb box_shadow_blur=\u00bb5px\u00bb box_shadow_color=\u00bbrgba(0,0,0,.1)\u00bb use_border_color=\u00bboff\u00bb border_color=\u00bb#ffffff\u00bb border_width=\u00bb1&#8243; border_style=\u00bbsolid\u00bb use_dropshadow=\u00bbon\u00bb excerpt_length=\u00bb250&#8243; show_author=\u00bboff\u00bb show_date=\u00bboff\u00bb sticky_enabled=\u00bb0&#8243;] [\/et_pb_blog][\/et_pb_column][et_pb_column type=\u00bb1_4&#8243; _builder_version=\u00bb3.25&#8243; custom_padding=\u00bb|||\u00bb custom_padding__hover=\u00bb|||\u00bb][et_pb_sidebar orientation=\u00bbright\u00bb area=\u00bbsidebar-1&#8243; admin_label=\u00bbBarra lateral\u00bb _builder_version=\u00bb3.0.74&#8243;] [\/et_pb_sidebar][\/et_pb_column][\/et_pb_row][\/et_pb_section][et_pb_section fb_built=\u00bb1&#8243; custom_padding_last_edited=\u00bbon|desktop\u00bb admin_label=\u00bbSecci\u00f3n\u00bb _builder_version=\u00bb3.21&#8243; background_color=\u00bb#000080&#8243; custom_padding=\u00bb27px|0px|0px|0px\u00bb custom_padding_tablet=\u00bb50px|0|50px|0&#8243; transparent_background=\u00bboff\u00bb padding_mobile=\u00bboff\u00bb make_fullwidth=\u00bboff\u00bb use_custom_width=\u00bboff\u00bb width_unit=\u00bboff\u00bb global_module=\u00bb468&#8243;][et_pb_row column_structure=\u00bb1_4,1_4,1_4,1_4&#8243; padding_mobile=\u00bboff\u00bb column_padding_mobile=\u00bbon\u00bb _builder_version=\u00bb3.25&#8243; background_size=\u00bbinitial\u00bb background_position=\u00bbtop_left\u00bb background_repeat=\u00bbrepeat\u00bb][et_pb_column type=\u00bb1_4&#8243; _builder_version=\u00bb3.25&#8243; custom_padding=\u00bb|||\u00bb custom_padding__hover=\u00bb|||\u00bb][et_pb_blurb title=\u00bbUBICACI\u00d3N\u00bb use_icon=\u00bbon\u00bb font_icon=\u00bb%%49%%\u00bb icon_color=\u00bb#2ea3f2&#8243; icon_placement=\u00bbleft\u00bb _builder_version=\u00bb3.0.94&#8243; header_text_color=\u00bb#2ea3f2&#8243; background_size=\u00bbinitial\u00bb background_position=\u00bbtop_left\u00bb background_repeat=\u00bbrepeat\u00bb background_layout=\u00bbdark\u00bb use_border_color=\u00bboff\u00bb]<\/p>\n<p><span style=\"color: #2ea3f2;\">Bloc Sant Tom\u00e0s. Esc. E 5\u00ba-1\u00aa<\/span><br \/><span style=\"color: #2ea3f2;\"> 43007 &#8211; Sant Pau i Sant Pere (Tarragona)<\/span><\/p>\n<p>[\/et_pb_blurb][\/et_pb_column][et_pb_column type=\u00bb1_4&#8243; _builder_version=\u00bb3.25&#8243; custom_padding=\u00bb|||\u00bb custom_padding__hover=\u00bb|||\u00bb][et_pb_blurb title=\u00bbCONTACTO\u00bb use_icon=\u00bbon\u00bb font_icon=\u00bb%%49%%\u00bb icon_color=\u00bb#2ea3f2&#8243; icon_placement=\u00bbleft\u00bb _builder_version=\u00bb3.0.94&#8243; header_text_color=\u00bb#2ea3f2&#8243; background_size=\u00bbinitial\u00bb background_position=\u00bbtop_left\u00bb background_repeat=\u00bbrepeat\u00bb background_layout=\u00bbdark\u00bb max_width_tablet=\u00bb50px\u00bb use_border_color=\u00bboff\u00bb]<\/p>\n<p><span style=\"color: #2ea3f2;\">M\u00f2bil: <strong><a style=\"color: #2ea3f2;\" href=\"tel:\/\/600811678\">600 811 678<\/a><\/strong><\/span><br \/><span style=\"color: #2ea3f2;\"> M\u00f2bil: <strong> <a style=\"color: #2ea3f2;\" href=\"tel:\/\/671581032\">671 581 032<\/a><\/strong><\/span><\/p>\n<p>[\/et_pb_blurb][\/et_pb_column][et_pb_column type=\u00bb1_4&#8243; _builder_version=\u00bb3.25&#8243; custom_padding=\u00bb|||\u00bb custom_padding__hover=\u00bb|||\u00bb][et_pb_blurb title=\u00bbHORARIO\u00bb use_icon=\u00bbon\u00bb font_icon=\u00bb%%49%%\u00bb icon_color=\u00bb#2ea3f2&#8243; icon_placement=\u00bbleft\u00bb _builder_version=\u00bb3.0.94&#8243; header_text_color=\u00bb#2ea3f2&#8243; background_size=\u00bbinitial\u00bb background_position=\u00bbtop_left\u00bb background_repeat=\u00bbrepeat\u00bb background_layout=\u00bbdark\u00bb use_border_color=\u00bboff\u00bb]<\/p>\n<p><span style=\"color: #2ea3f2;\">Dilluns a Divendres<\/span><br \/><span style=\"color: #2ea3f2;\"> 09.00h a 13.30h<\/span><br \/><span style=\"color: #2ea3f2;\"> 17.00h a 19.00h<\/span><br \/><span style=\"color: #2ea3f2;\"> Dissabte:<\/span><br \/><span style=\"color: #2ea3f2;\"> 09.00 a 13.30h<\/span><\/p>\n<p>[\/et_pb_blurb][\/et_pb_column][et_pb_column type=\u00bb1_4&#8243; _builder_version=\u00bb3.25&#8243; custom_padding=\u00bb|||\u00bb custom_padding__hover=\u00bb|||\u00bb][et_pb_blurb title=\u00bbREDES SOCIALES\u00bb url=\u00bbhttps:\/\/goo.gl\/maps\/XPoazdzeDdy\u00bb use_icon=\u00bbon\u00bb font_icon=\u00bb%%49%%\u00bb icon_color=\u00bb#2ea3f2&#8243; icon_placement=\u00bbleft\u00bb _builder_version=\u00bb3.21&#8243; header_text_color=\u00bb#2ea3f2&#8243; background_size=\u00bbinitial\u00bb background_position=\u00bbtop_left\u00bb background_repeat=\u00bbrepeat\u00bb background_layout=\u00bbdark\u00bb max_width_tablet=\u00bb50px\u00bb use_border_color=\u00bboff\u00bb]<a title=\"Youtube\" href=\"https:\/\/www.youtube.com\/channel\/UCvx5x4LoATHWd1GUWQM8fYA\"><img loading=\"lazy\" decoding=\"async\" class=\"wp-image-1002 alignnone size-full lazyload\" data-src=\"https:\/\/www.julianpiscinas.com\/wp-content\/uploads\/2018\/10\/YouTube-60.png\" alt=\"\" width=\"60\" height=\"60\" src=\"data:image\/gif;base64,R0lGODlhAQABAAAAACH5BAEKAAEALAAAAAABAAEAAAICTAEAOw==\" style=\"--smush-placeholder-width: 60px; --smush-placeholder-aspect-ratio: 60\/60;\" \/><noscript><img loading=\"lazy\" decoding=\"async\" class=\"wp-image-1002 alignnone size-full\" src=\"https:\/\/www.julianpiscinas.com\/wp-content\/uploads\/2018\/10\/YouTube-60.png\" alt=\"\" width=\"60\" height=\"60\" \/><\/noscript><\/a><\/p>\n<p><a href=\"https:\/\/www.linkedin.com\/in\/julian-piscinas-86a250173\/\"><img loading=\"lazy\" decoding=\"async\" class=\"wp-image-1004 alignnone size-full lazyload\" data-src=\"https:\/\/www.julianpiscinas.com\/wp-content\/uploads\/2018\/10\/linkedin-png-60.png\" alt=\"\" width=\"50\" height=\"50\" src=\"data:image\/gif;base64,R0lGODlhAQABAAAAACH5BAEKAAEALAAAAAABAAEAAAICTAEAOw==\" style=\"--smush-placeholder-width: 50px; --smush-placeholder-aspect-ratio: 50\/50;\" \/><noscript><img loading=\"lazy\" decoding=\"async\" class=\"wp-image-1004 alignnone size-full\" src=\"https:\/\/www.julianpiscinas.com\/wp-content\/uploads\/2018\/10\/linkedin-png-60.png\" alt=\"\" width=\"50\" height=\"50\" \/><\/noscript><\/a>[\/et_pb_blurb][\/et_pb_column][\/et_pb_row][\/et_pb_section]<\/p>","protected":false},"excerpt":{"rendered":"<p>Juli\u00e1n Piscines en Sant Pere i Sant Pau, Tarragona Blog de noticias Bloque Santo Tom\u00e1s. Esc. E 5\u00ba-1\u00aa 43007 &#8211; Sant Pau i Sant Pere (Tarragona)M\u00f3vil: 600 811 678 M\u00f3vil: 671 581 032Lunes a Viernes : 09.00h a 13.30h 17.00h a 19.00h S\u00e1bado : 09.00 a 13.30h<\/p>","protected":false},"author":1,"featured_media":0,"parent":0,"menu_order":0,"comment_status":"closed","ping_status":"closed","template":"","meta":{"_et_pb_use_builder":"on","_et_pb_old_content":"","_et_gb_content_width":"","footnotes":""},"class_list":["post-239","page","type-page","status-publish","hentry"],"yoast_head":"<!-- This site is optimized with the Yoast SEO plugin v23.2 - https:\/\/yoast.com\/wordpress\/plugins\/seo\/ -->\n<title>Blog| bolet\u00edn de noticias - Jul\u00ed\u00e1n Piscines | construcci\u00f3n de piscinas | mantenimiento y reformas de piscinas | art\u00edculos y materiales de piscina<\/title>\n<meta name=\"description\" content=\"Blog de noticias de julian piscinas en Tarragona.\" \/>\n<meta name=\"robots\" content=\"index, follow, max-snippet:-1, max-image-preview:large, max-video-preview:-1\" \/>\n<link rel=\"canonical\" href=\"https:\/\/www.julianpiscinas.com\/ca\/blog-piscinas-tarragona\/\" \/>\n<meta property=\"og:locale\" content=\"ca_ES\" \/>\n<meta property=\"og:type\" content=\"article\" \/>\n<meta property=\"og:title\" content=\"Blog| bolet\u00edn de noticias - Jul\u00ed\u00e1n Piscines | construcci\u00f3n de piscinas | mantenimiento y reformas de piscinas | art\u00edculos y materiales de piscina\" \/>\n<meta property=\"og:description\" content=\"Blog de noticias de julian piscinas en Tarragona.\" \/>\n<meta property=\"og:url\" content=\"https:\/\/www.julianpiscinas.com\/ca\/blog-piscinas-tarragona\/\" \/>\n<meta property=\"og:site_name\" content=\"Jul\u00ed\u00e1n Piscines | construcci\u00f3n de piscinas | mantenimiento y reformas de piscinas | art\u00edculos y materiales de piscina\" \/>\n<meta property=\"article:modified_time\" content=\"2021-02-02T09:47:43+00:00\" \/>\n<meta property=\"og:image\" content=\"http:\/\/..\/wp-content\/uploads\/2016\/03\/aguasmanchon-300x58.png\" \/>\n<meta name=\"twitter:card\" content=\"summary_large_image\" \/>\n<meta name=\"twitter:label1\" content=\"Temps estimat de lectura\" \/>\n\t<meta name=\"twitter:data1\" content=\"4 minuts\" \/>\n<script type=\"application\/ld+json\" class=\"yoast-schema-graph\">{\"@context\":\"https:\/\/schema.org\",\"@graph\":[{\"@type\":\"WebPage\",\"@id\":\"https:\/\/www.julianpiscinas.com\/blog-piscinas-tarragona\/\",\"url\":\"https:\/\/www.julianpiscinas.com\/blog-piscinas-tarragona\/\",\"name\":\"Blog| bolet\u00edn de noticias - Jul\u00ed\u00e1n Piscines | construcci\u00f3n de piscinas | mantenimiento y reformas de piscinas | art\u00edculos y materiales de piscina\",\"isPartOf\":{\"@id\":\"https:\/\/www.julianpiscinas.com\/#website\"},\"primaryImageOfPage\":{\"@id\":\"https:\/\/www.julianpiscinas.com\/blog-piscinas-tarragona\/#primaryimage\"},\"image\":{\"@id\":\"https:\/\/www.julianpiscinas.com\/blog-piscinas-tarragona\/#primaryimage\"},\"thumbnailUrl\":\"https:\/\/www.julianpiscinas.com\/wp-content\/uploads\/2018\/10\/YouTube-60.png\",\"datePublished\":\"2016-04-05T14:47:37+00:00\",\"dateModified\":\"2021-02-02T09:47:43+00:00\",\"description\":\"Blog de noticias de julian piscinas en Tarragona.\",\"breadcrumb\":{\"@id\":\"https:\/\/www.julianpiscinas.com\/blog-piscinas-tarragona\/#breadcrumb\"},\"inLanguage\":\"ca\",\"potentialAction\":[{\"@type\":\"ReadAction\",\"target\":[\"https:\/\/www.julianpiscinas.com\/blog-piscinas-tarragona\/\"]}]},{\"@type\":\"ImageObject\",\"inLanguage\":\"ca\",\"@id\":\"https:\/\/www.julianpiscinas.com\/blog-piscinas-tarragona\/#primaryimage\",\"url\":\"https:\/\/www.julianpiscinas.com\/wp-content\/uploads\/2018\/10\/YouTube-60.png\",\"contentUrl\":\"https:\/\/www.julianpiscinas.com\/wp-content\/uploads\/2018\/10\/YouTube-60.png\"},{\"@type\":\"BreadcrumbList\",\"@id\":\"https:\/\/www.julianpiscinas.com\/blog-piscinas-tarragona\/#breadcrumb\",\"itemListElement\":[{\"@type\":\"ListItem\",\"position\":1,\"name\":\"Portada\",\"item\":\"https:\/\/www.julianpiscinas.com\/\"},{\"@type\":\"ListItem\",\"position\":2,\"name\":\"Blog| bolet\u00edn de noticias\"}]},{\"@type\":\"WebSite\",\"@id\":\"https:\/\/www.julianpiscinas.com\/#website\",\"url\":\"https:\/\/www.julianpiscinas.com\/\",\"name\":\"Jul\u00ed\u00e1n Piscines | construcci\u00f3n de piscinas | mantenimiento y reformas de piscinas | art\u00edculos y materiales de piscina\",\"description\":\"Construcci\u00f3n y instalaci\u00f3n de piscinas en Els Pallaresos\",\"potentialAction\":[{\"@type\":\"SearchAction\",\"target\":{\"@type\":\"EntryPoint\",\"urlTemplate\":\"https:\/\/www.julianpiscinas.com\/?s={search_term_string}\"},\"query-input\":\"required name=search_term_string\"}],\"inLanguage\":\"ca\"}]}<\/script>\n<!-- \/ Yoast SEO plugin. -->","yoast_head_json":{"title":"Blog| bolet\u00edn de noticias - Jul\u00ed\u00e1n Piscines | construcci\u00f3n de piscinas | mantenimiento y reformas de piscinas | art\u00edculos y materiales de piscina","description":"Blog de noticias de julian piscinas en Tarragona.","robots":{"index":"index","follow":"follow","max-snippet":"max-snippet:-1","max-image-preview":"max-image-preview:large","max-video-preview":"max-video-preview:-1"},"canonical":"https:\/\/www.julianpiscinas.com\/ca\/blog-piscinas-tarragona\/","og_locale":"ca_ES","og_type":"article","og_title":"Blog| bolet\u00edn de noticias - Jul\u00ed\u00e1n Piscines | construcci\u00f3n de piscinas | mantenimiento y reformas de piscinas | art\u00edculos y materiales de piscina","og_description":"Blog de noticias de julian piscinas en Tarragona.","og_url":"https:\/\/www.julianpiscinas.com\/ca\/blog-piscinas-tarragona\/","og_site_name":"Jul\u00ed\u00e1n Piscines | construcci\u00f3n de piscinas | mantenimiento y reformas de piscinas | art\u00edculos y materiales de piscina","article_modified_time":"2021-02-02T09:47:43+00:00","og_image":[{"url":"..\/wp-content\/uploads\/2016\/03\/aguasmanchon-300x58.png"}],"twitter_card":"summary_large_image","twitter_misc":{"Temps estimat de lectura":"4 minuts"},"schema":{"@context":"https:\/\/schema.org","@graph":[{"@type":"WebPage","@id":"https:\/\/www.julianpiscinas.com\/blog-piscinas-tarragona\/","url":"https:\/\/www.julianpiscinas.com\/blog-piscinas-tarragona\/","name":"Blog| bolet\u00edn de noticias - Jul\u00ed\u00e1n Piscines | construcci\u00f3n de piscinas | mantenimiento y reformas de piscinas | art\u00edculos y materiales de piscina","isPartOf":{"@id":"https:\/\/www.julianpiscinas.com\/#website"},"primaryImageOfPage":{"@id":"https:\/\/www.julianpiscinas.com\/blog-piscinas-tarragona\/#primaryimage"},"image":{"@id":"https:\/\/www.julianpiscinas.com\/blog-piscinas-tarragona\/#primaryimage"},"thumbnailUrl":"https:\/\/www.julianpiscinas.com\/wp-content\/uploads\/2018\/10\/YouTube-60.png","datePublished":"2016-04-05T14:47:37+00:00","dateModified":"2021-02-02T09:47:43+00:00","description":"Blog de noticias de julian piscinas en Tarragona.","breadcrumb":{"@id":"https:\/\/www.julianpiscinas.com\/blog-piscinas-tarragona\/#breadcrumb"},"inLanguage":"ca","potentialAction":[{"@type":"ReadAction","target":["https:\/\/www.julianpiscinas.com\/blog-piscinas-tarragona\/"]}]},{"@type":"ImageObject","inLanguage":"ca","@id":"https:\/\/www.julianpiscinas.com\/blog-piscinas-tarragona\/#primaryimage","url":"https:\/\/www.julianpiscinas.com\/wp-content\/uploads\/2018\/10\/YouTube-60.png","contentUrl":"https:\/\/www.julianpiscinas.com\/wp-content\/uploads\/2018\/10\/YouTube-60.png"},{"@type":"BreadcrumbList","@id":"https:\/\/www.julianpiscinas.com\/blog-piscinas-tarragona\/#breadcrumb","itemListElement":[{"@type":"ListItem","position":1,"name":"Portada","item":"https:\/\/www.julianpiscinas.com\/"},{"@type":"ListItem","position":2,"name":"Blog| bolet\u00edn de noticias"}]},{"@type":"WebSite","@id":"https:\/\/www.julianpiscinas.com\/#website","url":"https:\/\/www.julianpiscinas.com\/","name":"Jul\u00ed\u00e1n Piscines | construcci\u00f3n de piscinas | mantenimiento y reformas de piscinas | art\u00edculos y materiales de piscina","description":"Construcci\u00f3n y instalaci\u00f3n de piscinas en Els Pallaresos","potentialAction":[{"@type":"SearchAction","target":{"@type":"EntryPoint","urlTemplate":"https:\/\/www.julianpiscinas.com\/?s={search_term_string}"},"query-input":"required name=search_term_string"}],"inLanguage":"ca"}]}},"_links":{"self":[{"href":"https:\/\/www.julianpiscinas.com\/ca\/wp-json\/wp\/v2\/pages\/239","targetHints":{"allow":["GET"]}}],"collection":[{"href":"https:\/\/www.julianpiscinas.com\/ca\/wp-json\/wp\/v2\/pages"}],"about":[{"href":"https:\/\/www.julianpiscinas.com\/ca\/wp-json\/wp\/v2\/types\/page"}],"author":[{"embeddable":true,"href":"https:\/\/www.julianpiscinas.com\/ca\/wp-json\/wp\/v2\/users\/1"}],"replies":[{"embeddable":true,"href":"https:\/\/www.julianpiscinas.com\/ca\/wp-json\/wp\/v2\/comments?post=239"}],"version-history":[{"count":13,"href":"https:\/\/www.julianpiscinas.com\/ca\/wp-json\/wp\/v2\/pages\/239\/revisions"}],"predecessor-version":[{"id":1530,"href":"https:\/\/www.julianpiscinas.com\/ca\/wp-json\/wp\/v2\/pages\/239\/revisions\/1530"}],"wp:attachment":[{"href":"https:\/\/www.julianpiscinas.com\/ca\/wp-json\/wp\/v2\/media?parent=239"}],"curies":[{"name":"wp","href":"https:\/\/api.w.org\/{rel}","templated":true}]}}