{"id":223,"date":"2016-04-05T11:20:34","date_gmt":"2016-04-05T11:20:34","guid":{"rendered":"http:\/\/www.julianpiscinas.com\/?page_id=223"},"modified":"2019-04-05T10:37:35","modified_gmt":"2019-04-05T10:37:35","slug":"galeria-de-fotos-piscinas-tarragona","status":"publish","type":"page","link":"https:\/\/www.julianpiscinas.com\/ca\/galeria-de-fotos-piscinas-tarragona\/","title":{"rendered":"Galeria de fotos Juli\u00e1n Piscines | nuestros trabajos"},"content":{"rendered":"[et_pb_section bb_built=\u00bb1&#8243; custom_padding_last_edited=\u00bbon|desktop\u00bb _builder_version=\u00bb3.0.47&#8243; background_image=\u00bbhttps:\/\/www.julianpiscinas.com\/wp-content\/uploads\/2016\/03\/opcion55.png\u00bb custom_padding_tablet=\u00bb50px|0|50px|0&#8243; transparent_background=\u00bboff\u00bb padding_mobile=\u00bboff\u00bb next_background_color=\u00bb#ffffff\u00bb][et_pb_row _builder_version=\u00bb3.0.47&#8243; background_size=\u00bbinitial\u00bb background_position=\u00bbtop_left\u00bb background_repeat=\u00bbrepeat\u00bb][et_pb_column type=\u00bb4_4&#8243;][et_pb_text _builder_version=\u00bb3.0.47&#8243; background_size=\u00bbinitial\u00bb background_position=\u00bbtop_left\u00bb background_repeat=\u00bbrepeat\u00bb use_border_color=\u00bboff\u00bb border_style=\u00bbsolid\u00bb]\r\n<h1 style=\"text-align: center;\"><strong>Juli\u00e1n Piscines a Sant Pere i Sant Pau, Tarragona<\/strong><\/h1>\r\n<h2 style=\"text-align: center;\">Galeria de fotos dels nostres treballs<\/h2>\r\n<img loading=\"lazy\" decoding=\"async\" class=\"size-medium wp-image-88 aligncenter lazyload\" data-src=\"https:\/\/www.julianpiscinas.com\/wp-content\/uploads\/2016\/03\/aguasmanchon.png\" alt=\"aguasmanchon\" width=\"300\" height=\"58\" data-srcset=\"https:\/\/www.julianpiscinas.com\/wp-content\/uploads\/2016\/03\/aguasmanchon.png 1900w, https:\/\/www.julianpiscinas.com\/wp-content\/uploads\/2016\/03\/aguasmanchon-510x99.png 510w, https:\/\/www.julianpiscinas.com\/wp-content\/uploads\/2016\/03\/aguasmanchon-300x58.png 300w, https:\/\/www.julianpiscinas.com\/wp-content\/uploads\/2016\/03\/aguasmanchon-768x149.png 768w, https:\/\/www.julianpiscinas.com\/wp-content\/uploads\/2016\/03\/aguasmanchon-1024x198.png 1024w, https:\/\/www.julianpiscinas.com\/wp-content\/uploads\/2016\/03\/aguasmanchon-1080x209.png 1080w\" data-sizes=\"auto, (max-width: 300px) 100vw, 300px\" src=\"data:image\/gif;base64,R0lGODlhAQABAAAAACH5BAEKAAEALAAAAAABAAEAAAICTAEAOw==\" style=\"--smush-placeholder-width: 300px; --smush-placeholder-aspect-ratio: 300\/58;\" \/><noscript><img loading=\"lazy\" decoding=\"async\" class=\"size-medium wp-image-88 aligncenter\" src=\"https:\/\/www.julianpiscinas.com\/wp-content\/uploads\/2016\/03\/aguasmanchon.png\" alt=\"aguasmanchon\" width=\"300\" height=\"58\" srcset=\"https:\/\/www.julianpiscinas.com\/wp-content\/uploads\/2016\/03\/aguasmanchon.png 1900w, https:\/\/www.julianpiscinas.com\/wp-content\/uploads\/2016\/03\/aguasmanchon-510x99.png 510w, https:\/\/www.julianpiscinas.com\/wp-content\/uploads\/2016\/03\/aguasmanchon-300x58.png 300w, https:\/\/www.julianpiscinas.com\/wp-content\/uploads\/2016\/03\/aguasmanchon-768x149.png 768w, https:\/\/www.julianpiscinas.com\/wp-content\/uploads\/2016\/03\/aguasmanchon-1024x198.png 1024w, https:\/\/www.julianpiscinas.com\/wp-content\/uploads\/2016\/03\/aguasmanchon-1080x209.png 1080w\" sizes=\"auto, (max-width: 300px) 100vw, 300px\" \/><\/noscript>\r\n\r\n[\/et_pb_text][\/et_pb_column][\/et_pb_row][\/et_pb_section][et_pb_section bb_built=\u00bb1&#8243; _builder_version=\u00bb3.0.47&#8243; transparent_background=\u00bboff\u00bb prev_background_color=\u00bb#ffffff\u00bb next_background_color=\u00bb#ffffff\u00bb][et_pb_row make_fullwidth=\u00bbon\u00bb padding_mobile=\u00bboff\u00bb column_padding_mobile=\u00bbon\u00bb parallax_method_1=\u00bboff\u00bb _builder_version=\u00bb3.0.47&#8243; background_size=\u00bbinitial\u00bb background_position=\u00bbtop_left\u00bb background_repeat=\u00bbrepeat\u00bb][et_pb_column type=\u00bb4_4&#8243;][et_pb_gallery gallery_ids=\u00bb383,384,385,386,387,388,389,390,391,392,393,233,232,231,230,229,875,876,877,653&#8243; posts_number=\u00bb20&#8243; _builder_version=\u00bb3.9&#8243; title_font_size=\u00bb12&#8243; use_border_color=\u00bboff\u00bb border_color=\u00bb#ffffff\u00bb border_style=\u00bbsolid\u00bb gallery_captions=\u00bbHormig\u00f3n impreso,Revestimiento de paredes,Hormig\u00f3n estampado,Piscina interior,Hormig\u00f3n impreso,Piscina exterior,Hormig\u00f3n estampado,Hormig\u00f3n estampado,Fondo de piscina,Entrada garage,Entrada cochera,Piscina exterior,Piscina rectangular,Piscina ,Piscina cuadrada,Piscina a medida,construcci\u00f3n piscina,piscina exterior,piscina nocturna\u00bb zoom_icon_color=\u00bb#dd9933&#8243; hover_overlay_color=\u00bbrgba(255,255,255,0.9)\u00bb]\r\n\r\n&nbsp;\r\n\r\n[\/et_pb_gallery][et_pb_gallery gallery_ids=\u00bb676,677,678,679,680,681,682,684,685,686,687,605&#8243; posts_number=\u00bb15&#8243; show_pagination=\u00bboff\u00bb _builder_version=\u00bb3.9&#8243; use_border_color=\u00bboff\u00bb zoom_icon_color=\u00bb#dd9933&#8243; hover_overlay_color=\u00bbrgba(255,255,255,0.9)\u00bb]\r\n\r\n&nbsp;\r\n\r\n[\/et_pb_gallery][\/et_pb_column][\/et_pb_row][\/et_pb_section][et_pb_section bb_built=\u00bb1&#8243; custom_padding_last_edited=\u00bbon|desktop\u00bb _builder_version=\u00bb3.0.47&#8243; custom_padding_tablet=\u00bb50px|0|50px|0&#8243; transparent_background=\u00bboff\u00bb custom_padding=\u00bb27px|0px|0px|0px\u00bb prev_background_color=\u00bb#ffffff\u00bb global_module=\u00bb468&#8243; next_background_color=\u00bb#000000&#8243;][et_pb_row global_parent=\u00bb468&#8243; padding_mobile=\u00bboff\u00bb column_padding_mobile=\u00bbon\u00bb _builder_version=\u00bb3.0.47&#8243; background_size=\u00bbinitial\u00bb background_position=\u00bbtop_left\u00bb background_repeat=\u00bbrepeat\u00bb][et_pb_column type=\u00bb1_4&#8243;][et_pb_blurb global_parent=\u00bb468&#8243; title=\u00bbUBICACI\u00d3N\u00bb use_icon=\u00bbon\u00bb font_icon=\u00bb%%49%%\u00bb icon_color=\u00bb#2ea3f2&#8243; icon_placement=\u00bbleft\u00bb background_layout=\u00bbdark\u00bb _builder_version=\u00bb3.0.94&#8243; background_size=\u00bbinitial\u00bb background_position=\u00bbtop_left\u00bb background_repeat=\u00bbrepeat\u00bb use_border_color=\u00bboff\u00bb url_new_window=\u00bboff\u00bb use_circle=\u00bboff\u00bb use_circle_border=\u00bboff\u00bb use_icon_font_size=\u00bboff\u00bb header_text_color=\u00bb#2ea3f2&#8243;]\r\n\r\n<span style=\"color: #2ea3f2;\">Bloc Sant Tom\u00e0s. Esc. E 5\u00ba-1\u00aa<\/span>\r\n<span style=\"color: #2ea3f2;\"> 43007 &#8211; Sant Pau i Sant Pere (Tarragona)<\/span>\r\n\r\n[\/et_pb_blurb][\/et_pb_column][et_pb_column type=\u00bb1_4&#8243;][et_pb_blurb global_parent=\u00bb468&#8243; title=\u00bbCONTACTO\u00bb use_icon=\u00bbon\u00bb font_icon=\u00bb%%49%%\u00bb icon_color=\u00bb#2ea3f2&#8243; icon_placement=\u00bbleft\u00bb background_layout=\u00bbdark\u00bb _builder_version=\u00bb3.0.94&#8243; background_size=\u00bbinitial\u00bb background_position=\u00bbtop_left\u00bb background_repeat=\u00bbrepeat\u00bb use_border_color=\u00bboff\u00bb url_new_window=\u00bboff\u00bb use_circle=\u00bboff\u00bb use_circle_border=\u00bboff\u00bb use_icon_font_size=\u00bboff\u00bb max_width_tablet=\u00bb50px\u00bb header_text_color=\u00bb#2ea3f2&#8243;]\r\n\r\n<span style=\"color: #2ea3f2;\">M\u00f2bil: <strong><a style=\"color: #2ea3f2;\" href=\"tel:\/\/600811678\">600 811 678<\/a><\/strong><\/span>\r\n<span style=\"color: #2ea3f2;\"> M\u00f2bil: <strong> <a style=\"color: #2ea3f2;\" href=\"tel:\/\/671581032\">671 581 032<\/a><\/strong><\/span>\r\n\r\n[\/et_pb_blurb][\/et_pb_column][et_pb_column type=\u00bb1_4&#8243;][et_pb_blurb global_parent=\u00bb468&#8243; title=\u00bbHORARIO\u00bb use_icon=\u00bbon\u00bb font_icon=\u00bb%%49%%\u00bb icon_color=\u00bb#2ea3f2&#8243; icon_placement=\u00bbleft\u00bb background_layout=\u00bbdark\u00bb _builder_version=\u00bb3.0.94&#8243; background_size=\u00bbinitial\u00bb background_position=\u00bbtop_left\u00bb background_repeat=\u00bbrepeat\u00bb use_border_color=\u00bboff\u00bb url_new_window=\u00bboff\u00bb use_circle=\u00bboff\u00bb use_circle_border=\u00bboff\u00bb use_icon_font_size=\u00bboff\u00bb header_text_color=\u00bb#2ea3f2&#8243;]\r\n\r\n<span style=\"color: #2ea3f2;\">Dilluns a Divendres<\/span>\r\n<span style=\"color: #2ea3f2;\"> 09.00h a 13.30h<\/span>\r\n<span style=\"color: #2ea3f2;\"> 17.00h a 19.00h<\/span>\r\n<span style=\"color: #2ea3f2;\"> Dissabte:<\/span>\r\n<span style=\"color: #2ea3f2;\"> 09.00 a 13.30h<\/span>\r\n\r\n[\/et_pb_blurb][\/et_pb_column][et_pb_column type=\u00bb1_4&#8243;][et_pb_blurb global_parent=\u00bb468&#8243; title=\u00bbREDES SOCIALES\u00bb use_icon=\u00bbon\u00bb font_icon=\u00bb%%49%%\u00bb icon_color=\u00bb#2ea3f2&#8243; icon_placement=\u00bbleft\u00bb background_layout=\u00bbdark\u00bb _builder_version=\u00bb3.0.94&#8243; background_size=\u00bbinitial\u00bb background_position=\u00bbtop_left\u00bb background_repeat=\u00bbrepeat\u00bb use_border_color=\u00bboff\u00bb url_new_window=\u00bboff\u00bb use_circle=\u00bboff\u00bb use_circle_border=\u00bboff\u00bb use_icon_font_size=\u00bboff\u00bb header_text_color=\u00bb#2ea3f2&#8243; max_width_tablet=\u00bb50px\u00bb]\r\n\r\n<a href=\"https:\/\/plus.google.com\/107299205305359664400\"><img loading=\"lazy\" decoding=\"async\" class=\"wp-image-503 aligncenter lazyload\" data-src=\"https:\/\/www.julianpiscinas.com\/wp-content\/uploads\/2016\/03\/google_mybusiness_logo.png\" alt=\"\" width=\"140\" height=\"127\" src=\"data:image\/gif;base64,R0lGODlhAQABAAAAACH5BAEKAAEALAAAAAABAAEAAAICTAEAOw==\" style=\"--smush-placeholder-width: 140px; --smush-placeholder-aspect-ratio: 140\/127;\" \/><noscript><img loading=\"lazy\" decoding=\"async\" class=\"wp-image-503 aligncenter\" src=\"https:\/\/www.julianpiscinas.com\/wp-content\/uploads\/2016\/03\/google_mybusiness_logo.png\" alt=\"\" width=\"140\" height=\"127\" \/><\/noscript><\/a>\r\n\r\n[\/et_pb_blurb][\/et_pb_column][\/et_pb_row][\/et_pb_section]","protected":false},"excerpt":{"rendered":"<p>Juli\u00e1n Piscines en Sant Pere i Sant Pau, Tarragona Galer\u00eda de fotos de nuestros trabajos &nbsp; &nbsp; Bloque Santo Tom\u00e1s. Esc. E 5\u00ba-1\u00aa 43007 &#8211; Sant Pau i Sant Pere (Tarragona) M\u00f3vil: 600 811 678 M\u00f3vil: 671 581 032 Lunes a Viernes : 09.00h a 13.30h 17.00h a 19.00h S\u00e1bado : 09.00 a 13.30h<\/p>","protected":false},"author":1,"featured_media":0,"parent":0,"menu_order":0,"comment_status":"closed","ping_status":"closed","template":"","meta":{"_et_pb_use_builder":"on","_et_pb_old_content":"","_et_gb_content_width":"","footnotes":""},"class_list":["post-223","page","type-page","status-publish","hentry"],"yoast_head":"<!-- This site is optimized with the Yoast SEO plugin v23.2 - https:\/\/yoast.com\/wordpress\/plugins\/seo\/ -->\n<title>Galeria de fotos Juli\u00e1n Piscines | nuestros trabajos - Jul\u00ed\u00e1n Piscines | construcci\u00f3n de piscinas | mantenimiento y reformas de piscinas | art\u00edculos y materiales de piscina<\/title>\n<meta name=\"description\" content=\"Galer\u00eda de fotos de Julian Piscinas Tarragona\" \/>\n<meta name=\"robots\" content=\"index, follow, max-snippet:-1, max-image-preview:large, max-video-preview:-1\" \/>\n<link rel=\"canonical\" href=\"https:\/\/www.julianpiscinas.com\/ca\/galeria-de-fotos-piscinas-tarragona\/\" \/>\n<meta property=\"og:locale\" content=\"ca_ES\" \/>\n<meta property=\"og:type\" content=\"article\" \/>\n<meta property=\"og:title\" content=\"Galeria de fotos Juli\u00e1n Piscines | nuestros trabajos - Jul\u00ed\u00e1n Piscines | construcci\u00f3n de piscinas | mantenimiento y reformas de piscinas | art\u00edculos y materiales de piscina\" \/>\n<meta property=\"og:description\" content=\"Galer\u00eda de fotos de Julian Piscinas Tarragona\" \/>\n<meta property=\"og:url\" content=\"https:\/\/www.julianpiscinas.com\/ca\/galeria-de-fotos-piscinas-tarragona\/\" \/>\n<meta property=\"og:site_name\" content=\"Jul\u00ed\u00e1n Piscines | construcci\u00f3n de piscinas | mantenimiento y reformas de piscinas | art\u00edculos y materiales de piscina\" \/>\n<meta property=\"article:modified_time\" content=\"2019-04-05T10:37:35+00:00\" \/>\n<meta property=\"og:image\" content=\"http:\/\/..\/wp-content\/uploads\/2016\/03\/aguasmanchon-300x58.png\" \/>\n<meta name=\"twitter:card\" content=\"summary_large_image\" \/>\n<meta name=\"twitter:label1\" content=\"Temps estimat de lectura\" \/>\n\t<meta name=\"twitter:data1\" content=\"3 minuts\" \/>\n<script type=\"application\/ld+json\" class=\"yoast-schema-graph\">{\"@context\":\"https:\/\/schema.org\",\"@graph\":[{\"@type\":\"WebPage\",\"@id\":\"https:\/\/www.julianpiscinas.com\/galeria-de-fotos-piscinas-tarragona\/\",\"url\":\"https:\/\/www.julianpiscinas.com\/galeria-de-fotos-piscinas-tarragona\/\",\"name\":\"Galeria de fotos Juli\u00e1n Piscines | nuestros trabajos - Jul\u00ed\u00e1n Piscines | construcci\u00f3n de piscinas | mantenimiento y reformas de piscinas | art\u00edculos y materiales de piscina\",\"isPartOf\":{\"@id\":\"https:\/\/www.julianpiscinas.com\/#website\"},\"primaryImageOfPage\":{\"@id\":\"https:\/\/www.julianpiscinas.com\/galeria-de-fotos-piscinas-tarragona\/#primaryimage\"},\"image\":{\"@id\":\"https:\/\/www.julianpiscinas.com\/galeria-de-fotos-piscinas-tarragona\/#primaryimage\"},\"thumbnailUrl\":\"https:\/\/www.julianpiscinas.com\/wp-content\/uploads\/2016\/03\/google_mybusiness_logo.png\",\"datePublished\":\"2016-04-05T11:20:34+00:00\",\"dateModified\":\"2019-04-05T10:37:35+00:00\",\"description\":\"Galer\u00eda de fotos de Julian Piscinas Tarragona\",\"breadcrumb\":{\"@id\":\"https:\/\/www.julianpiscinas.com\/galeria-de-fotos-piscinas-tarragona\/#breadcrumb\"},\"inLanguage\":\"ca\",\"potentialAction\":[{\"@type\":\"ReadAction\",\"target\":[\"https:\/\/www.julianpiscinas.com\/galeria-de-fotos-piscinas-tarragona\/\"]}]},{\"@type\":\"ImageObject\",\"inLanguage\":\"ca\",\"@id\":\"https:\/\/www.julianpiscinas.com\/galeria-de-fotos-piscinas-tarragona\/#primaryimage\",\"url\":\"https:\/\/www.julianpiscinas.com\/wp-content\/uploads\/2016\/03\/google_mybusiness_logo.png\",\"contentUrl\":\"https:\/\/www.julianpiscinas.com\/wp-content\/uploads\/2016\/03\/google_mybusiness_logo.png\"},{\"@type\":\"BreadcrumbList\",\"@id\":\"https:\/\/www.julianpiscinas.com\/galeria-de-fotos-piscinas-tarragona\/#breadcrumb\",\"itemListElement\":[{\"@type\":\"ListItem\",\"position\":1,\"name\":\"Portada\",\"item\":\"https:\/\/www.julianpiscinas.com\/\"},{\"@type\":\"ListItem\",\"position\":2,\"name\":\"Galeria de fotos Juli\u00e1n Piscines | nuestros trabajos\"}]},{\"@type\":\"WebSite\",\"@id\":\"https:\/\/www.julianpiscinas.com\/#website\",\"url\":\"https:\/\/www.julianpiscinas.com\/\",\"name\":\"Jul\u00ed\u00e1n Piscines | construcci\u00f3n de piscinas | mantenimiento y reformas de piscinas | art\u00edculos y materiales de piscina\",\"description\":\"Construcci\u00f3n y instalaci\u00f3n de piscinas en Els Pallaresos\",\"potentialAction\":[{\"@type\":\"SearchAction\",\"target\":{\"@type\":\"EntryPoint\",\"urlTemplate\":\"https:\/\/www.julianpiscinas.com\/?s={search_term_string}\"},\"query-input\":\"required name=search_term_string\"}],\"inLanguage\":\"ca\"}]}<\/script>\n<!-- \/ Yoast SEO plugin. -->","yoast_head_json":{"title":"Galeria de fotos Juli\u00e1n Piscines | nuestros trabajos - Jul\u00ed\u00e1n Piscines | construcci\u00f3n de piscinas | mantenimiento y reformas de piscinas | art\u00edculos y materiales de piscina","description":"Galer\u00eda de fotos de Julian Piscinas Tarragona","robots":{"index":"index","follow":"follow","max-snippet":"max-snippet:-1","max-image-preview":"max-image-preview:large","max-video-preview":"max-video-preview:-1"},"canonical":"https:\/\/www.julianpiscinas.com\/ca\/galeria-de-fotos-piscinas-tarragona\/","og_locale":"ca_ES","og_type":"article","og_title":"Galeria de fotos Juli\u00e1n Piscines | nuestros trabajos - Jul\u00ed\u00e1n Piscines | construcci\u00f3n de piscinas | mantenimiento y reformas de piscinas | art\u00edculos y materiales de piscina","og_description":"Galer\u00eda de fotos de Julian Piscinas Tarragona","og_url":"https:\/\/www.julianpiscinas.com\/ca\/galeria-de-fotos-piscinas-tarragona\/","og_site_name":"Jul\u00ed\u00e1n Piscines | construcci\u00f3n de piscinas | mantenimiento y reformas de piscinas | art\u00edculos y materiales de piscina","article_modified_time":"2019-04-05T10:37:35+00:00","og_image":[{"url":"..\/wp-content\/uploads\/2016\/03\/aguasmanchon-300x58.png"}],"twitter_card":"summary_large_image","twitter_misc":{"Temps estimat de lectura":"3 minuts"},"schema":{"@context":"https:\/\/schema.org","@graph":[{"@type":"WebPage","@id":"https:\/\/www.julianpiscinas.com\/galeria-de-fotos-piscinas-tarragona\/","url":"https:\/\/www.julianpiscinas.com\/galeria-de-fotos-piscinas-tarragona\/","name":"Galeria de fotos Juli\u00e1n Piscines | nuestros trabajos - Jul\u00ed\u00e1n Piscines | construcci\u00f3n de piscinas | mantenimiento y reformas de piscinas | art\u00edculos y materiales de piscina","isPartOf":{"@id":"https:\/\/www.julianpiscinas.com\/#website"},"primaryImageOfPage":{"@id":"https:\/\/www.julianpiscinas.com\/galeria-de-fotos-piscinas-tarragona\/#primaryimage"},"image":{"@id":"https:\/\/www.julianpiscinas.com\/galeria-de-fotos-piscinas-tarragona\/#primaryimage"},"thumbnailUrl":"https:\/\/www.julianpiscinas.com\/wp-content\/uploads\/2016\/03\/google_mybusiness_logo.png","datePublished":"2016-04-05T11:20:34+00:00","dateModified":"2019-04-05T10:37:35+00:00","description":"Galer\u00eda de fotos de Julian Piscinas Tarragona","breadcrumb":{"@id":"https:\/\/www.julianpiscinas.com\/galeria-de-fotos-piscinas-tarragona\/#breadcrumb"},"inLanguage":"ca","potentialAction":[{"@type":"ReadAction","target":["https:\/\/www.julianpiscinas.com\/galeria-de-fotos-piscinas-tarragona\/"]}]},{"@type":"ImageObject","inLanguage":"ca","@id":"https:\/\/www.julianpiscinas.com\/galeria-de-fotos-piscinas-tarragona\/#primaryimage","url":"https:\/\/www.julianpiscinas.com\/wp-content\/uploads\/2016\/03\/google_mybusiness_logo.png","contentUrl":"https:\/\/www.julianpiscinas.com\/wp-content\/uploads\/2016\/03\/google_mybusiness_logo.png"},{"@type":"BreadcrumbList","@id":"https:\/\/www.julianpiscinas.com\/galeria-de-fotos-piscinas-tarragona\/#breadcrumb","itemListElement":[{"@type":"ListItem","position":1,"name":"Portada","item":"https:\/\/www.julianpiscinas.com\/"},{"@type":"ListItem","position":2,"name":"Galeria de fotos Juli\u00e1n Piscines | nuestros trabajos"}]},{"@type":"WebSite","@id":"https:\/\/www.julianpiscinas.com\/#website","url":"https:\/\/www.julianpiscinas.com\/","name":"Jul\u00ed\u00e1n Piscines | construcci\u00f3n de piscinas | mantenimiento y reformas de piscinas | art\u00edculos y materiales de piscina","description":"Construcci\u00f3n y instalaci\u00f3n de piscinas en Els Pallaresos","potentialAction":[{"@type":"SearchAction","target":{"@type":"EntryPoint","urlTemplate":"https:\/\/www.julianpiscinas.com\/?s={search_term_string}"},"query-input":"required name=search_term_string"}],"inLanguage":"ca"}]}},"_links":{"self":[{"href":"https:\/\/www.julianpiscinas.com\/ca\/wp-json\/wp\/v2\/pages\/223","targetHints":{"allow":["GET"]}}],"collection":[{"href":"https:\/\/www.julianpiscinas.com\/ca\/wp-json\/wp\/v2\/pages"}],"about":[{"href":"https:\/\/www.julianpiscinas.com\/ca\/wp-json\/wp\/v2\/types\/page"}],"author":[{"embeddable":true,"href":"https:\/\/www.julianpiscinas.com\/ca\/wp-json\/wp\/v2\/users\/1"}],"replies":[{"embeddable":true,"href":"https:\/\/www.julianpiscinas.com\/ca\/wp-json\/wp\/v2\/comments?post=223"}],"version-history":[{"count":22,"href":"https:\/\/www.julianpiscinas.com\/ca\/wp-json\/wp\/v2\/pages\/223\/revisions"}],"predecessor-version":[{"id":1157,"href":"https:\/\/www.julianpiscinas.com\/ca\/wp-json\/wp\/v2\/pages\/223\/revisions\/1157"}],"wp:attachment":[{"href":"https:\/\/www.julianpiscinas.com\/ca\/wp-json\/wp\/v2\/media?parent=223"}],"curies":[{"name":"wp","href":"https:\/\/api.w.org\/{rel}","templated":true}]}}