{"id":1552,"date":"2021-02-17T16:30:29","date_gmt":"2021-02-17T16:30:29","guid":{"rendered":"https:\/\/www.julianpiscinas.com\/?page_id=1552"},"modified":"2023-02-15T12:21:15","modified_gmt":"2023-02-15T12:21:15","slug":"construccion-de-piscinas-en-cunit","status":"publish","type":"page","link":"https:\/\/www.julianpiscinas.com\/ca\/construccion-de-piscinas-en-cunit\/","title":{"rendered":"Construcci\u00f3 de piscines a Cunit"},"content":{"rendered":"<p>[et_pb_section fb_built=\u00bb1&#8243; _builder_version=\u00bb4.16&#8243; _module_preset=\u00bbdefault\u00bb background_image=\u00bbhttps:\/\/www.julianpiscinas.com\/wp-content\/uploads\/2021\/02\/construccion-de-piscinas-en-cunit-scaled.jpg\u00bb custom_padding=\u00bb5%||5%||true|false\u00bb custom_css_main_element=\u00bbbackground-position:100% 80%;\u00bb global_colors_info=\u00bb{}\u00bb][et_pb_row _builder_version=\u00bb4.16&#8243; _module_preset=\u00bbdefault\u00bb width=\u00bb100%\u00bb max_width=\u00bb1900px\u00bb module_alignment=\u00bbcenter\u00bb global_colors_info=\u00bb{}\u00bb][et_pb_column type=\u00bb4_4&#8243; _builder_version=\u00bb4.16&#8243; _module_preset=\u00bbdefault\u00bb global_colors_info=\u00bb{}\u00bb][et_pb_text _builder_version=\u00bb4.17.4&#8243; _module_preset=\u00bbdefault\u00bb text_text_color=\u00bb#ffffff\u00bb header_font=\u00bb|600||||on|||\u00bb header_text_color=\u00bb#ffffff\u00bb background_color=\u00bbrgba(3,0,30,0.38)\u00bb text_orientation=\u00bbcenter\u00bb max_width=\u00bb900px\u00bb module_alignment=\u00bbcenter\u00bb custom_padding=\u00bb1em|1em|1em|1em|true|true\u00bb global_colors_info=\u00bb{}\u00bb]<\/p>\n<h1><strong>Construcci\u00f3 de piscines a Cunit<\/strong><\/h1>\n<p>Empresa constructora especializada en construcci\u00f3n de piscinas en Cunit | Realizamos todo tipo de piscinas de obra<\/p>\n<p>Expertos en Piscinas de gunitado en Cunit<\/p>\n<p>[\/et_pb_text][\/et_pb_column][\/et_pb_row][et_pb_row column_structure=\u00bb1_2,1_2&#8243; _builder_version=\u00bb4.16&#8243; _module_preset=\u00bbdefault\u00bb global_colors_info=\u00bb{}\u00bb][et_pb_column type=\u00bb1_2&#8243; _builder_version=\u00bb4.16&#8243; _module_preset=\u00bbdefault\u00bb global_colors_info=\u00bb{}\u00bb][et_pb_button button_url=\u00bbtel:+34600811678&#8243; button_text=\u00bbLl\u00e1manos\u00bb button_alignment=\u00bbcenter\u00bb _builder_version=\u00bb4.16&#8243; _module_preset=\u00bbdefault\u00bb custom_button=\u00bbon\u00bb button_text_color=\u00bb#ffffff\u00bb button_bg_color=\u00bb#060b68&#8243; button_border_width=\u00bb0px\u00bb button_border_radius=\u00bb2px\u00bb button_use_icon=\u00bboff\u00bb global_colors_info=\u00bb{}\u00bb][\/et_pb_button][\/et_pb_column][et_pb_column type=\u00bb1_2&#8243; _builder_version=\u00bb4.16&#8243; _module_preset=\u00bbdefault\u00bb global_colors_info=\u00bb{}\u00bb][et_pb_button button_url=\u00bb@ET-DC@eyJkeW5hbWljIjp0cnVlLCJjb250ZW50IjoicG9zdF9saW5rX3VybF9wYWdlIiwic2V0dGluZ3MiOnsicG9zdF9pZCI6IjIxMSJ9fQ==@\u00bb button_text=\u00bbContacta con nosotros\u00bb button_alignment=\u00bbcenter\u00bb _builder_version=\u00bb4.16&#8243; _dynamic_attributes=\u00bbbutton_url\u00bb _module_preset=\u00bbdefault\u00bb custom_button=\u00bbon\u00bb button_text_color=\u00bb#ffffff\u00bb button_bg_color=\u00bb#060b68&#8243; button_border_width=\u00bb0px\u00bb button_border_radius=\u00bb2px\u00bb button_use_icon=\u00bboff\u00bb global_colors_info=\u00bb{}\u00bb][\/et_pb_button][\/et_pb_column][\/et_pb_row][\/et_pb_section][et_pb_section fb_built=\u00bb1&#8243; _builder_version=\u00bb4.16&#8243; _module_preset=\u00bbdefault\u00bb global_colors_info=\u00bb{}\u00bb][et_pb_row _builder_version=\u00bb4.16&#8243; _module_preset=\u00bbdefault\u00bb custom_padding=\u00bb||0px|||\u00bb global_colors_info=\u00bb{}\u00bb][et_pb_column type=\u00bb4_4&#8243; _builder_version=\u00bb4.16&#8243; _module_preset=\u00bbdefault\u00bb global_colors_info=\u00bb{}\u00bb][et_pb_text _builder_version=\u00bb4.17.4&#8243; _module_preset=\u00bbdefault\u00bb text_font_size=\u00bb16px\u00bb text_orientation=\u00bbcenter\u00bb hover_enabled=\u00bb0&#8243; global_colors_info=\u00bb{}\u00bb sticky_enabled=\u00bb0&#8243;]<\/p>\n<p>Contamos con los mejores profesionales para la construcci\u00f3n de su piscina en Cunit<\/p>\n<h2><strong>Construcci\u00f3n de piscinas en Cunit con la mejor relaci\u00f3n calidad &#8211; precio<\/strong><\/h2>\n<p>Si est\u00e1 comparando profesionales y empresas de construcci\u00f3n de piscinas en Cunit y poblaciones cercanas, contacte con nosotros y solicite su presupuesto sin compromiso. Se sorprender\u00e1 de los precios que podemos ofrecer para piscinas de gunitado de alta calidad. Nuestras piscinas de obra por el metodo del homigon gunitado destacan por su durabilidad, libertad a la hora de elegir las formas, opciones de dise\u00f1o y calidad de los acabados.<\/p>\n<p style=\"text-align: left;\">Creamos todo tipo de piscinas:<\/p>\n<p style=\"text-align: left;\">\n<ul>\n<li style=\"text-align: left;\"><strong>Piscinas de hormig\u00f3n proyectado:<\/strong> tambi\u00e9n conocidas como \u00abpiscinas de gunita\u00bb, estas piscinas se construyen mediante el uso de una m\u00e1quina que proyecta una mezcla de concreto y agua sobre una estructura de acero. Son personalizables en cuanto a forma, tama\u00f1o y acabado.<\/li>\n<li style=\"text-align: left;\"><strong>Piscinas de hormig\u00f3n armado:<\/strong> estas piscinas se construyen mediante la colocaci\u00f3n de una estructura de acero y la aplicaci\u00f3n de capas de hormig\u00f3n. Son muy resistentes y duraderas, y pueden personalizarse con una amplia variedad de acabados.<\/li>\n<li style=\"text-align: left;\"><strong>Piscinas de bloques de hormig\u00f3n:<\/strong> estas piscinas se construyen apilando bloques de hormig\u00f3n y luego rellen\u00e1ndolos con hormig\u00f3n. Son una opci\u00f3n econ\u00f3mica y relativamente sencilla de construir, pero pueden tener limitaciones en cuanto a forma y tama\u00f1o.<\/li>\n<li style=\"text-align: left;\"><strong>Piscinas de ladrillo:<\/strong> estas piscinas se construyen colocando ladrillos y aplicando una mezcla de mortero. Son duraderas y resistentes, y pueden personalizarse con diferentes acabados.<\/li>\n<\/ul>\n<p>[\/et_pb_text][\/et_pb_column][\/et_pb_row][et_pb_row column_structure=\u00bb1_3,1_3,1_3&#8243; _builder_version=\u00bb4.16&#8243; _module_preset=\u00bbdefault\u00bb global_colors_info=\u00bb{}\u00bb][et_pb_column type=\u00bb1_3&#8243; _builder_version=\u00bb4.16&#8243; _module_preset=\u00bbdefault\u00bb global_colors_info=\u00bb{}\u00bb][et_pb_text _builder_version=\u00bb4.17.4&#8243; _module_preset=\u00bbdefault\u00bb global_colors_info=\u00bb{}\u00bb]<\/p>\n<ul>\n<li>Piscinas exteriores,<\/li>\n<li>Piscinas interiores,<\/li>\n<li>Piscinas con zona de hidromasaje<\/li>\n<\/ul>\n<p>[\/et_pb_text][\/et_pb_column][et_pb_column type=\u00bb1_3&#8243; _builder_version=\u00bb4.16&#8243; _module_preset=\u00bbdefault\u00bb global_colors_info=\u00bb{}\u00bb][et_pb_text _builder_version=\u00bb4.16&#8243; _module_preset=\u00bbdefault\u00bb global_colors_info=\u00bb{}\u00bb]<\/p>\n<ul>\n<li>Piscinas con cascada,<\/li>\n<li>Piscinas cuadradas,<\/li>\n<li>Piscinas circulares<\/li>\n<\/ul>\n<p>[\/et_pb_text][\/et_pb_column][et_pb_column type=\u00bb1_3&#8243; _builder_version=\u00bb4.16&#8243; _module_preset=\u00bbdefault\u00bb global_colors_info=\u00bb{}\u00bb][et_pb_text _builder_version=\u00bb4.16&#8243; _module_preset=\u00bbdefault\u00bb global_colors_info=\u00bb{}\u00bb]<\/p>\n<ul>\n<li>Piscinas con forma libre,<\/li>\n<li>Piscinas de nataci\u00f3n,<\/li>\n<li>Piscinas de gran tama\u00f1o.<\/li>\n<\/ul>\n<p>[\/et_pb_text][\/et_pb_column][\/et_pb_row][et_pb_row column_structure=\u00bb1_3,1_3,1_3&#8243; _builder_version=\u00bb4.16&#8243; _module_preset=\u00bbdefault\u00bb global_colors_info=\u00bb{}\u00bb][et_pb_column type=\u00bb1_3&#8243; _builder_version=\u00bb4.16&#8243; _module_preset=\u00bbdefault\u00bb global_colors_info=\u00bb{}\u00bb][et_pb_image src=\u00bbhttps:\/\/www.julianpiscinas.com\/wp-content\/uploads\/2021\/02\/empresa-de-construccion-de-piscinas-en-cunit.jpg\u00bb alt=\u00bbConstrucci\u00f3n de piscinas en Cunit\u00bb title_text=\u00bbConstrucci\u00f3n de piscinas en Cunit\u00bb _builder_version=\u00bb4.17.4&#8243; _module_preset=\u00bbdefault\u00bb height=\u00bb250px\u00bb hover_enabled=\u00bb0&#8243; global_colors_info=\u00bb{}\u00bb sticky_enabled=\u00bb0&#8243;][\/et_pb_image][et_pb_text _builder_version=\u00bb4.17.4&#8243; _module_preset=\u00bbdefault\u00bb text_font_size=\u00bb16px\u00bb header_2_text_color=\u00bb#0c71c3&#8243; header_3_text_color=\u00bb#0c71c3&#8243; global_colors_info=\u00bb{}\u00bb]<\/p>\n<h3>Experiencia<\/h3>\n<p>En Juli\u00e1n Piscines levamos muchos a\u00f1os de experiencia realizando construcciones de piscinas en Cunit y poblaciones de la Costa Dorada. Nuestro personal se ocupa de todas las tareas necesarias, desde la fase de concepto hasta la puesta en marcha de su piscina, con total profesionalidad y atenci\u00f3n al detalle.<\/p>\n<p>[\/et_pb_text][\/et_pb_column][et_pb_column type=\u00bb1_3&#8243; _builder_version=\u00bb4.16&#8243; _module_preset=\u00bbdefault\u00bb global_colors_info=\u00bb{}\u00bb][et_pb_image src=\u00bbhttps:\/\/www.julianpiscinas.com\/wp-content\/uploads\/2021\/02\/asesoramiento-construccion-de-piscinas-Cunit.jpg\u00bb _builder_version=\u00bb4.17.4&#8243; _module_preset=\u00bbdefault\u00bb height=\u00bb250px\u00bb max_height_tablet=\u00bb\u00bb max_height_phone=\u00bb\u00bb max_height_last_edited=\u00bbon|desktop\u00bb hover_enabled=\u00bb0&#8243; global_colors_info=\u00bb{}\u00bb sticky_enabled=\u00bb0&#8243;][\/et_pb_image][et_pb_text _builder_version=\u00bb4.17.4&#8243; _module_preset=\u00bbdefault\u00bb text_font_size=\u00bb16px\u00bb header_2_text_color=\u00bb#0c71c3&#8243; global_colors_info=\u00bb{}\u00bb]<\/p>\n<h3>Asesoramiento<\/h3>\n<p>Nuestros expertos le asesoran y mantienen el contacto durante todas las fases de su proyecto, por ello nuestros clientes siempre obtienen la piscina de sus sue\u00f1os.<\/p>\n<p>Le ofrecemos un amplio abanico de opciones en materiales, accesorios y acabados para ajustar la piscina a sus deseos y necesidades.<\/p>\n<p>[\/et_pb_text][\/et_pb_column][et_pb_column type=\u00bb1_3&#8243; _builder_version=\u00bb4.16&#8243; _module_preset=\u00bbdefault\u00bb global_colors_info=\u00bb{}\u00bb][et_pb_image src=\u00bbhttps:\/\/www.julianpiscinas.com\/wp-content\/uploads\/2021\/02\/tecnicas-de-construccionde-piscinas-en-cunit.jpg\u00bb alt=\u00bbConstrucci\u00f3n de piscinas en Cunit\u00bb title_text=\u00bbConstrucci\u00f3n de piscinas en Cunit\u00bb _builder_version=\u00bb4.17.4&#8243; _module_preset=\u00bbdefault\u00bb height=\u00bb250px\u00bb hover_enabled=\u00bb0&#8243; global_colors_info=\u00bb{}\u00bb sticky_enabled=\u00bb0&#8243;][\/et_pb_image][et_pb_text _builder_version=\u00bb4.17.4&#8243; _module_preset=\u00bbdefault\u00bb text_font_size=\u00bb16px\u00bb header_2_text_color=\u00bb#0c71c3&#8243; global_colors_info=\u00bb{}\u00bb]<\/p>\n<h3>A la vanguardia de las t\u00e9cnicas de construcci\u00f3n<\/h3>\n<p>Siempre trabajamos para mantenernos actualizados con las m\u00e1s nuevas tecnolog\u00edas de construcci\u00f3n de piscinas\u00a0 y seguir las nuevas tendencias. Por ello, a la hora asesorar nuestros clientes y de construir nuestras piscinas le podemos ofrecer las mejores soluciones para obtener una piscina con m\u00e1xima durabilidad y costes ajustados.<\/p>\n<p>[\/et_pb_text][\/et_pb_column][\/et_pb_row][et_pb_row _builder_version=\u00bb4.17.4&#8243; _module_preset=\u00bbdefault\u00bb custom_padding=\u00bb50px||0px||false|false\u00bb global_colors_info=\u00bb{}\u00bb][et_pb_column type=\u00bb4_4&#8243; _builder_version=\u00bb4.17.4&#8243; _module_preset=\u00bbdefault\u00bb global_colors_info=\u00bb{}\u00bb][et_pb_text _builder_version=\u00bb4.17.4&#8243; _module_preset=\u00bbdefault\u00bb global_colors_info=\u00bb{}\u00bb]<\/p>\n<h3 style=\"text-align: center;\"><strong>Expertos en la construcci\u00f3n de piscinas<\/strong><\/h3>\n<p>[\/et_pb_text][\/et_pb_column][\/et_pb_row][et_pb_row column_structure=\u00bb1_2,1_2&#8243; make_equal=\u00bbon\u00bb _builder_version=\u00bb4.16&#8243; _module_preset=\u00bbdefault\u00bb global_colors_info=\u00bb{}\u00bb][et_pb_column type=\u00bb1_2&#8243; _builder_version=\u00bb4.16&#8243; _module_preset=\u00bbdefault\u00bb custom_css_main_element=\u00bbdisplay:flex;justify-content:center;align-content:center;flex-flow:column;\u00bb global_colors_info=\u00bb{}\u00bb][et_pb_text _builder_version=\u00bb4.16&#8243; _module_preset=\u00bbdefault\u00bb text_font_size=\u00bb16px\u00bb custom_padding=\u00bb1em|1em|1em|1em|true|true\u00bb global_colors_info=\u00bb{}\u00bb]Contacta con nosotros si necesitas hacer cualquier obra como:<\/p>\n<ul>\n<li>Construcci\u00f3n de piscinas nuevas,<\/li>\n<li>rehabilitaci\u00f3n y renovaci\u00f3n de piscinas existentes,<\/li>\n<li>revestimientos,<\/li>\n<li>colocaci\u00f3n de hidromasaje,<\/li>\n<li>reducci\u00f3n de profundidad,<\/li>\n<li>modernizaci\u00f3n de instalaciones,<\/li>\n<li>instalaciones de clarificaci\u00f3n,<\/li>\n<li>instalaciones de electr\u00f3lisis salina, instalaciones de ox\u00edgeno activo.<\/li>\n<li>Instalaciones de cubiertas para piscina<\/li>\n<\/ul>\n<p>[\/et_pb_text][et_pb_button button_url=\u00bbtel:+34600811678&#8243; button_text=\u00bbSolicita tu presupuesto sin compromiso\u00bb button_alignment=\u00bbcenter\u00bb _builder_version=\u00bb4.16&#8243; _module_preset=\u00bbdefault\u00bb custom_button=\u00bbon\u00bb button_text_color=\u00bb#ffffff\u00bb button_bg_color=\u00bb#060b68&#8243; button_border_width=\u00bb0px\u00bb button_border_radius=\u00bb2px\u00bb button_use_icon=\u00bboff\u00bb global_colors_info=\u00bb{}\u00bb][\/et_pb_button][\/et_pb_column][et_pb_column type=\u00bb1_2&#8243; _builder_version=\u00bb4.16&#8243; _module_preset=\u00bbdefault\u00bb custom_css_main_element=\u00bbdisplay:flex;justify-content:center;align-content:center;flex-flow:column;\u00bb global_colors_info=\u00bb{}\u00bb][et_pb_image src=\u00bbhttps:\/\/www.julianpiscinas.com\/wp-content\/uploads\/2018\/11\/reparacion-de-piscinas-600.jpg\u00bb _builder_version=\u00bb4.17.4&#8243; _module_preset=\u00bbdefault\u00bb hover_enabled=\u00bb0&#8243; global_colors_info=\u00bb{}\u00bb sticky_enabled=\u00bb0&#8243; alt=\u00bbConstrucci\u00f3n de piscinas en Cunit\u00bb title_text=\u00bbConstrucci\u00f3n de piscinas en Cunit\u00bb][\/et_pb_image][\/et_pb_column][\/et_pb_row][et_pb_row _builder_version=\u00bb4.17.4&#8243; _module_preset=\u00bbdefault\u00bb column_structure=\u00bb1_2,1_2&#8243;][et_pb_column _builder_version=\u00bb4.17.4&#8243; _module_preset=\u00bbdefault\u00bb type=\u00bb1_2&#8243;][et_pb_image src=\u00bbhttps:\/\/www.julianpiscinas.com\/wp-content\/uploads\/2021\/02\/mini-piscina-con-spa.jpg\u00bb _builder_version=\u00bb4.17.4&#8243; _module_preset=\u00bbdefault\u00bb alt=\u00bbConstrucci\u00f3n de piscinas en Cunit\u00bb title_text=\u00bbConstrucci\u00f3n de piscinas en Cunit\u00bb hover_enabled=\u00bb0&#8243; sticky_enabled=\u00bb0&#8243;][\/et_pb_image][\/et_pb_column][et_pb_column _builder_version=\u00bb4.17.4&#8243; _module_preset=\u00bbdefault\u00bb type=\u00bb1_2&#8243;][et_pb_image src=\u00bbhttps:\/\/www.julianpiscinas.com\/wp-content\/uploads\/2021\/08\/Construccion-de-piscinas-en-superficie-Tarragona.jpg\u00bb _builder_version=\u00bb4.17.4&#8243; _module_preset=\u00bbdefault\u00bb hover_enabled=\u00bb0&#8243; sticky_enabled=\u00bb0&#8243;][\/et_pb_image][\/et_pb_column][\/et_pb_row][\/et_pb_section][et_pb_section fb_built=\u00bb1&#8243; _builder_version=\u00bb4.16&#8243; _module_preset=\u00bbdefault\u00bb global_colors_info=\u00bb{}\u00bb][et_pb_row _builder_version=\u00bb4.16&#8243; _module_preset=\u00bbdefault\u00bb background_image=\u00bbhttps:\/\/www.julianpiscinas.com\/wp-content\/uploads\/2018\/07\/cubierta-piscina.jpg\u00bb parallax=\u00bbon\u00bb width=\u00bb100%\u00bb max_width=\u00bb1600px\u00bb custom_padding=\u00bb5%||5%||true|false\u00bb global_colors_info=\u00bb{}\u00bb][et_pb_column type=\u00bb4_4&#8243; _builder_version=\u00bb4.16&#8243; _module_preset=\u00bbdefault\u00bb global_colors_info=\u00bb{}\u00bb][et_pb_cta title=\u00bbSi buscas una empresa de construcci\u00f3n de piscinas que ofrezca la mejor calidad, confianza y precios ajustados\u00bb button_url=\u00bbtel:+34600811678&#8243; button_text=\u00bbLL\u00e1manos\u00bb _builder_version=\u00bb4.16&#8243; _module_preset=\u00bbdefault\u00bb background_color=\u00bbrgba(43,43,43,0.61)\u00bb custom_button=\u00bbon\u00bb button_text_color=\u00bb#ffffff\u00bb button_bg_color=\u00bb#060b68&#8243; button_border_width=\u00bb0px\u00bb button_border_radius=\u00bb2px\u00bb button_use_icon=\u00bboff\u00bb max_width=\u00bb70%\u00bb module_alignment=\u00bbcenter\u00bb global_colors_info=\u00bb{}\u00bb][\/et_pb_cta][\/et_pb_column][\/et_pb_row][\/et_pb_section]<\/p>","protected":false},"excerpt":{"rendered":"<p>Construcci\u00f3n de piscinas en Cunit Empresa constructora especializada en construcci\u00f3n de piscinas en Cunit | Realizamos todo tipo de piscinas de obra Expertos en Piscinas de gunitado en CunitContamos con los mejores profesionales para la construcci\u00f3n de su piscina en Cunit Construcci\u00f3n de piscinas en Cunit con la mejor relaci\u00f3n calidad &#8211; precio Si est\u00e1 [&hellip;]<\/p>","protected":false},"author":1,"featured_media":0,"parent":0,"menu_order":0,"comment_status":"closed","ping_status":"closed","template":"","meta":{"_et_pb_use_builder":"on","_et_pb_old_content":"","_et_gb_content_width":"","footnotes":""},"class_list":["post-1552","page","type-page","status-publish","hentry"],"yoast_head":"<!-- This site is optimized with the Yoast SEO plugin v23.2 - https:\/\/yoast.com\/wordpress\/plugins\/seo\/ -->\n<title>Construcci\u00f3n de piscinas en Cunit<\/title>\n<meta name=\"description\" content=\"Construcci\u00f3n de piscinas en Cunit - Empresa especializada en piscinas de gunitado, Piscinas de obra de calidad. \u00a1Presupuestos sin compromiso!\" \/>\n<meta name=\"robots\" content=\"index, follow, max-snippet:-1, max-image-preview:large, max-video-preview:-1\" \/>\n<link rel=\"canonical\" href=\"https:\/\/www.julianpiscinas.com\/ca\/construccion-de-piscinas-en-cunit\/\" \/>\n<meta property=\"og:locale\" content=\"ca_ES\" \/>\n<meta property=\"og:type\" content=\"article\" \/>\n<meta property=\"og:title\" content=\"Construcci\u00f3n de piscinas en Cunit\" \/>\n<meta property=\"og:description\" content=\"Construcci\u00f3n de piscinas en Cunit - Empresa especializada en piscinas de gunitado, Piscinas de obra de calidad. \u00a1Presupuestos sin compromiso!\" \/>\n<meta property=\"og:url\" content=\"https:\/\/www.julianpiscinas.com\/ca\/construccion-de-piscinas-en-cunit\/\" \/>\n<meta property=\"og:site_name\" content=\"Jul\u00ed\u00e1n Piscines | construcci\u00f3n de piscinas | mantenimiento y reformas de piscinas | art\u00edculos y materiales de piscina\" \/>\n<meta property=\"article:modified_time\" content=\"2023-02-15T12:21:15+00:00\" \/>\n<meta name=\"twitter:card\" content=\"summary_large_image\" \/>\n<meta name=\"twitter:label1\" content=\"Temps estimat de lectura\" \/>\n\t<meta name=\"twitter:data1\" content=\"3 minuts\" \/>\n<script type=\"application\/ld+json\" class=\"yoast-schema-graph\">{\"@context\":\"https:\/\/schema.org\",\"@graph\":[{\"@type\":\"WebPage\",\"@id\":\"https:\/\/www.julianpiscinas.com\/construccion-de-piscinas-en-cunit\/\",\"url\":\"https:\/\/www.julianpiscinas.com\/construccion-de-piscinas-en-cunit\/\",\"name\":\"Construcci\u00f3n de piscinas en Cunit\",\"isPartOf\":{\"@id\":\"https:\/\/www.julianpiscinas.com\/#website\"},\"datePublished\":\"2021-02-17T16:30:29+00:00\",\"dateModified\":\"2023-02-15T12:21:15+00:00\",\"description\":\"Construcci\u00f3n de piscinas en Cunit - Empresa especializada en piscinas de gunitado, Piscinas de obra de calidad. \u00a1Presupuestos sin compromiso!\",\"breadcrumb\":{\"@id\":\"https:\/\/www.julianpiscinas.com\/construccion-de-piscinas-en-cunit\/#breadcrumb\"},\"inLanguage\":\"ca\",\"potentialAction\":[{\"@type\":\"ReadAction\",\"target\":[\"https:\/\/www.julianpiscinas.com\/construccion-de-piscinas-en-cunit\/\"]}]},{\"@type\":\"BreadcrumbList\",\"@id\":\"https:\/\/www.julianpiscinas.com\/construccion-de-piscinas-en-cunit\/#breadcrumb\",\"itemListElement\":[{\"@type\":\"ListItem\",\"position\":1,\"name\":\"Portada\",\"item\":\"https:\/\/www.julianpiscinas.com\/\"},{\"@type\":\"ListItem\",\"position\":2,\"name\":\"Construcci\u00f3n de piscinas en Cunit\"}]},{\"@type\":\"WebSite\",\"@id\":\"https:\/\/www.julianpiscinas.com\/#website\",\"url\":\"https:\/\/www.julianpiscinas.com\/\",\"name\":\"Jul\u00ed\u00e1n Piscines | construcci\u00f3n de piscinas | mantenimiento y reformas de piscinas | art\u00edculos y materiales de piscina\",\"description\":\"Construcci\u00f3n y instalaci\u00f3n de piscinas en Els Pallaresos\",\"potentialAction\":[{\"@type\":\"SearchAction\",\"target\":{\"@type\":\"EntryPoint\",\"urlTemplate\":\"https:\/\/www.julianpiscinas.com\/?s={search_term_string}\"},\"query-input\":\"required name=search_term_string\"}],\"inLanguage\":\"ca\"}]}<\/script>\n<!-- \/ Yoast SEO plugin. -->","yoast_head_json":{"title":"Construcci\u00f3n de piscinas en Cunit","description":"Construcci\u00f3n de piscinas en Cunit - Empresa especializada en piscinas de gunitado, Piscinas de obra de calidad. \u00a1Presupuestos sin compromiso!","robots":{"index":"index","follow":"follow","max-snippet":"max-snippet:-1","max-image-preview":"max-image-preview:large","max-video-preview":"max-video-preview:-1"},"canonical":"https:\/\/www.julianpiscinas.com\/ca\/construccion-de-piscinas-en-cunit\/","og_locale":"ca_ES","og_type":"article","og_title":"Construcci\u00f3n de piscinas en Cunit","og_description":"Construcci\u00f3n de piscinas en Cunit - Empresa especializada en piscinas de gunitado, Piscinas de obra de calidad. \u00a1Presupuestos sin compromiso!","og_url":"https:\/\/www.julianpiscinas.com\/ca\/construccion-de-piscinas-en-cunit\/","og_site_name":"Jul\u00ed\u00e1n Piscines | construcci\u00f3n de piscinas | mantenimiento y reformas de piscinas | art\u00edculos y materiales de piscina","article_modified_time":"2023-02-15T12:21:15+00:00","twitter_card":"summary_large_image","twitter_misc":{"Temps estimat de lectura":"3 minuts"},"schema":{"@context":"https:\/\/schema.org","@graph":[{"@type":"WebPage","@id":"https:\/\/www.julianpiscinas.com\/construccion-de-piscinas-en-cunit\/","url":"https:\/\/www.julianpiscinas.com\/construccion-de-piscinas-en-cunit\/","name":"Construcci\u00f3n de piscinas en Cunit","isPartOf":{"@id":"https:\/\/www.julianpiscinas.com\/#website"},"datePublished":"2021-02-17T16:30:29+00:00","dateModified":"2023-02-15T12:21:15+00:00","description":"Construcci\u00f3n de piscinas en Cunit - Empresa especializada en piscinas de gunitado, Piscinas de obra de calidad. \u00a1Presupuestos sin compromiso!","breadcrumb":{"@id":"https:\/\/www.julianpiscinas.com\/construccion-de-piscinas-en-cunit\/#breadcrumb"},"inLanguage":"ca","potentialAction":[{"@type":"ReadAction","target":["https:\/\/www.julianpiscinas.com\/construccion-de-piscinas-en-cunit\/"]}]},{"@type":"BreadcrumbList","@id":"https:\/\/www.julianpiscinas.com\/construccion-de-piscinas-en-cunit\/#breadcrumb","itemListElement":[{"@type":"ListItem","position":1,"name":"Portada","item":"https:\/\/www.julianpiscinas.com\/"},{"@type":"ListItem","position":2,"name":"Construcci\u00f3n de piscinas en Cunit"}]},{"@type":"WebSite","@id":"https:\/\/www.julianpiscinas.com\/#website","url":"https:\/\/www.julianpiscinas.com\/","name":"Jul\u00ed\u00e1n Piscines | construcci\u00f3n de piscinas | mantenimiento y reformas de piscinas | art\u00edculos y materiales de piscina","description":"Construcci\u00f3n y instalaci\u00f3n de piscinas en Els Pallaresos","potentialAction":[{"@type":"SearchAction","target":{"@type":"EntryPoint","urlTemplate":"https:\/\/www.julianpiscinas.com\/?s={search_term_string}"},"query-input":"required name=search_term_string"}],"inLanguage":"ca"}]}},"_links":{"self":[{"href":"https:\/\/www.julianpiscinas.com\/ca\/wp-json\/wp\/v2\/pages\/1552","targetHints":{"allow":["GET"]}}],"collection":[{"href":"https:\/\/www.julianpiscinas.com\/ca\/wp-json\/wp\/v2\/pages"}],"about":[{"href":"https:\/\/www.julianpiscinas.com\/ca\/wp-json\/wp\/v2\/types\/page"}],"author":[{"embeddable":true,"href":"https:\/\/www.julianpiscinas.com\/ca\/wp-json\/wp\/v2\/users\/1"}],"replies":[{"embeddable":true,"href":"https:\/\/www.julianpiscinas.com\/ca\/wp-json\/wp\/v2\/comments?post=1552"}],"version-history":[{"count":8,"href":"https:\/\/www.julianpiscinas.com\/ca\/wp-json\/wp\/v2\/pages\/1552\/revisions"}],"predecessor-version":[{"id":2091,"href":"https:\/\/www.julianpiscinas.com\/ca\/wp-json\/wp\/v2\/pages\/1552\/revisions\/2091"}],"wp:attachment":[{"href":"https:\/\/www.julianpiscinas.com\/ca\/wp-json\/wp\/v2\/media?parent=1552"}],"curies":[{"name":"wp","href":"https:\/\/api.w.org\/{rel}","templated":true}]}}