{"id":1487,"date":"2020-07-22T06:31:46","date_gmt":"2020-07-22T06:31:46","guid":{"rendered":"https:\/\/www.julianpiscinas.com\/?page_id=1487"},"modified":"2020-07-22T06:31:50","modified_gmt":"2020-07-22T06:31:50","slug":"hormigon-impreso-tarragona-2","status":"publish","type":"page","link":"https:\/\/www.julianpiscinas.com\/ca\/hormigon-impreso-tarragona-2\/","title":{"rendered":"Hormig\u00f3n impreso Tarragona"},"content":{"rendered":"<h1 class=\"wp-block-heading\">Hormig\u00f3n impreso Tarragona &#8211; Precios m2<\/h1>\n\n\n\n<p>Los moldes empleados para imprimir la superficie del hormig\u00f3n permiten reproducir texturas naturales con gran realismo.<\/p>\n\n\n\n<p>Es decir, con esta t\u00e9cnica podemos imitar materiales de la naturaleza empleados en la construcci\u00f3n, como la madera.<\/p>\n\n\n\n<p>Asimismo, podemos emular un sinf\u00edn de formas y texturas, como piedra, baldosas, adoquines, pizarra o cualquier otro elemento que queramos que exalte nuestro pavimento, pero con el dise\u00f1o y color que nosotros deseemos combinar.<\/p>\n\n\n\n<p>E<a href=\"https:\/\/www.julianpiscinas.com\/ca\/\">l <em>hormig\u00f3n impreso <\/em>que instala Julian Piscinas<\/a> consiste en extender la masa de concreto sobre el terreno previamente nivelado y compactado.<\/p>\n\n\n\n<p>Se suele seguir una serie de pasos que garantizan resultados espectaculares, ya que los pavimentos impresos causan gran impacto, pues es un piso que se ve muy bien: vistosos colores, texturas y formas inesperadas.<\/p>\n\n\n\n<p>Estas son algunas de las razones por la que los propietarios de viviendas o empresas optan por un piso de cemento impreso Cuenca para mejorar el aspecto del ambiente, al mismo tiempo que disfrutan de todas las bondades del hormig\u00f3n cl\u00e1sico: durabilidad, resistencia y est\u00e9tica.<\/p>\n\n\n\n<p>De hecho, los pavimentos de hormig\u00f3n impreso en Tarragona son tan resistentes y duraderos como el hormig\u00f3n tradicional, todo gracias a los productos utilizados sobre la superficie acabada, como los endurecedores de sellado.<\/p>","protected":false},"excerpt":{"rendered":"<p>Hormig\u00f3n impreso Tarragona &#8211; Precios m2 Los moldes empleados para imprimir la superficie del hormig\u00f3n permiten reproducir texturas naturales con gran realismo. Es decir, con esta t\u00e9cnica podemos imitar materiales de la naturaleza empleados en la construcci\u00f3n, como la madera. Asimismo, podemos emular un sinf\u00edn de formas y texturas, como piedra, baldosas, adoquines, pizarra o [&hellip;]<\/p>","protected":false},"author":1,"featured_media":843,"parent":0,"menu_order":0,"comment_status":"closed","ping_status":"closed","template":"","meta":{"_et_pb_use_builder":"off","_et_pb_old_content":"","_et_gb_content_width":"","footnotes":""},"class_list":["post-1487","page","type-page","status-publish","has-post-thumbnail","hentry"],"yoast_head":"<!-- This site is optimized with the Yoast SEO plugin v23.2 - https:\/\/yoast.com\/wordpress\/plugins\/seo\/ -->\n<title>Hormig\u00f3n impreso Tarragona - Jul\u00ed\u00e1n Piscines | construcci\u00f3n de piscinas | mantenimiento y reformas de piscinas | art\u00edculos y materiales de piscina<\/title>\n<meta name=\"robots\" content=\"index, follow, max-snippet:-1, max-image-preview:large, max-video-preview:-1\" \/>\n<link rel=\"canonical\" href=\"https:\/\/www.julianpiscinas.com\/ca\/hormigon-impreso-tarragona-2\/\" \/>\n<meta property=\"og:locale\" content=\"ca_ES\" \/>\n<meta property=\"og:type\" content=\"article\" \/>\n<meta property=\"og:title\" content=\"Hormig\u00f3n impreso Tarragona - Jul\u00ed\u00e1n Piscines | construcci\u00f3n de piscinas | mantenimiento y reformas de piscinas | art\u00edculos y materiales de piscina\" \/>\n<meta property=\"og:description\" content=\"Hormig\u00f3n impreso Tarragona &#8211; Precios m2 Los moldes empleados para imprimir la superficie del hormig\u00f3n permiten reproducir texturas naturales con gran realismo. Es decir, con esta t\u00e9cnica podemos imitar materiales de la naturaleza empleados en la construcci\u00f3n, como la madera. Asimismo, podemos emular un sinf\u00edn de formas y texturas, como piedra, baldosas, adoquines, pizarra o [&hellip;]\" \/>\n<meta property=\"og:url\" content=\"https:\/\/www.julianpiscinas.com\/ca\/hormigon-impreso-tarragona-2\/\" \/>\n<meta property=\"og:site_name\" content=\"Jul\u00ed\u00e1n Piscines | construcci\u00f3n de piscinas | mantenimiento y reformas de piscinas | art\u00edculos y materiales de piscina\" \/>\n<meta property=\"article:modified_time\" content=\"2020-07-22T06:31:50+00:00\" \/>\n<meta property=\"og:image\" content=\"https:\/\/www.julianpiscinas.com\/wp-content\/uploads\/2018\/02\/pavimento-dos-600.jpg\" \/>\n\t<meta property=\"og:image:width\" content=\"600\" \/>\n\t<meta property=\"og:image:height\" content=\"400\" \/>\n\t<meta property=\"og:image:type\" content=\"image\/jpeg\" \/>\n<meta name=\"twitter:card\" content=\"summary_large_image\" \/>\n<meta name=\"twitter:label1\" content=\"Temps estimat de lectura\" \/>\n\t<meta name=\"twitter:data1\" content=\"1 minut\" \/>\n<script type=\"application\/ld+json\" class=\"yoast-schema-graph\">{\"@context\":\"https:\/\/schema.org\",\"@graph\":[{\"@type\":\"WebPage\",\"@id\":\"https:\/\/www.julianpiscinas.com\/hormigon-impreso-tarragona-2\/\",\"url\":\"https:\/\/www.julianpiscinas.com\/hormigon-impreso-tarragona-2\/\",\"name\":\"Hormig\u00f3n impreso Tarragona - Jul\u00ed\u00e1n Piscines | construcci\u00f3n de piscinas | mantenimiento y reformas de piscinas | art\u00edculos y materiales de piscina\",\"isPartOf\":{\"@id\":\"https:\/\/www.julianpiscinas.com\/#website\"},\"primaryImageOfPage\":{\"@id\":\"https:\/\/www.julianpiscinas.com\/hormigon-impreso-tarragona-2\/#primaryimage\"},\"image\":{\"@id\":\"https:\/\/www.julianpiscinas.com\/hormigon-impreso-tarragona-2\/#primaryimage\"},\"thumbnailUrl\":\"https:\/\/www.julianpiscinas.com\/wp-content\/uploads\/2018\/02\/pavimento-dos-600.jpg\",\"datePublished\":\"2020-07-22T06:31:46+00:00\",\"dateModified\":\"2020-07-22T06:31:50+00:00\",\"breadcrumb\":{\"@id\":\"https:\/\/www.julianpiscinas.com\/hormigon-impreso-tarragona-2\/#breadcrumb\"},\"inLanguage\":\"ca\",\"potentialAction\":[{\"@type\":\"ReadAction\",\"target\":[\"https:\/\/www.julianpiscinas.com\/hormigon-impreso-tarragona-2\/\"]}]},{\"@type\":\"ImageObject\",\"inLanguage\":\"ca\",\"@id\":\"https:\/\/www.julianpiscinas.com\/hormigon-impreso-tarragona-2\/#primaryimage\",\"url\":\"https:\/\/www.julianpiscinas.com\/wp-content\/uploads\/2018\/02\/pavimento-dos-600.jpg\",\"contentUrl\":\"https:\/\/www.julianpiscinas.com\/wp-content\/uploads\/2018\/02\/pavimento-dos-600.jpg\",\"width\":600,\"height\":400,\"caption\":\"pavimento estampado\"},{\"@type\":\"BreadcrumbList\",\"@id\":\"https:\/\/www.julianpiscinas.com\/hormigon-impreso-tarragona-2\/#breadcrumb\",\"itemListElement\":[{\"@type\":\"ListItem\",\"position\":1,\"name\":\"Portada\",\"item\":\"https:\/\/www.julianpiscinas.com\/\"},{\"@type\":\"ListItem\",\"position\":2,\"name\":\"Hormig\u00f3n impreso Tarragona\"}]},{\"@type\":\"WebSite\",\"@id\":\"https:\/\/www.julianpiscinas.com\/#website\",\"url\":\"https:\/\/www.julianpiscinas.com\/\",\"name\":\"Jul\u00ed\u00e1n Piscines | construcci\u00f3n de piscinas | mantenimiento y reformas de piscinas | art\u00edculos y materiales de piscina\",\"description\":\"Construcci\u00f3n y instalaci\u00f3n de piscinas en Els Pallaresos\",\"potentialAction\":[{\"@type\":\"SearchAction\",\"target\":{\"@type\":\"EntryPoint\",\"urlTemplate\":\"https:\/\/www.julianpiscinas.com\/?s={search_term_string}\"},\"query-input\":\"required name=search_term_string\"}],\"inLanguage\":\"ca\"}]}<\/script>\n<!-- \/ Yoast SEO plugin. -->","yoast_head_json":{"title":"Hormig\u00f3n impreso Tarragona - Jul\u00ed\u00e1n Piscines | construcci\u00f3n de piscinas | mantenimiento y reformas de piscinas | art\u00edculos y materiales de piscina","robots":{"index":"index","follow":"follow","max-snippet":"max-snippet:-1","max-image-preview":"max-image-preview:large","max-video-preview":"max-video-preview:-1"},"canonical":"https:\/\/www.julianpiscinas.com\/ca\/hormigon-impreso-tarragona-2\/","og_locale":"ca_ES","og_type":"article","og_title":"Hormig\u00f3n impreso Tarragona - Jul\u00ed\u00e1n Piscines | construcci\u00f3n de piscinas | mantenimiento y reformas de piscinas | art\u00edculos y materiales de piscina","og_description":"Hormig\u00f3n impreso Tarragona &#8211; Precios m2 Los moldes empleados para imprimir la superficie del hormig\u00f3n permiten reproducir texturas naturales con gran realismo. Es decir, con esta t\u00e9cnica podemos imitar materiales de la naturaleza empleados en la construcci\u00f3n, como la madera. Asimismo, podemos emular un sinf\u00edn de formas y texturas, como piedra, baldosas, adoquines, pizarra o [&hellip;]","og_url":"https:\/\/www.julianpiscinas.com\/ca\/hormigon-impreso-tarragona-2\/","og_site_name":"Jul\u00ed\u00e1n Piscines | construcci\u00f3n de piscinas | mantenimiento y reformas de piscinas | art\u00edculos y materiales de piscina","article_modified_time":"2020-07-22T06:31:50+00:00","og_image":[{"width":600,"height":400,"url":"https:\/\/www.julianpiscinas.com\/wp-content\/uploads\/2018\/02\/pavimento-dos-600.jpg","type":"image\/jpeg"}],"twitter_card":"summary_large_image","twitter_misc":{"Temps estimat de lectura":"1 minut"},"schema":{"@context":"https:\/\/schema.org","@graph":[{"@type":"WebPage","@id":"https:\/\/www.julianpiscinas.com\/hormigon-impreso-tarragona-2\/","url":"https:\/\/www.julianpiscinas.com\/hormigon-impreso-tarragona-2\/","name":"Hormig\u00f3n impreso Tarragona - Jul\u00ed\u00e1n Piscines | construcci\u00f3n de piscinas | mantenimiento y reformas de piscinas | art\u00edculos y materiales de piscina","isPartOf":{"@id":"https:\/\/www.julianpiscinas.com\/#website"},"primaryImageOfPage":{"@id":"https:\/\/www.julianpiscinas.com\/hormigon-impreso-tarragona-2\/#primaryimage"},"image":{"@id":"https:\/\/www.julianpiscinas.com\/hormigon-impreso-tarragona-2\/#primaryimage"},"thumbnailUrl":"https:\/\/www.julianpiscinas.com\/wp-content\/uploads\/2018\/02\/pavimento-dos-600.jpg","datePublished":"2020-07-22T06:31:46+00:00","dateModified":"2020-07-22T06:31:50+00:00","breadcrumb":{"@id":"https:\/\/www.julianpiscinas.com\/hormigon-impreso-tarragona-2\/#breadcrumb"},"inLanguage":"ca","potentialAction":[{"@type":"ReadAction","target":["https:\/\/www.julianpiscinas.com\/hormigon-impreso-tarragona-2\/"]}]},{"@type":"ImageObject","inLanguage":"ca","@id":"https:\/\/www.julianpiscinas.com\/hormigon-impreso-tarragona-2\/#primaryimage","url":"https:\/\/www.julianpiscinas.com\/wp-content\/uploads\/2018\/02\/pavimento-dos-600.jpg","contentUrl":"https:\/\/www.julianpiscinas.com\/wp-content\/uploads\/2018\/02\/pavimento-dos-600.jpg","width":600,"height":400,"caption":"pavimento estampado"},{"@type":"BreadcrumbList","@id":"https:\/\/www.julianpiscinas.com\/hormigon-impreso-tarragona-2\/#breadcrumb","itemListElement":[{"@type":"ListItem","position":1,"name":"Portada","item":"https:\/\/www.julianpiscinas.com\/"},{"@type":"ListItem","position":2,"name":"Hormig\u00f3n impreso Tarragona"}]},{"@type":"WebSite","@id":"https:\/\/www.julianpiscinas.com\/#website","url":"https:\/\/www.julianpiscinas.com\/","name":"Jul\u00ed\u00e1n Piscines | construcci\u00f3n de piscinas | mantenimiento y reformas de piscinas | art\u00edculos y materiales de piscina","description":"Construcci\u00f3n y instalaci\u00f3n de piscinas en Els Pallaresos","potentialAction":[{"@type":"SearchAction","target":{"@type":"EntryPoint","urlTemplate":"https:\/\/www.julianpiscinas.com\/?s={search_term_string}"},"query-input":"required name=search_term_string"}],"inLanguage":"ca"}]}},"_links":{"self":[{"href":"https:\/\/www.julianpiscinas.com\/ca\/wp-json\/wp\/v2\/pages\/1487","targetHints":{"allow":["GET"]}}],"collection":[{"href":"https:\/\/www.julianpiscinas.com\/ca\/wp-json\/wp\/v2\/pages"}],"about":[{"href":"https:\/\/www.julianpiscinas.com\/ca\/wp-json\/wp\/v2\/types\/page"}],"author":[{"embeddable":true,"href":"https:\/\/www.julianpiscinas.com\/ca\/wp-json\/wp\/v2\/users\/1"}],"replies":[{"embeddable":true,"href":"https:\/\/www.julianpiscinas.com\/ca\/wp-json\/wp\/v2\/comments?post=1487"}],"version-history":[{"count":1,"href":"https:\/\/www.julianpiscinas.com\/ca\/wp-json\/wp\/v2\/pages\/1487\/revisions"}],"predecessor-version":[{"id":1488,"href":"https:\/\/www.julianpiscinas.com\/ca\/wp-json\/wp\/v2\/pages\/1487\/revisions\/1488"}],"wp:featuredmedia":[{"embeddable":true,"href":"https:\/\/www.julianpiscinas.com\/ca\/wp-json\/wp\/v2\/media\/843"}],"wp:attachment":[{"href":"https:\/\/www.julianpiscinas.com\/ca\/wp-json\/wp\/v2\/media?parent=1487"}],"curies":[{"name":"wp","href":"https:\/\/api.w.org\/{rel}","templated":true}]}}