{"id":1069,"date":"2018-12-14T10:30:22","date_gmt":"2018-12-14T10:30:22","guid":{"rendered":"https:\/\/www.julianpiscinas.com\/?page_id=1069"},"modified":"2023-02-15T09:04:00","modified_gmt":"2023-02-15T09:04:00","slug":"pavimentos-decorativos-en-tarragona","status":"publish","type":"page","link":"https:\/\/www.julianpiscinas.com\/ca\/pavimentos-decorativos-en-tarragona\/","title":{"rendered":"Paviments decoratius a Tarragona"},"content":{"rendered":"<p>[et_pb_section fb_built=\u00bb1&#8243; _builder_version=\u00bb4.17.4&#8243; _module_preset=\u00bbdefault\u00bb custom_padding=\u00bb0px||0px||true|false\u00bb locked=\u00bboff\u00bb global_colors_info=\u00bb{}\u00bb][et_pb_row _builder_version=\u00bb4.17.4&#8243; _module_preset=\u00bbdefault\u00bb width=\u00bb100%\u00bb max_width=\u00bb2560px\u00bb custom_padding=\u00bb0px||0px||true|false\u00bb global_colors_info=\u00bb{}\u00bb][et_pb_column type=\u00bb4_4&#8243; _builder_version=\u00bb4.17.4&#8243; _module_preset=\u00bbdefault\u00bb global_colors_info=\u00bb{}\u00bb][et_pb_slider _builder_version=\u00bb4.17.4&#8243; _module_preset=\u00bbdefault\u00bb hover_enabled=\u00bb0&#8243; global_colors_info=\u00bb{}\u00bb sticky_enabled=\u00bb0&#8243;][et_pb_slide heading=\u00bbPavimentos decorativos en Tarragona\u00bb _builder_version=\u00bb4.17.4&#8243; _module_preset=\u00bbdefault\u00bb header_level=\u00bbh1&#8243; header_font=\u00bb|700||on|||||\u00bb background_enable_color=\u00bboff\u00bb background_image=\u00bbhttps:\/\/www.julianpiscinas.com\/wp-content\/uploads\/2016\/03\/IMG_4745.jpg\u00bb background_enable_image=\u00bbon\u00bb hover_enabled=\u00bb0&#8243; global_colors_info=\u00bb{}\u00bb sticky_transition=\u00bbon\u00bb sticky_enabled=\u00bb0&#8243;]<\/p>\n<p>Somos expertos con a\u00f1os de experiencia en la instalaci\u00f3n de pavimentos decorativos en Tarragona<\/p>\n<p>[\/et_pb_slide][\/et_pb_slider][\/et_pb_column][\/et_pb_row][\/et_pb_section][et_pb_section fb_built=\u00bb1&#8243; admin_label=\u00bbsection\u00bb _builder_version=\u00bb4.16&#8243; global_colors_info=\u00bb{}\u00bb][et_pb_row column_structure=\u00bb3_4,1_4&#8243; _builder_version=\u00bb4.16&#8243; background_size=\u00bbinitial\u00bb background_position=\u00bbtop_left\u00bb background_repeat=\u00bbrepeat\u00bb global_colors_info=\u00bb{}\u00bb][et_pb_column type=\u00bb3_4&#8243; _builder_version=\u00bb4.16&#8243; custom_padding=\u00bb|||\u00bb global_colors_info=\u00bb{}\u00bb custom_padding__hover=\u00bb|||\u00bb][et_pb_text _builder_version=\u00bb4.17.4&#8243; background_size=\u00bbinitial\u00bb background_position=\u00bbtop_left\u00bb background_repeat=\u00bbrepeat\u00bb text_orientation=\u00bbcenter\u00bb module_alignment=\u00bbcenter\u00bb hover_enabled=\u00bb0&#8243; use_border_color=\u00bboff\u00bb border_color=\u00bb#ffffff\u00bb border_style=\u00bbsolid\u00bb global_colors_info=\u00bb{}\u00bb sticky_enabled=\u00bb0&#8243;]<\/p>\n<h2 style=\"text-align: left;\"><strong>Expertos en la instalaci\u00f3n de pavimentos decorativos en Tarragona<\/strong><\/h2>\n<p>[\/et_pb_text][et_pb_text _builder_version=\u00bb4.17.4&#8243; background_size=\u00bbinitial\u00bb background_position=\u00bbtop_left\u00bb background_repeat=\u00bbrepeat\u00bb text_orientation=\u00bbjustified\u00bb hover_enabled=\u00bb0&#8243; use_border_color=\u00bboff\u00bb border_color=\u00bb#ffffff\u00bb border_style=\u00bbsolid\u00bb global_colors_info=\u00bb{}\u00bb sticky_enabled=\u00bb0&#8243;]<\/p>\n<p>En <strong>Juli\u00e1n Piscinas<\/strong> realizamos <strong>pavimentos decorativos en Tarragona<\/strong>.\u00a0Normalmente, siempre que realizamos una nueva construcci\u00f3n de una piscina instalamos un pavimento alrededor de ella. Es importante dar un aspecto atractivo y bonito a las piscinas para estar a gusto con la construcci\u00f3n.<\/p>\n<h2>Los mejores pavimentos decorativos en Tarragona<\/h2>\n<p>Disponemos de una amplia variedad de <strong>pavimentos decorativos para piscinas<\/strong> puedes verlos todos en nuestro local o contactando con nosotros. En caso ninguno sea de suficiente agrado, no hay ning\u00fan problema ya que buscaremos el pavimento perfecto para cada uno de nuestros clientes.<\/p>\n<p>Pavimentos decorativos para entradas de vivienda, parkings, accesos, etc.<\/p>\n<p>[\/et_pb_text][et_pb_image src=\u00bbhttps:\/\/www.julianpiscinas.com\/wp-content\/uploads\/2016\/03\/IMG_4746.jpg\u00bb alt=\u00bbPavimentos decorativos Tarragona\u00bb title_text=\u00bbPavimentos decorativos Tarragona\u00bb _builder_version=\u00bb4.17.4&#8243; _module_preset=\u00bbdefault\u00bb hover_enabled=\u00bb0&#8243; global_colors_info=\u00bb{}\u00bb sticky_enabled=\u00bb0&#8243;][\/et_pb_image][et_pb_text _builder_version=\u00bb4.17.4&#8243; _module_preset=\u00bbdefault\u00bb hover_enabled=\u00bb0&#8243; global_colors_info=\u00bb{}\u00bb sticky_enabled=\u00bb0&#8243;]<\/p>\n<h3><\/h3>\n<h3>Altres serveis<\/h3>\n<p>Ofrecemos construcciones de piscinas en Tarragona tanto de obra como de liner armado de PVC. Junto a ellas instalamos el pavimento adecuado de la manera m\u00e1s profesional y adecuado para asegurar la durabilidad de nuestra instalaci\u00f3n.<\/p>\n<h3>Contactar con Julian Piscinas<\/h3>\n<p>Si est\u00e1 interesado en instalar<strong> pavimentos decorativos <\/strong>no dude en <a href=\"https:\/\/www.julianpiscinas.com\/ca\/contacto-julian-i-olano-piscines\/\">contactar con nosotros a trav\u00e9s de nuestro formulario de contacto<\/a> o a trav\u00e9s de cualquiera de nuestros n\u00fameros de tel\u00e9fono.<\/p>\n<p>[\/et_pb_text][et_pb_image src=\u00bbhttps:\/\/www.julianpiscinas.com\/wp-content\/uploads\/2016\/03\/IMG_4745.jpg\u00bb alt=\u00bbPavimentos decorativos en Tarragona\u00bb title_text=\u00bbPavimentos decorativos en Tarragona\u00bb align=\u00bbcenter\u00bb align_tablet=\u00bbcenter\u00bb align_phone=\u00bb\u00bb align_last_edited=\u00bbon|desktop\u00bb _builder_version=\u00bb4.17.4&#8243; animation_style=\u00bbslide\u00bb animation_direction=\u00bbleft\u00bb animation_duration=\u00bb500ms\u00bb animation_intensity_slide=\u00bb10%\u00bb hover_enabled=\u00bb0&#8243; use_border_color=\u00bboff\u00bb border_color=\u00bb#ffffff\u00bb border_style=\u00bbsolid\u00bb animation=\u00bbleft\u00bb sticky=\u00bboff\u00bb global_colors_info=\u00bb{}\u00bb sticky_enabled=\u00bb0&#8243;][\/et_pb_image][\/et_pb_column][et_pb_column type=\u00bb1_4&#8243; _builder_version=\u00bb4.16&#8243; custom_padding=\u00bb|||\u00bb global_colors_info=\u00bb{}\u00bb custom_padding__hover=\u00bb|||\u00bb][et_pb_blog posts_number=\u00bb3&#8243; include_categories=\u00bb6&#8243; show_more=\u00bbon\u00bb show_comments=\u00bbon\u00bb show_pagination=\u00bboff\u00bb _builder_version=\u00bb4.17.4&#8243; use_border_color=\u00bboff\u00bb border_color=\u00bb#ffffff\u00bb border_style=\u00bbsolid\u00bb use_dropshadow=\u00bboff\u00bb global_colors_info=\u00bb{}\u00bb][\/et_pb_blog][\/et_pb_column][\/et_pb_row][et_pb_row _builder_version=\u00bb4.17.4&#8243; _module_preset=\u00bbdefault\u00bb column_structure=\u00bb1_2,1_2&#8243;][et_pb_column _builder_version=\u00bb4.17.4&#8243; _module_preset=\u00bbdefault\u00bb type=\u00bb1_2&#8243;][et_pb_image src=\u00bbhttps:\/\/www.julianpiscinas.com\/wp-content\/uploads\/2016\/04\/11.jpg\u00bb _builder_version=\u00bb4.17.4&#8243; _module_preset=\u00bbdefault\u00bb hover_enabled=\u00bb0&#8243; sticky_enabled=\u00bb0&#8243; alt=\u00bbPavimentos decorativos en Tarragona\u00bb title_text=\u00bbPavimentos decorativos en Tarragona\u00bb][\/et_pb_image][\/et_pb_column][et_pb_column _builder_version=\u00bb4.17.4&#8243; _module_preset=\u00bbdefault\u00bb type=\u00bb1_2&#8243;][et_pb_image src=\u00bbhttps:\/\/www.julianpiscinas.com\/wp-content\/uploads\/2016\/04\/8.jpg\u00bb _builder_version=\u00bb4.17.4&#8243; _module_preset=\u00bbdefault\u00bb alt=\u00bbPavimentos decorativos en Tarragona\u00bb title_text=\u00bbPavimentos decorativos en Tarragona\u00bb hover_enabled=\u00bb0&#8243; sticky_enabled=\u00bb0&#8243;][\/et_pb_image][\/et_pb_column][\/et_pb_row][\/et_pb_section][et_pb_section fb_built=\u00bb1&#8243; custom_padding_last_edited=\u00bbon|desktop\u00bb admin_label=\u00bbSecci\u00f3n\u00bb _builder_version=\u00bb4.17.4&#8243; background_color=\u00bb#006AC1&#8243; custom_padding=\u00bb27px|0px|0px|0px\u00bb custom_padding_tablet=\u00bb50px|0|50px|0&#8243; custom_padding_phone=\u00bb\u00bb transparent_background=\u00bboff\u00bb padding_mobile=\u00bboff\u00bb global_module=\u00bb468&#8243; global_colors_info=\u00bb{}\u00bb][et_pb_row column_structure=\u00bb1_4,1_4,1_4,1_4&#8243; padding_mobile=\u00bboff\u00bb column_padding_mobile=\u00bbon\u00bb _builder_version=\u00bb4.17.4&#8243; background_size=\u00bbinitial\u00bb background_position=\u00bbtop_left\u00bb background_repeat=\u00bbrepeat\u00bb width=\u00bb95%\u00bb max_width=\u00bb1400px\u00bb global_colors_info=\u00bb{}\u00bb][et_pb_column type=\u00bb1_4&#8243; _builder_version=\u00bb4.16&#8243; custom_padding=\u00bb|||\u00bb global_colors_info=\u00bb{}\u00bb custom_padding__hover=\u00bb|||\u00bb][et_pb_blurb title=\u00bbUBICACI\u00d3N\u00bb use_icon=\u00bbon\u00bb font_icon=\u00bb&#x52;||divi||400&#8243; icon_color=\u00bb#efef9e\u00bb icon_placement=\u00bbleft\u00bb _builder_version=\u00bb4.17.4&#8243; header_text_color=\u00bb#FFFFFF\u00bb body_text_color=\u00bb#FFFFFF\u00bb background_color=\u00bbRGBA(255,255,255,0)\u00bb background_layout=\u00bbdark\u00bb use_border_color=\u00bboff\u00bb global_colors_info=\u00bb{}\u00bb]<\/p>\n<p>Bloc Sant Tom\u00e0s. Esc. E 5\u00ba-1\u00aa<br \/>43007 &#8211; Sant Pau i Sant Pere (Tarragona)<\/p>\n<p>[\/et_pb_blurb][\/et_pb_column][et_pb_column type=\u00bb1_4&#8243; _builder_version=\u00bb4.16&#8243; custom_padding=\u00bb|||\u00bb global_colors_info=\u00bb{}\u00bb custom_padding__hover=\u00bb|||\u00bb][et_pb_blurb title=\u00bbCONTACTO\u00bb use_icon=\u00bbon\u00bb font_icon=\u00bb&#x52;||divi||400&#8243; icon_color=\u00bb#efef9e\u00bb icon_placement=\u00bbleft\u00bb _builder_version=\u00bb4.17.4&#8243; header_text_color=\u00bb#FFFFFF\u00bb body_text_color=\u00bb#FFFFFF\u00bb body_link_text_color=\u00bb#9bfffb\u00bb body_link_line_height=\u00bb2em\u00bb background_color=\u00bbRGBA(255,255,255,0)\u00bb background_layout=\u00bbdark\u00bb use_border_color=\u00bboff\u00bb global_colors_info=\u00bb{}\u00bb]<\/p>\n<p>M\u00f2bil: <strong><a href=\"tel: 34600811678\">600 811 678<\/a><\/strong><br \/>M\u00f2bil: <strong> <a href=\"tel: 34671581032\">671 581 032<\/a><\/strong><\/p>\n<p>[\/et_pb_blurb][\/et_pb_column][et_pb_column type=\u00bb1_4&#8243; _builder_version=\u00bb4.16&#8243; custom_padding=\u00bb|||\u00bb global_colors_info=\u00bb{}\u00bb custom_padding__hover=\u00bb|||\u00bb][et_pb_blurb title=\u00bbHORARIO\u00bb use_icon=\u00bbon\u00bb font_icon=\u00bb&#x52;||divi||400&#8243; icon_color=\u00bb#efef9e\u00bb icon_placement=\u00bbleft\u00bb _builder_version=\u00bb4.17.4&#8243; header_text_color=\u00bb#FFFFFF\u00bb body_text_color=\u00bb#FFFFFF\u00bb background_color=\u00bbRGBA(255,255,255,0)\u00bb background_layout=\u00bbdark\u00bb use_border_color=\u00bboff\u00bb global_colors_info=\u00bb{}\u00bb]<\/p>\n<p>Dilluns a Divendres<br \/>09.00h a 13.30h<br \/>17.00h a 19.00h<br \/>Dissabte:<br \/>09.00 a 13.30h<\/p>\n<p>[\/et_pb_blurb][\/et_pb_column][et_pb_column type=\u00bb1_4&#8243; _builder_version=\u00bb4.16&#8243; custom_padding=\u00bb|||\u00bb global_colors_info=\u00bb{}\u00bb custom_padding__hover=\u00bb|||\u00bb][et_pb_blurb title=\u00bbREDES SOCIALES\u00bb url=\u00bbhttps:\/\/goo.gl\/maps\/XPoazdzeDdy\u00bb use_icon=\u00bbon\u00bb font_icon=\u00bb&#x52;||divi||400&#8243; icon_color=\u00bb#efef9e\u00bb icon_placement=\u00bbleft\u00bb _builder_version=\u00bb4.17.4&#8243; header_text_color=\u00bb#FFFFFF\u00bb body_text_color=\u00bb#FFFFFF\u00bb background_color=\u00bbRGBA(255,255,255,0)\u00bb background_layout=\u00bbdark\u00bb use_border_color=\u00bboff\u00bb global_colors_info=\u00bb{}\u00bb][\/et_pb_blurb][et_pb_social_media_follow _builder_version=\u00bb4.17.4&#8243; _module_preset=\u00bbdefault\u00bb global_colors_info=\u00bb{}\u00bb][et_pb_social_media_follow_network social_network=\u00bbfacebook\u00bb url=\u00bbhttps:\/\/www.facebook.com\/profile.php?id=100057597542963&#8243; _builder_version=\u00bb4.17.4&#8243; _module_preset=\u00bbdefault\u00bb background_color=\u00bb#3b5998&#8243; global_colors_info=\u00bb{}\u00bb follow_button=\u00bboff\u00bb url_new_window=\u00bbon\u00bb]facebook[\/et_pb_social_media_follow_network][et_pb_social_media_follow_network social_network=\u00bbinstagram\u00bb url=\u00bbhttps:\/\/www.instagram.com\/julianpiscinas\/\u00bb _builder_version=\u00bb4.17.4&#8243; _module_preset=\u00bbdefault\u00bb background_color=\u00bb#ea2c59&#8243; global_colors_info=\u00bb{}\u00bb follow_button=\u00bboff\u00bb url_new_window=\u00bbon\u00bb]instagram[\/et_pb_social_media_follow_network][et_pb_social_media_follow_network social_network=\u00bbyoutube\u00bb url=\u00bbhttps:\/\/www.youtube.com\/channel\/UCvx5x4LoATHWd1GUWQM8fYA\u00bb _builder_version=\u00bb4.17.4&#8243; _module_preset=\u00bbdefault\u00bb background_color=\u00bb#a82400&#8243; global_colors_info=\u00bb{}\u00bb follow_button=\u00bboff\u00bb url_new_window=\u00bbon\u00bb]youtube[\/et_pb_social_media_follow_network][et_pb_social_media_follow_network social_network=\u00bbgoogle\u00bb url=\u00bbhttps:\/\/goo.gl\/maps\/gq2kHcXktgK2&#8243; _builder_version=\u00bb4.17.4&#8243; _module_preset=\u00bbdefault\u00bb background_color=\u00bb#4285f4&#8243; global_colors_info=\u00bb{}\u00bb follow_button=\u00bboff\u00bb url_new_window=\u00bbon\u00bb]google[\/et_pb_social_media_follow_network][et_pb_social_media_follow_network social_network=\u00bblinkedin\u00bb url=\u00bbhttps:\/\/www.linkedin.com\/in\/julian-piscinas-86a250173\/\u00bb _builder_version=\u00bb4.17.4&#8243; _module_preset=\u00bbdefault\u00bb background_color=\u00bb#004472&#8243; background_enable_color=\u00bbon\u00bb global_colors_info=\u00bb{}\u00bb follow_button=\u00bboff\u00bb url_new_window=\u00bbon\u00bb]linkedin[\/et_pb_social_media_follow_network][\/et_pb_social_media_follow][\/et_pb_column][\/et_pb_row][\/et_pb_section]<\/p>","protected":false},"excerpt":{"rendered":"<p>Somos expertos con a\u00f1os de experiencia en la instalaci\u00f3n de pavimentos decorativos en TarragonaExpertos en la instalaci\u00f3n de pavimentos decorativos en TarragonaEn Juli\u00e1n Piscinas realizamos pavimentos decorativos en Tarragona.\u00a0Normalmente, siempre que realizamos una nueva construcci\u00f3n de una piscina instalamos un pavimento alrededor de ella. Es importante dar un aspecto atractivo y bonito a las piscinas [&hellip;]<\/p>","protected":false},"author":1,"featured_media":0,"parent":0,"menu_order":0,"comment_status":"closed","ping_status":"closed","template":"","meta":{"_et_pb_use_builder":"on","_et_pb_old_content":"","_et_gb_content_width":"","footnotes":""},"class_list":["post-1069","page","type-page","status-publish","hentry"],"yoast_head":"<!-- This site is optimized with the Yoast SEO plugin v23.2 - https:\/\/yoast.com\/wordpress\/plugins\/seo\/ -->\n<title>Pavimentos decorativos en Tarragona - Julian Piscines<\/title>\n<meta name=\"description\" content=\"Instalaci\u00f3n de pavimentos decorativos en Tarragona, una gran variedad de pavimentos decorativos y estampados para la piscina o jard\u00edn.\" \/>\n<meta name=\"robots\" content=\"index, follow, max-snippet:-1, max-image-preview:large, max-video-preview:-1\" \/>\n<link rel=\"canonical\" href=\"https:\/\/www.julianpiscinas.com\/ca\/pavimentos-decorativos-en-tarragona\/\" \/>\n<meta property=\"og:locale\" content=\"ca_ES\" \/>\n<meta property=\"og:type\" content=\"article\" \/>\n<meta property=\"og:title\" content=\"Pavimentos decorativos en Tarragona - Julian Piscines\" \/>\n<meta property=\"og:description\" content=\"Instalaci\u00f3n de pavimentos decorativos en Tarragona, una gran variedad de pavimentos decorativos y estampados para la piscina o jard\u00edn.\" \/>\n<meta property=\"og:url\" content=\"https:\/\/www.julianpiscinas.com\/ca\/pavimentos-decorativos-en-tarragona\/\" \/>\n<meta property=\"og:site_name\" content=\"Jul\u00ed\u00e1n Piscines | construcci\u00f3n de piscinas | mantenimiento y reformas de piscinas | art\u00edculos y materiales de piscina\" \/>\n<meta property=\"article:modified_time\" content=\"2023-02-15T09:04:00+00:00\" \/>\n<meta name=\"twitter:card\" content=\"summary_large_image\" \/>\n<meta name=\"twitter:label1\" content=\"Temps estimat de lectura\" \/>\n\t<meta name=\"twitter:data1\" content=\"2 minuts\" \/>\n<script type=\"application\/ld+json\" class=\"yoast-schema-graph\">{\"@context\":\"https:\/\/schema.org\",\"@graph\":[{\"@type\":\"WebPage\",\"@id\":\"https:\/\/www.julianpiscinas.com\/pavimentos-decorativos-en-tarragona\/\",\"url\":\"https:\/\/www.julianpiscinas.com\/pavimentos-decorativos-en-tarragona\/\",\"name\":\"Pavimentos decorativos en Tarragona - Julian Piscines\",\"isPartOf\":{\"@id\":\"https:\/\/www.julianpiscinas.com\/#website\"},\"datePublished\":\"2018-12-14T10:30:22+00:00\",\"dateModified\":\"2023-02-15T09:04:00+00:00\",\"description\":\"Instalaci\u00f3n de pavimentos decorativos en Tarragona, una gran variedad de pavimentos decorativos y estampados para la piscina o jard\u00edn.\",\"breadcrumb\":{\"@id\":\"https:\/\/www.julianpiscinas.com\/pavimentos-decorativos-en-tarragona\/#breadcrumb\"},\"inLanguage\":\"ca\",\"potentialAction\":[{\"@type\":\"ReadAction\",\"target\":[\"https:\/\/www.julianpiscinas.com\/pavimentos-decorativos-en-tarragona\/\"]}]},{\"@type\":\"BreadcrumbList\",\"@id\":\"https:\/\/www.julianpiscinas.com\/pavimentos-decorativos-en-tarragona\/#breadcrumb\",\"itemListElement\":[{\"@type\":\"ListItem\",\"position\":1,\"name\":\"Portada\",\"item\":\"https:\/\/www.julianpiscinas.com\/\"},{\"@type\":\"ListItem\",\"position\":2,\"name\":\"Pavimentos decorativos en Tarragona\"}]},{\"@type\":\"WebSite\",\"@id\":\"https:\/\/www.julianpiscinas.com\/#website\",\"url\":\"https:\/\/www.julianpiscinas.com\/\",\"name\":\"Jul\u00ed\u00e1n Piscines | construcci\u00f3n de piscinas | mantenimiento y reformas de piscinas | art\u00edculos y materiales de piscina\",\"description\":\"Construcci\u00f3n y instalaci\u00f3n de piscinas en Els Pallaresos\",\"potentialAction\":[{\"@type\":\"SearchAction\",\"target\":{\"@type\":\"EntryPoint\",\"urlTemplate\":\"https:\/\/www.julianpiscinas.com\/?s={search_term_string}\"},\"query-input\":\"required name=search_term_string\"}],\"inLanguage\":\"ca\"}]}<\/script>\n<!-- \/ Yoast SEO plugin. -->","yoast_head_json":{"title":"Pavimentos decorativos en Tarragona - Julian Piscines","description":"Instalaci\u00f3n de pavimentos decorativos en Tarragona, una gran variedad de pavimentos decorativos y estampados para la piscina o jard\u00edn.","robots":{"index":"index","follow":"follow","max-snippet":"max-snippet:-1","max-image-preview":"max-image-preview:large","max-video-preview":"max-video-preview:-1"},"canonical":"https:\/\/www.julianpiscinas.com\/ca\/pavimentos-decorativos-en-tarragona\/","og_locale":"ca_ES","og_type":"article","og_title":"Pavimentos decorativos en Tarragona - Julian Piscines","og_description":"Instalaci\u00f3n de pavimentos decorativos en Tarragona, una gran variedad de pavimentos decorativos y estampados para la piscina o jard\u00edn.","og_url":"https:\/\/www.julianpiscinas.com\/ca\/pavimentos-decorativos-en-tarragona\/","og_site_name":"Jul\u00ed\u00e1n Piscines | construcci\u00f3n de piscinas | mantenimiento y reformas de piscinas | art\u00edculos y materiales de piscina","article_modified_time":"2023-02-15T09:04:00+00:00","twitter_card":"summary_large_image","twitter_misc":{"Temps estimat de lectura":"2 minuts"},"schema":{"@context":"https:\/\/schema.org","@graph":[{"@type":"WebPage","@id":"https:\/\/www.julianpiscinas.com\/pavimentos-decorativos-en-tarragona\/","url":"https:\/\/www.julianpiscinas.com\/pavimentos-decorativos-en-tarragona\/","name":"Pavimentos decorativos en Tarragona - Julian Piscines","isPartOf":{"@id":"https:\/\/www.julianpiscinas.com\/#website"},"datePublished":"2018-12-14T10:30:22+00:00","dateModified":"2023-02-15T09:04:00+00:00","description":"Instalaci\u00f3n de pavimentos decorativos en Tarragona, una gran variedad de pavimentos decorativos y estampados para la piscina o jard\u00edn.","breadcrumb":{"@id":"https:\/\/www.julianpiscinas.com\/pavimentos-decorativos-en-tarragona\/#breadcrumb"},"inLanguage":"ca","potentialAction":[{"@type":"ReadAction","target":["https:\/\/www.julianpiscinas.com\/pavimentos-decorativos-en-tarragona\/"]}]},{"@type":"BreadcrumbList","@id":"https:\/\/www.julianpiscinas.com\/pavimentos-decorativos-en-tarragona\/#breadcrumb","itemListElement":[{"@type":"ListItem","position":1,"name":"Portada","item":"https:\/\/www.julianpiscinas.com\/"},{"@type":"ListItem","position":2,"name":"Pavimentos decorativos en Tarragona"}]},{"@type":"WebSite","@id":"https:\/\/www.julianpiscinas.com\/#website","url":"https:\/\/www.julianpiscinas.com\/","name":"Jul\u00ed\u00e1n Piscines | construcci\u00f3n de piscinas | mantenimiento y reformas de piscinas | art\u00edculos y materiales de piscina","description":"Construcci\u00f3n y instalaci\u00f3n de piscinas en Els Pallaresos","potentialAction":[{"@type":"SearchAction","target":{"@type":"EntryPoint","urlTemplate":"https:\/\/www.julianpiscinas.com\/?s={search_term_string}"},"query-input":"required name=search_term_string"}],"inLanguage":"ca"}]}},"_links":{"self":[{"href":"https:\/\/www.julianpiscinas.com\/ca\/wp-json\/wp\/v2\/pages\/1069","targetHints":{"allow":["GET"]}}],"collection":[{"href":"https:\/\/www.julianpiscinas.com\/ca\/wp-json\/wp\/v2\/pages"}],"about":[{"href":"https:\/\/www.julianpiscinas.com\/ca\/wp-json\/wp\/v2\/types\/page"}],"author":[{"embeddable":true,"href":"https:\/\/www.julianpiscinas.com\/ca\/wp-json\/wp\/v2\/users\/1"}],"replies":[{"embeddable":true,"href":"https:\/\/www.julianpiscinas.com\/ca\/wp-json\/wp\/v2\/comments?post=1069"}],"version-history":[{"count":8,"href":"https:\/\/www.julianpiscinas.com\/ca\/wp-json\/wp\/v2\/pages\/1069\/revisions"}],"predecessor-version":[{"id":2077,"href":"https:\/\/www.julianpiscinas.com\/ca\/wp-json\/wp\/v2\/pages\/1069\/revisions\/2077"}],"wp:attachment":[{"href":"https:\/\/www.julianpiscinas.com\/ca\/wp-json\/wp\/v2\/media?parent=1069"}],"curies":[{"name":"wp","href":"https:\/\/api.w.org\/{rel}","templated":true}]}}