{"id":1045,"date":"2018-11-15T14:48:27","date_gmt":"2018-11-15T14:48:27","guid":{"rendered":"https:\/\/www.julianpiscinas.com\/?page_id=1045"},"modified":"2024-02-02T11:32:25","modified_gmt":"2024-02-02T11:32:25","slug":"reformas-en-vilanova-geltru","status":"publish","type":"page","link":"https:\/\/www.julianpiscinas.com\/ca\/reformas-en-vilanova-geltru\/","title":{"rendered":"Reformas en Vilanova i la Geltr\u00fa"},"content":{"rendered":"<p>[et_pb_section fb_built=\u00bb1&#8243; _builder_version=\u00bb4.17.4&#8243; _module_preset=\u00bbdefault\u00bb background_image=\u00bbhttps:\/\/www.julianpiscinas.com\/wp-content\/uploads\/2018\/07\/reformas-costa-dorada.jpg\u00bb custom_padding=\u00bb100px||100px||false|false\u00bb locked=\u00bboff\u00bb global_colors_info=\u00bb{}\u00bb][et_pb_row _builder_version=\u00bb4.24.0&#8243; _module_preset=\u00bbdefault\u00bb hover_enabled=\u00bb0&#8243; global_colors_info=\u00bb{}\u00bb sticky_enabled=\u00bb0&#8243;][et_pb_column type=\u00bb4_4&#8243; _builder_version=\u00bb4.24.0&#8243; _module_preset=\u00bbdefault\u00bb hover_enabled=\u00bb0&#8243; global_colors_info=\u00bb{}\u00bb sticky_enabled=\u00bb0&#8243;][et_pb_text _builder_version=\u00bb4.24.0&#8243; _module_preset=\u00bbdefault\u00bb hover_enabled=\u00bb0&#8243; global_colors_info=\u00bb{}\u00bb background_color=\u00bbrgba(0,0,0,0.5)\u00bb custom_padding=\u00bb3em|7em|3em|7em|true|true\u00bb text_text_color=\u00bb#FFFFFF\u00bb header_text_color=\u00bb#FFFFFF\u00bb sticky_enabled=\u00bb0&#8243; text_orientation=\u00bbcenter\u00bb]<\/p>\n<h1 style=\"text-align: center;\"><strong>Reformas en Vilanova i la Geltr\u00fa<\/strong><\/h1>\n<p>En Juli\u00e1n Piscines realizamos reformas integrales en la provincia de Barcelona, demostrando una amplia experiencia en el sector.<\/p>\n<p>[\/et_pb_text][\/et_pb_column][\/et_pb_row][\/et_pb_section][et_pb_section fb_built=\u00bb1&#8243; admin_label=\u00bbsection\u00bb _builder_version=\u00bb4.16&#8243; global_colors_info=\u00bb{}\u00bb][et_pb_row column_structure=\u00bb3_4,1_4&#8243; _builder_version=\u00bb4.24.0&#8243; background_size=\u00bbinitial\u00bb background_position=\u00bbtop_left\u00bb background_repeat=\u00bbrepeat\u00bb hover_enabled=\u00bb0&#8243; global_colors_info=\u00bb{}\u00bb sticky_enabled=\u00bb0&#8243;][et_pb_column type=\u00bb3_4&#8243; _builder_version=\u00bb4.16&#8243; custom_padding=\u00bb|||\u00bb global_colors_info=\u00bb{}\u00bb custom_padding__hover=\u00bb|||\u00bb][et_pb_text _builder_version=\u00bb4.24.0&#8243; background_size=\u00bbinitial\u00bb background_position=\u00bbtop_left\u00bb background_repeat=\u00bbrepeat\u00bb text_orientation=\u00bbjustified\u00bb hover_enabled=\u00bb0&#8243; use_border_color=\u00bboff\u00bb global_colors_info=\u00bb{}\u00bb sticky_enabled=\u00bb0&#8243;]<\/p>\n<h1 style=\"text-align: left;\"><strong>LAS MEJORES REFORMAS EN VILANOVA I LA GELTR\u00da<\/strong><\/h1>\n<p>En Juli\u00e1n Piscines llevamos a cabo <strong>reformas integrales en toda la provincia de Barcelona<\/strong>, contando con una amplia experiencia en el sector. Utilizamos materiales de primera calidad para garantizar resultados inigualables, mientras nuestro equipo de profesionales se encarga de todo el proceso.<\/p>\n<h3><strong>Qu\u00e9 le ofrecemos?<\/strong><\/h3>\n<p>Ofrecemos reformas en <strong>Vilanova i la Geltr\u00fa<\/strong> y sus alrededores, ya sean integrales o parciales de viviendas, as\u00ed como la renovaci\u00f3n de ba\u00f1os y\/o cocinas. Tambi\u00e9n proporcionamos un dise\u00f1o profesional y de calidad, junto con la gesti\u00f3n completa de la obra, materiales, equipamiento, etc.<\/p>\n<p>Nos comprometemos a cumplir plazos y presupuestos, garantizando la entrega puntual de tu espacio reformado.<\/p>\n<h3><strong>Experiencia y calidad en todas nuestras reformas en Vilanova i la Geltr\u00fa<\/strong><\/h3>\n<p>Con amplia experiencia y calidad, realizamos <strong>renovaciones completas de casas y pisos<\/strong> a precios competitivos, utilizando los mejores materiales.<\/p>\n<h3><strong>Solicitar m\u00e1s informaci\u00f3n<\/strong><\/h3>\n<p>Si est\u00e1s interesado en nuestros servicios de <strong>reformas en la Provincia de Barcelona<\/strong>, no dudes en contactarnos a trav\u00e9s de nuestro formulario de contacto o llamando a cualquiera de nuestros n\u00fameros telef\u00f3nicos. Estaremos encantados de proporcionarte m\u00e1s informaci\u00f3n.<\/p>\n<p>[\/et_pb_text][et_pb_image src=\u00bbhttps:\/\/www.julianpiscinas.com\/wp-content\/uploads\/2018\/07\/reformas-costa-dorada.jpg\u00bb alt=\u00bbReformas en Vilanova i la Geltr\u00fa\u00bb title_text=\u00bbReformas en Vilanova i la Geltr\u00fa\u00bb show_in_lightbox=\u00bbon\u00bb align=\u00bbcenter\u00bb align_tablet=\u00bbcenter\u00bb align_phone=\u00bbcenter\u00bb align_last_edited=\u00bbon|desktop\u00bb _builder_version=\u00bb4.17.4&#8243; animation_style=\u00bbslide\u00bb animation_direction=\u00bbleft\u00bb animation_duration=\u00bb500ms\u00bb animation_intensity_slide=\u00bb10%\u00bb use_border_color=\u00bboff\u00bb global_colors_info=\u00bb{}\u00bb][\/et_pb_image][et_pb_text _builder_version=\u00bb4.17.4&#8243; background_size=\u00bbinitial\u00bb background_position=\u00bbtop_left\u00bb background_repeat=\u00bbrepeat\u00bb text_orientation=\u00bbjustified\u00bb use_border_color=\u00bboff\u00bb locked=\u00bboff\u00bb global_colors_info=\u00bb{}\u00bb]<\/p>\n<h3><strong>Los mejores servicios de reformas en Vilanova i la Geltr\u00fa<\/strong><\/h3>\n<p>Nuestra gama de servicios de reformas incluye:<\/p>\n<ul>\n<li><strong>Reformas integrales:<\/strong><span>\u00a0<\/span>Nos especializamos en la renovaci\u00f3n completa de viviendas, locales comerciales y oficinas. Nuestro enfoque integral abarca desde la planificaci\u00f3n y el dise\u00f1o hasta la ejecuci\u00f3n y el acabado final, asegurando que cada detalle se realice con precisi\u00f3n y profesionalismo.<\/li>\n<li><strong>Reformas de cocinas y ba\u00f1os:<\/strong><span>\u00a0<\/span>Si est\u00e1 buscando renovar su cocina o ba\u00f1o, nuestros expertos pueden ayudarlo a crear espacios funcionales, elegantes y adaptados a sus necesidades espec\u00edficas. Trabajamos con los materiales y las tendencias m\u00e1s modernas para garantizar un resultado de alta calidad.<\/li>\n<li><strong>Reformas de exteriores:<\/strong><span>\u00a0<\/span>Adem\u00e1s de las reformas interiores, tambi\u00e9n ofrecemos servicios de renovaci\u00f3n de fachadas, terrazas, patios y jardines. Transformamos los espacios exteriores en \u00e1reas acogedoras y atractivas que complementen su estilo de vida y realcen la apariencia de su propiedad.<\/li>\n<li><strong>Reformas de locales comerciales:<\/strong><span>\u00a0<\/span>Si es propietario de un negocio en Vilanova i la Geltr\u00fa y desea actualizar su local comercial, estamos capacitados para ayudarlo a crear un espacio atractivo y funcional que atraiga a m\u00e1s clientes. Nos adaptamos a las necesidades de su negocio, maximizando la eficiencia del espacio y optimizando la experiencia del cliente.<\/li>\n<\/ul>\n<div class=\"group w-full text-gray-800 dark:text-gray-100 border-b border-black\/10 dark:border-gray-900\/50 bg-gray-50 dark:bg-[#444654]\">\n<div class=\"text-base gap-4 md:gap-6 md:max-w-2xl lg:max-w-2xl xl:max-w-3xl p-4 md:py-6 flex lg:px-0 m-auto\">\n<div class=\"relative flex w-[calc(100%-50px)] flex-col gap-1 md:gap-3 lg:w-[calc(100%-115px)]\">\n<div class=\"flex flex-grow flex-col gap-3\">\n<div class=\"min-h-[20px] flex flex-col items-start gap-4 whitespace-pre-wrap\">\n<div class=\"markdown prose w-full break-words dark:prose-invert light\">\n<p>&nbsp;<\/p>\n<\/div>\n<\/div>\n<\/div>\n<div class=\"flex justify-between\">\n<h3 class=\"text-gray-400 flex self-end lg:self-center justify-center mt-2 gap-3 md:gap-4 lg:gap-1 lg:absolute lg:top-0 lg:translate-x-full lg:right-0 lg:mt-0 lg:pl-2 visible\"><strong>Reformas integrales en Vilanova i la Geltr\u00fa<\/strong><\/h3>\n<p>Nuestras reformas integrales en Vilanova i la Geltr\u00fa de Julian Piscinas abarcan un amplio espectro de servicios destinados a transformar y mejorar espacios, ya sea en viviendas, oficinas o locales comerciales. Estas reformas est\u00e1n dise\u00f1adas para proporcionar soluciones completas y personalizadas que cumplan con las necesidades y deseos de nuestros clientes.<\/p>\n<p>Trabajamos en colaboraci\u00f3n con arquitectos y dise\u00f1adores para analizar la distribuci\u00f3n de los espacios, optimizar el uso del espacio disponible y mejorar la funcionalidad general. Esto implica la reconfiguraci\u00f3n de paredes, la apertura de nuevos ambientes, la creaci\u00f3n de espacios di\u00e1fanos y la maximizaci\u00f3n de la luz natural.<\/p>\n<p>Nuestras reformas integrales incluyen la renovaci\u00f3n de instalaciones el\u00e9ctricas, de fontaner\u00eda y de climatizaci\u00f3n. Nos aseguramos de que todos los sistemas sean eficientes, seguros y est\u00e9n en conformidad con las normativas vigentes. Esto implica la instalaci\u00f3n de nuevas conexiones el\u00e9ctricas, la actualizaci\u00f3n de tuber\u00edas y desag\u00fces, y la implementaci\u00f3n de sistemas de climatizaci\u00f3n adecuados para garantizar la comodidad y el bienestar en el espacio reformado.<\/p>\n<p><strong><\/strong><\/p>\n<\/div>\n<\/div>\n<\/div>\n<\/div>\n<p>[\/et_pb_text][\/et_pb_column][et_pb_column type=\u00bb1_4&#8243; _builder_version=\u00bb4.16&#8243; custom_padding=\u00bb|||\u00bb global_colors_info=\u00bb{}\u00bb custom_padding__hover=\u00bb|||\u00bb][et_pb_blog posts_number=\u00bb3&#8243; include_categories=\u00bb6&#8243; show_more=\u00bbon\u00bb show_author=\u00bboff\u00bb show_date=\u00bboff\u00bb show_categories=\u00bboff\u00bb show_pagination=\u00bboff\u00bb _builder_version=\u00bb4.17.4&#8243; use_border_color=\u00bboff\u00bb global_colors_info=\u00bb{}\u00bb][\/et_pb_blog][\/et_pb_column][\/et_pb_row][et_pb_row column_structure=\u00bb1_2,1_2&#8243; _builder_version=\u00bb4.17.4&#8243; _module_preset=\u00bbdefault\u00bb global_colors_info=\u00bb{}\u00bb][et_pb_column type=\u00bb1_2&#8243; _builder_version=\u00bb4.17.4&#8243; _module_preset=\u00bbdefault\u00bb global_colors_info=\u00bb{}\u00bb][et_pb_image src=\u00bbhttps:\/\/www.julianpiscinas.com\/wp-content\/uploads\/2019\/04\/reformas.jpg\u00bb alt=\u00bbReformas en Vilanova i la Geltr\u00fa\u00bb title_text=\u00bbReformas en Vilanova i la Geltr\u00fa\u00bb _builder_version=\u00bb4.17.4&#8243; _module_preset=\u00bbdefault\u00bb global_colors_info=\u00bb{}\u00bb][\/et_pb_image][\/et_pb_column][et_pb_column type=\u00bb1_2&#8243; _builder_version=\u00bb4.17.4&#8243; _module_preset=\u00bbdefault\u00bb global_colors_info=\u00bb{}\u00bb][et_pb_image src=\u00bbhttps:\/\/www.julianpiscinas.com\/wp-content\/uploads\/2018\/12\/reformas-600.jpg\u00bb alt=\u00bbReformas en Vilanova i la Geltr\u00fa\u00bb title_text=\u00bbReformas en Vilanova i la Geltr\u00fa\u00bb _builder_version=\u00bb4.17.4&#8243; _module_preset=\u00bbdefault\u00bb max_width=\u00bb92%\u00bb global_colors_info=\u00bb{}\u00bb][\/et_pb_image][\/et_pb_column][\/et_pb_row][\/et_pb_section][et_pb_section fb_built=\u00bb1&#8243; custom_padding_last_edited=\u00bbon|desktop\u00bb admin_label=\u00bbSecci\u00f3n\u00bb _builder_version=\u00bb4.17.4&#8243; background_color=\u00bb#006AC1&#8243; custom_padding=\u00bb27px|0px|0px|0px\u00bb custom_padding_tablet=\u00bb50px|0|50px|0&#8243; custom_padding_phone=\u00bb\u00bb transparent_background=\u00bboff\u00bb padding_mobile=\u00bboff\u00bb global_module=\u00bb468&#8243; global_colors_info=\u00bb{}\u00bb][et_pb_row column_structure=\u00bb1_4,1_4,1_4,1_4&#8243; padding_mobile=\u00bboff\u00bb column_padding_mobile=\u00bbon\u00bb _builder_version=\u00bb4.17.4&#8243; background_size=\u00bbinitial\u00bb background_position=\u00bbtop_left\u00bb background_repeat=\u00bbrepeat\u00bb width=\u00bb95%\u00bb max_width=\u00bb1400px\u00bb global_colors_info=\u00bb{}\u00bb][et_pb_column type=\u00bb1_4&#8243; _builder_version=\u00bb4.16&#8243; custom_padding=\u00bb|||\u00bb global_colors_info=\u00bb{}\u00bb custom_padding__hover=\u00bb|||\u00bb][et_pb_blurb title=\u00bbUBICACI\u00d3N\u00bb use_icon=\u00bbon\u00bb font_icon=\u00bb&#x52;||divi||400&#8243; icon_color=\u00bb#efef9e\u00bb icon_placement=\u00bbleft\u00bb _builder_version=\u00bb4.24.0&#8243; header_text_color=\u00bb#FFFFFF\u00bb body_text_color=\u00bb#FFFFFF\u00bb background_color=\u00bbRGBA(255,255,255,0)\u00bb background_layout=\u00bbdark\u00bb use_border_color=\u00bboff\u00bb global_colors_info=\u00bb{}\u00bb]<\/p>\n<p>Bloc Sant Tom\u00e0s. Esc. E 5\u00ba-1\u00aa<br \/>43007 &#8211; Sant Pere i Sant Pau (Tarragona)<\/p>\n<p>[\/et_pb_blurb][\/et_pb_column][et_pb_column type=\u00bb1_4&#8243; _builder_version=\u00bb4.16&#8243; custom_padding=\u00bb|||\u00bb global_colors_info=\u00bb{}\u00bb custom_padding__hover=\u00bb|||\u00bb][et_pb_blurb title=\u00bbCONTACTO\u00bb use_icon=\u00bbon\u00bb font_icon=\u00bb&#x52;||divi||400&#8243; icon_color=\u00bb#efef9e\u00bb icon_placement=\u00bbleft\u00bb _builder_version=\u00bb4.17.4&#8243; header_text_color=\u00bb#FFFFFF\u00bb body_text_color=\u00bb#FFFFFF\u00bb body_link_text_color=\u00bb#9bfffb\u00bb body_link_line_height=\u00bb2em\u00bb background_color=\u00bbRGBA(255,255,255,0)\u00bb background_layout=\u00bbdark\u00bb use_border_color=\u00bboff\u00bb global_colors_info=\u00bb{}\u00bb]<\/p>\n<p>M\u00f2bil: <strong><a href=\"tel: 34600811678\">600 811 678<\/a><\/strong><br \/>M\u00f2bil: <strong> <a href=\"tel: 34671581032\">671 581 032<\/a><\/strong><\/p>\n<p>[\/et_pb_blurb][\/et_pb_column][et_pb_column type=\u00bb1_4&#8243; _builder_version=\u00bb4.16&#8243; custom_padding=\u00bb|||\u00bb global_colors_info=\u00bb{}\u00bb custom_padding__hover=\u00bb|||\u00bb][et_pb_blurb title=\u00bbHORARIO\u00bb use_icon=\u00bbon\u00bb font_icon=\u00bb&#x52;||divi||400&#8243; icon_color=\u00bb#efef9e\u00bb icon_placement=\u00bbleft\u00bb _builder_version=\u00bb4.17.4&#8243; header_text_color=\u00bb#FFFFFF\u00bb body_text_color=\u00bb#FFFFFF\u00bb background_color=\u00bbRGBA(255,255,255,0)\u00bb background_layout=\u00bbdark\u00bb use_border_color=\u00bboff\u00bb global_colors_info=\u00bb{}\u00bb]<\/p>\n<p>Dilluns a Divendres<br \/>09.00h a 13.30h<br \/>17.00h a 19.00h<br \/>Dissabte:<br \/>09.00 a 13.30h<\/p>\n<p>[\/et_pb_blurb][\/et_pb_column][et_pb_column type=\u00bb1_4&#8243; _builder_version=\u00bb4.16&#8243; custom_padding=\u00bb|||\u00bb global_colors_info=\u00bb{}\u00bb custom_padding__hover=\u00bb|||\u00bb][et_pb_blurb title=\u00bbREDES SOCIALES\u00bb url=\u00bbhttps:\/\/goo.gl\/maps\/XPoazdzeDdy\u00bb use_icon=\u00bbon\u00bb font_icon=\u00bb&#x52;||divi||400&#8243; icon_color=\u00bb#efef9e\u00bb icon_placement=\u00bbleft\u00bb _builder_version=\u00bb4.17.4&#8243; header_text_color=\u00bb#FFFFFF\u00bb body_text_color=\u00bb#FFFFFF\u00bb background_color=\u00bbRGBA(255,255,255,0)\u00bb background_layout=\u00bbdark\u00bb use_border_color=\u00bboff\u00bb global_colors_info=\u00bb{}\u00bb][\/et_pb_blurb][et_pb_social_media_follow _builder_version=\u00bb4.17.4&#8243; _module_preset=\u00bbdefault\u00bb global_colors_info=\u00bb{}\u00bb][et_pb_social_media_follow_network social_network=\u00bbfacebook\u00bb url=\u00bbhttps:\/\/www.facebook.com\/profile.php?id=100057597542963&#8243; _builder_version=\u00bb4.17.4&#8243; _module_preset=\u00bbdefault\u00bb background_color=\u00bb#3b5998&#8243; global_colors_info=\u00bb{}\u00bb follow_button=\u00bboff\u00bb url_new_window=\u00bbon\u00bb]facebook[\/et_pb_social_media_follow_network][et_pb_social_media_follow_network social_network=\u00bbinstagram\u00bb url=\u00bbhttps:\/\/www.instagram.com\/julianpiscinas\/\u00bb _builder_version=\u00bb4.17.4&#8243; _module_preset=\u00bbdefault\u00bb background_color=\u00bb#ea2c59&#8243; global_colors_info=\u00bb{}\u00bb follow_button=\u00bboff\u00bb url_new_window=\u00bbon\u00bb]instagram[\/et_pb_social_media_follow_network][et_pb_social_media_follow_network social_network=\u00bbyoutube\u00bb url=\u00bbhttps:\/\/www.youtube.com\/channel\/UCvx5x4LoATHWd1GUWQM8fYA\u00bb _builder_version=\u00bb4.17.4&#8243; _module_preset=\u00bbdefault\u00bb background_color=\u00bb#a82400&#8243; global_colors_info=\u00bb{}\u00bb follow_button=\u00bboff\u00bb url_new_window=\u00bbon\u00bb]youtube[\/et_pb_social_media_follow_network][et_pb_social_media_follow_network social_network=\u00bbgoogle\u00bb url=\u00bbhttps:\/\/goo.gl\/maps\/gq2kHcXktgK2&#8243; _builder_version=\u00bb4.17.4&#8243; _module_preset=\u00bbdefault\u00bb background_color=\u00bb#4285f4&#8243; global_colors_info=\u00bb{}\u00bb follow_button=\u00bboff\u00bb url_new_window=\u00bbon\u00bb]google[\/et_pb_social_media_follow_network][et_pb_social_media_follow_network social_network=\u00bblinkedin\u00bb url=\u00bbhttps:\/\/www.linkedin.com\/in\/julian-piscinas-86a250173\/\u00bb _builder_version=\u00bb4.17.4&#8243; _module_preset=\u00bbdefault\u00bb background_color=\u00bb#004472&#8243; background_enable_color=\u00bbon\u00bb global_colors_info=\u00bb{}\u00bb follow_button=\u00bboff\u00bb url_new_window=\u00bbon\u00bb]linkedin[\/et_pb_social_media_follow_network][\/et_pb_social_media_follow][\/et_pb_column][\/et_pb_row][\/et_pb_section]<\/p>","protected":false},"excerpt":{"rendered":"<p>Reformas en Vilanova i la Geltr\u00fa En Juli\u00e1n Piscines realizamos reformas integrales en la provincia de Barcelona, demostrando una amplia experiencia en el sector.LAS MEJORES REFORMAS EN VILANOVA I LA GELTR\u00da En Juli\u00e1n Piscines llevamos a cabo reformas integrales en toda la provincia de Barcelona, contando con una amplia experiencia en el sector. Utilizamos materiales [&hellip;]<\/p>","protected":false},"author":1,"featured_media":0,"parent":0,"menu_order":0,"comment_status":"closed","ping_status":"closed","template":"","meta":{"_et_pb_use_builder":"on","_et_pb_old_content":"","_et_gb_content_width":"","footnotes":""},"class_list":["post-1045","page","type-page","status-publish","hentry"],"yoast_head":"<!-- This site is optimized with the Yoast SEO plugin v23.2 - https:\/\/yoast.com\/wordpress\/plugins\/seo\/ -->\n<title>Reformas en Vilanova i la Geltr\u00fa<\/title>\n<meta name=\"description\" content=\"Reformas en Vilanova i la Geltr\u00fa tanto integrales como parciales. Reformas de ban\u0303os y\/o cocinas. Disen\u0303o profesional y de calidad\" \/>\n<meta name=\"robots\" content=\"index, follow, max-snippet:-1, max-image-preview:large, max-video-preview:-1\" \/>\n<link rel=\"canonical\" href=\"https:\/\/www.julianpiscinas.com\/ca\/reformas-en-vilanova-geltru\/\" \/>\n<meta property=\"og:locale\" content=\"ca_ES\" \/>\n<meta property=\"og:type\" content=\"article\" \/>\n<meta property=\"og:title\" content=\"Reformas en Vilanova i la Geltr\u00fa\" \/>\n<meta property=\"og:description\" content=\"Reformas en Vilanova i la Geltr\u00fa tanto integrales como parciales. Reformas de ban\u0303os y\/o cocinas. Disen\u0303o profesional y de calidad\" \/>\n<meta property=\"og:url\" content=\"https:\/\/www.julianpiscinas.com\/ca\/reformas-en-vilanova-geltru\/\" \/>\n<meta property=\"og:site_name\" content=\"Jul\u00ed\u00e1n Piscines | construcci\u00f3n de piscinas | mantenimiento y reformas de piscinas | art\u00edculos y materiales de piscina\" \/>\n<meta property=\"article:modified_time\" content=\"2024-02-02T11:32:25+00:00\" \/>\n<meta name=\"twitter:card\" content=\"summary_large_image\" \/>\n<meta name=\"twitter:label1\" content=\"Temps estimat de lectura\" \/>\n\t<meta name=\"twitter:data1\" content=\"5 minuts\" \/>\n<script type=\"application\/ld+json\" class=\"yoast-schema-graph\">{\"@context\":\"https:\/\/schema.org\",\"@graph\":[{\"@type\":\"WebPage\",\"@id\":\"https:\/\/www.julianpiscinas.com\/reformas-en-vilanova-geltru\/\",\"url\":\"https:\/\/www.julianpiscinas.com\/reformas-en-vilanova-geltru\/\",\"name\":\"Reformas en Vilanova i la Geltr\u00fa\",\"isPartOf\":{\"@id\":\"https:\/\/www.julianpiscinas.com\/#website\"},\"datePublished\":\"2018-11-15T14:48:27+00:00\",\"dateModified\":\"2024-02-02T11:32:25+00:00\",\"description\":\"Reformas en Vilanova i la Geltr\u00fa tanto integrales como parciales. Reformas de ban\u0303os y\/o cocinas. Disen\u0303o profesional y de calidad\",\"breadcrumb\":{\"@id\":\"https:\/\/www.julianpiscinas.com\/reformas-en-vilanova-geltru\/#breadcrumb\"},\"inLanguage\":\"ca\",\"potentialAction\":[{\"@type\":\"ReadAction\",\"target\":[\"https:\/\/www.julianpiscinas.com\/reformas-en-vilanova-geltru\/\"]}]},{\"@type\":\"BreadcrumbList\",\"@id\":\"https:\/\/www.julianpiscinas.com\/reformas-en-vilanova-geltru\/#breadcrumb\",\"itemListElement\":[{\"@type\":\"ListItem\",\"position\":1,\"name\":\"Portada\",\"item\":\"https:\/\/www.julianpiscinas.com\/\"},{\"@type\":\"ListItem\",\"position\":2,\"name\":\"Reformas en Vilanova i la Geltr\u00fa\"}]},{\"@type\":\"WebSite\",\"@id\":\"https:\/\/www.julianpiscinas.com\/#website\",\"url\":\"https:\/\/www.julianpiscinas.com\/\",\"name\":\"Jul\u00ed\u00e1n Piscines | construcci\u00f3n de piscinas | mantenimiento y reformas de piscinas | art\u00edculos y materiales de piscina\",\"description\":\"Construcci\u00f3n y instalaci\u00f3n de piscinas en Els Pallaresos\",\"potentialAction\":[{\"@type\":\"SearchAction\",\"target\":{\"@type\":\"EntryPoint\",\"urlTemplate\":\"https:\/\/www.julianpiscinas.com\/?s={search_term_string}\"},\"query-input\":\"required name=search_term_string\"}],\"inLanguage\":\"ca\"}]}<\/script>\n<!-- \/ Yoast SEO plugin. -->","yoast_head_json":{"title":"Reformas en Vilanova i la Geltr\u00fa","description":"Reformas en Vilanova i la Geltr\u00fa tanto integrales como parciales. Reformas de ban\u0303os y\/o cocinas. Disen\u0303o profesional y de calidad","robots":{"index":"index","follow":"follow","max-snippet":"max-snippet:-1","max-image-preview":"max-image-preview:large","max-video-preview":"max-video-preview:-1"},"canonical":"https:\/\/www.julianpiscinas.com\/ca\/reformas-en-vilanova-geltru\/","og_locale":"ca_ES","og_type":"article","og_title":"Reformas en Vilanova i la Geltr\u00fa","og_description":"Reformas en Vilanova i la Geltr\u00fa tanto integrales como parciales. Reformas de ban\u0303os y\/o cocinas. Disen\u0303o profesional y de calidad","og_url":"https:\/\/www.julianpiscinas.com\/ca\/reformas-en-vilanova-geltru\/","og_site_name":"Jul\u00ed\u00e1n Piscines | construcci\u00f3n de piscinas | mantenimiento y reformas de piscinas | art\u00edculos y materiales de piscina","article_modified_time":"2024-02-02T11:32:25+00:00","twitter_card":"summary_large_image","twitter_misc":{"Temps estimat de lectura":"5 minuts"},"schema":{"@context":"https:\/\/schema.org","@graph":[{"@type":"WebPage","@id":"https:\/\/www.julianpiscinas.com\/reformas-en-vilanova-geltru\/","url":"https:\/\/www.julianpiscinas.com\/reformas-en-vilanova-geltru\/","name":"Reformas en Vilanova i la Geltr\u00fa","isPartOf":{"@id":"https:\/\/www.julianpiscinas.com\/#website"},"datePublished":"2018-11-15T14:48:27+00:00","dateModified":"2024-02-02T11:32:25+00:00","description":"Reformas en Vilanova i la Geltr\u00fa tanto integrales como parciales. Reformas de ban\u0303os y\/o cocinas. Disen\u0303o profesional y de calidad","breadcrumb":{"@id":"https:\/\/www.julianpiscinas.com\/reformas-en-vilanova-geltru\/#breadcrumb"},"inLanguage":"ca","potentialAction":[{"@type":"ReadAction","target":["https:\/\/www.julianpiscinas.com\/reformas-en-vilanova-geltru\/"]}]},{"@type":"BreadcrumbList","@id":"https:\/\/www.julianpiscinas.com\/reformas-en-vilanova-geltru\/#breadcrumb","itemListElement":[{"@type":"ListItem","position":1,"name":"Portada","item":"https:\/\/www.julianpiscinas.com\/"},{"@type":"ListItem","position":2,"name":"Reformas en Vilanova i la Geltr\u00fa"}]},{"@type":"WebSite","@id":"https:\/\/www.julianpiscinas.com\/#website","url":"https:\/\/www.julianpiscinas.com\/","name":"Jul\u00ed\u00e1n Piscines | construcci\u00f3n de piscinas | mantenimiento y reformas de piscinas | art\u00edculos y materiales de piscina","description":"Construcci\u00f3n y instalaci\u00f3n de piscinas en Els Pallaresos","potentialAction":[{"@type":"SearchAction","target":{"@type":"EntryPoint","urlTemplate":"https:\/\/www.julianpiscinas.com\/?s={search_term_string}"},"query-input":"required name=search_term_string"}],"inLanguage":"ca"}]}},"_links":{"self":[{"href":"https:\/\/www.julianpiscinas.com\/ca\/wp-json\/wp\/v2\/pages\/1045","targetHints":{"allow":["GET"]}}],"collection":[{"href":"https:\/\/www.julianpiscinas.com\/ca\/wp-json\/wp\/v2\/pages"}],"about":[{"href":"https:\/\/www.julianpiscinas.com\/ca\/wp-json\/wp\/v2\/types\/page"}],"author":[{"embeddable":true,"href":"https:\/\/www.julianpiscinas.com\/ca\/wp-json\/wp\/v2\/users\/1"}],"replies":[{"embeddable":true,"href":"https:\/\/www.julianpiscinas.com\/ca\/wp-json\/wp\/v2\/comments?post=1045"}],"version-history":[{"count":22,"href":"https:\/\/www.julianpiscinas.com\/ca\/wp-json\/wp\/v2\/pages\/1045\/revisions"}],"predecessor-version":[{"id":2213,"href":"https:\/\/www.julianpiscinas.com\/ca\/wp-json\/wp\/v2\/pages\/1045\/revisions\/2213"}],"wp:attachment":[{"href":"https:\/\/www.julianpiscinas.com\/ca\/wp-json\/wp\/v2\/media?parent=1045"}],"curies":[{"name":"wp","href":"https:\/\/api.w.org\/{rel}","templated":true}]}}