{"id":1014,"date":"2018-10-29T11:02:59","date_gmt":"2018-10-29T11:02:59","guid":{"rendered":"https:\/\/www.julianpiscinas.com\/?page_id=1014"},"modified":"2023-05-22T09:07:09","modified_gmt":"2023-05-22T09:07:09","slug":"hormigon-impreso-costa-dorada","status":"publish","type":"page","link":"https:\/\/www.julianpiscinas.com\/ca\/hormigon-impreso-costa-dorada\/","title":{"rendered":"Formig\u00f3 impr\u00e8s Costa Daurada"},"content":{"rendered":"<p>[et_pb_section fb_built=\u00bb1&#8243; _builder_version=\u00bb4.17.4&#8243; _module_preset=\u00bbdefault\u00bb background_image=\u00bbhttps:\/\/www.julianpiscinas.com\/wp-content\/uploads\/2022\/08\/hormigon-impreso-en-Tarragona-scaled.jpg\u00bb custom_padding=\u00bb100px||100px||false|false\u00bb global_colors_info=\u00bb{}\u00bb][et_pb_row _builder_version=\u00bb4.17.4&#8243; _module_preset=\u00bbdefault\u00bb global_colors_info=\u00bb{}\u00bb][et_pb_column type=\u00bb4_4&#8243; _builder_version=\u00bb4.17.4&#8243; _module_preset=\u00bbdefault\u00bb global_colors_info=\u00bb{}\u00bb][et_pb_text _builder_version=\u00bb4.17.4&#8243; _module_preset=\u00bbdefault\u00bb global_colors_info=\u00bb{}\u00bb]<\/p>\n<h1 style=\"text-align: center;\"><strong>Formig\u00f3 impr\u00e8s Costa Daurada<\/strong><\/h1>\n<p>[\/et_pb_text][\/et_pb_column][\/et_pb_row][\/et_pb_section][et_pb_section fb_built=\u00bb1&#8243; admin_label=\u00bbsection\u00bb _builder_version=\u00bb4.16&#8243; global_colors_info=\u00bb{}\u00bb][et_pb_row column_structure=\u00bb3_4,1_4&#8243; _builder_version=\u00bb4.16&#8243; background_size=\u00bbinitial\u00bb background_position=\u00bbtop_left\u00bb background_repeat=\u00bbrepeat\u00bb global_colors_info=\u00bb{}\u00bb][et_pb_column type=\u00bb3_4&#8243; _builder_version=\u00bb4.16&#8243; custom_padding=\u00bb|||\u00bb global_colors_info=\u00bb{}\u00bb custom_padding__hover=\u00bb|||\u00bb][et_pb_text _builder_version=\u00bb4.17.4&#8243; text_orientation=\u00bbcenter\u00bb use_border_color=\u00bboff\u00bb border_color=\u00bb#ffffff\u00bb border_style=\u00bbsolid\u00bb global_colors_info=\u00bb{}\u00bb]<\/p>\n<h2 style=\"text-align: left;\"><strong>Profesionales de hormig\u00f3n impreso en la Costa Dorada<\/strong><\/h2>\n<p>[\/et_pb_text][et_pb_text _builder_version=\u00bb4.17.4&#8243; text_orientation=\u00bbjustified\u00bb use_border_color=\u00bboff\u00bb border_color=\u00bb#ffffff\u00bb border_style=\u00bbsolid\u00bb global_colors_info=\u00bb{}\u00bb]<\/p>\n<p>En Juli\u00e1n Piscines realizamos\u00a0<b>instalaciones\u00a0de hormig\u00f3n impreso en toda la Costa Dorada<\/b>.<\/p>\n<p>Llevamos a\u00f1os instalando hormig\u00f3n impreso tanto en interiores como en exteriores. Nuestra experiencia avala nuestros trabajos realizados es por eso que los clientes nos aconsejan y vuelven en caso de necesitar otro trabajo de instalaci\u00f3n de hormig\u00f3n impreso en toda la Costa Dorada.<\/p>\n<p>Realizamos cualquier tipo de pavimento en:<\/p>\n<ul>\n<li>naves industriales<\/li>\n<li>garajes<\/li>\n<li>patios<\/li>\n<li>terrazas<\/li>\n<li>piscinas<\/li>\n<\/ul>\n<p>Utilizamos\u00a0hormig\u00f3n desactivado y estampados o impresos.<\/p>\n<p>A lo largo de nuestra trayectoria profesional hemos tenido que adaptarnos a las nuevas tendencias y tecnolog\u00edas. Aprendiendo siempre de cada una de nuestras instalaciones de hormig\u00f3n estampado para llegar a conseguir la perfecci\u00f3n en cada instalaci\u00f3n para cada cliente.<\/p>\n<p>&nbsp;<\/p>\n<p>[\/et_pb_text][et_pb_image src=\u00bbhttps:\/\/www.julianpiscinas.com\/wp-content\/uploads\/2022\/04\/hormigon-impreso-en-muros-vertical-scaled.jpg\u00bb alt=\u00bbHormig\u00f3n impreso Costa Dorada\u00bb title_text=\u00bbHormig\u00f3n impreso Costa Dorada\u00bb _builder_version=\u00bb4.17.4&#8243; _module_preset=\u00bbdefault\u00bb global_colors_info=\u00bb{}\u00bb][\/et_pb_image][et_pb_text _builder_version=\u00bb4.17.4&#8243; _module_preset=\u00bbdefault\u00bb hover_enabled=\u00bb0&#8243; global_colors_info=\u00bb{}\u00bb sticky_enabled=\u00bb0&#8243;]<\/p>\n<h3><\/h3>\n<h3>El hormig\u00f3n impreso ofrece muchas ventajas:<\/h3>\n<p>El hormig\u00f3n impreso ofrece una serie de ventajas que lo convierten en una opci\u00f3n popular para pavimentos y superficies exteriores. Algunas de las principales ventajas del hormig\u00f3n impreso son:<\/p>\n<ol>\n<li style=\"list-style-type: none;\">\n<ul>\n<li>\n<p><strong>Durabilidad:<\/strong> El hormig\u00f3n impreso es extremadamente duradero y resistente. Puede soportar el tr\u00e1fico peatonal y vehicular, as\u00ed como las condiciones clim\u00e1ticas adversas, sin perder su integridad estructural.<\/p>\n<\/li>\n<li>\n<p><strong>Versatilidad de dise\u00f1o:<\/strong> Una de las mayores ventajas del hormig\u00f3n impreso es su capacidad para imitar una amplia variedad de materiales, como piedra, ladrillo, pizarra, madera, entre otros. Esto permite crear una apariencia est\u00e9tica personalizada que se adapte al entorno y al estilo deseado.<\/p>\n<\/li>\n<li>\n<p><strong>Bajo mantenimiento:<\/strong> El hormig\u00f3n impreso es f\u00e1cil de mantener y limpiar. Una vez instalado, solo requiere de un sellado peri\u00f3dico para protegerlo de manchas y prolongar su vida \u00fatil. No requiere pulido ni encerado regular, lo que ahorra tiempo y dinero en el mantenimiento a largo plazo.<\/p>\n<\/li>\n<li>\n<p><strong>Costo efectivo:<\/strong> En comparaci\u00f3n con otros materiales, el hormig\u00f3n impreso ofrece una excelente relaci\u00f3n calidad-precio. Es m\u00e1s asequible que la piedra natural o el ladrillo, pero proporciona un aspecto similar y una durabilidad comparable.<\/p>\n<\/li>\n<li>\n<p><strong>Instalaci\u00f3n r\u00e1pida:<\/strong> La instalaci\u00f3n del hormig\u00f3n impreso es relativamente r\u00e1pida en comparaci\u00f3n con otros tipos de pavimentos. Esto significa que podr\u00e1s disfrutar de tu nuevo espacio en menos tiempo, reduciendo las molestias y las interrupciones en tu vida diaria.<\/p>\n<\/li>\n<li>\n<p><strong>Resistencia a los deslizamientos:<\/strong> El hormig\u00f3n impreso se puede tratar con productos antideslizantes para aumentar su seguridad, especialmente en \u00e1reas propensas a la humedad o a la presencia de agua, como alrededor de piscinas o en patios.<\/p>\n<\/li>\n<\/ul>\n<\/li>\n<\/ol>\n<h3>Solicitar mas informaci\u00f3n<\/h3>\n<p>Si est\u00e1 interesado en una empresa de instalaci\u00f3n de hormig\u00f3n impreso en Tarragona no dude en contactar con nosotros a trav\u00e9s de nuestro formulario de contacto o a trav\u00e9s de cualquiera de nuestros n\u00fameros de tel\u00e9fono. Enseguida nos pondremos en contacto con usted para que nos cuente que desea realizar para nosotros plasmarlo de la mejor manera posible consiguiendo as\u00ed el resultado esperado.<\/p>\n<p>&nbsp;<\/p>\n<p>[\/et_pb_text][et_pb_image src=\u00bbhttps:\/\/www.julianpiscinas.com\/wp-content\/uploads\/2018\/11\/hormigon-1200.jpg\u00bb alt=\u00bbHormig\u00f3n impreso Costa Dorada\u00bb title_text=\u00bbHormig\u00f3n impreso Costa Dorada\u00bb _builder_version=\u00bb4.17.4&#8243; _module_preset=\u00bbdefault\u00bb global_colors_info=\u00bb{}\u00bb][\/et_pb_image][\/et_pb_column][et_pb_column type=\u00bb1_4&#8243; _builder_version=\u00bb4.16&#8243; custom_padding=\u00bb|||\u00bb global_colors_info=\u00bb{}\u00bb custom_padding__hover=\u00bb|||\u00bb][et_pb_blog posts_number=\u00bb3&#8243; include_categories=\u00bb6&#8243; show_more=\u00bbon\u00bb show_comments=\u00bbon\u00bb show_pagination=\u00bboff\u00bb _builder_version=\u00bb4.17.4&#8243; use_border_color=\u00bboff\u00bb border_color=\u00bb#ffffff\u00bb border_style=\u00bbsolid\u00bb use_dropshadow=\u00bboff\u00bb global_colors_info=\u00bb{}\u00bb][\/et_pb_blog][\/et_pb_column][\/et_pb_row][\/et_pb_section][et_pb_section fb_built=\u00bb1&#8243; custom_padding_last_edited=\u00bbon|desktop\u00bb admin_label=\u00bbSecci\u00f3n\u00bb _builder_version=\u00bb4.17.4&#8243; background_color=\u00bb#006AC1&#8243; custom_padding=\u00bb27px|0px|0px|0px\u00bb custom_padding_tablet=\u00bb50px|0|50px|0&#8243; custom_padding_phone=\u00bb\u00bb transparent_background=\u00bboff\u00bb padding_mobile=\u00bboff\u00bb global_module=\u00bb468&#8243; global_colors_info=\u00bb{}\u00bb][et_pb_row column_structure=\u00bb1_4,1_4,1_4,1_4&#8243; padding_mobile=\u00bboff\u00bb column_padding_mobile=\u00bbon\u00bb _builder_version=\u00bb4.17.4&#8243; background_size=\u00bbinitial\u00bb background_position=\u00bbtop_left\u00bb background_repeat=\u00bbrepeat\u00bb width=\u00bb95%\u00bb max_width=\u00bb1400px\u00bb global_colors_info=\u00bb{}\u00bb][et_pb_column type=\u00bb1_4&#8243; _builder_version=\u00bb4.16&#8243; custom_padding=\u00bb|||\u00bb global_colors_info=\u00bb{}\u00bb custom_padding__hover=\u00bb|||\u00bb][et_pb_blurb title=\u00bbUBICACI\u00d3N\u00bb use_icon=\u00bbon\u00bb font_icon=\u00bb&#x52;||divi||400&#8243; icon_color=\u00bb#efef9e\u00bb icon_placement=\u00bbleft\u00bb _builder_version=\u00bb4.17.4&#8243; header_text_color=\u00bb#FFFFFF\u00bb body_text_color=\u00bb#FFFFFF\u00bb background_color=\u00bbRGBA(255,255,255,0)\u00bb background_layout=\u00bbdark\u00bb use_border_color=\u00bboff\u00bb global_colors_info=\u00bb{}\u00bb]<\/p>\n<p>Bloc Sant Tom\u00e0s. Esc. E 5\u00ba-1\u00aa<br \/>43007 &#8211; Sant Pau i Sant Pere (Tarragona)<\/p>\n<p>[\/et_pb_blurb][\/et_pb_column][et_pb_column type=\u00bb1_4&#8243; _builder_version=\u00bb4.16&#8243; custom_padding=\u00bb|||\u00bb global_colors_info=\u00bb{}\u00bb custom_padding__hover=\u00bb|||\u00bb][et_pb_blurb title=\u00bbCONTACTO\u00bb use_icon=\u00bbon\u00bb font_icon=\u00bb&#x52;||divi||400&#8243; icon_color=\u00bb#efef9e\u00bb icon_placement=\u00bbleft\u00bb _builder_version=\u00bb4.17.4&#8243; header_text_color=\u00bb#FFFFFF\u00bb body_text_color=\u00bb#FFFFFF\u00bb body_link_text_color=\u00bb#9bfffb\u00bb body_link_line_height=\u00bb2em\u00bb background_color=\u00bbRGBA(255,255,255,0)\u00bb background_layout=\u00bbdark\u00bb use_border_color=\u00bboff\u00bb global_colors_info=\u00bb{}\u00bb]<\/p>\n<p>M\u00f2bil: <strong><a href=\"tel: 34600811678\">600 811 678<\/a><\/strong><br \/>M\u00f2bil: <strong> <a href=\"tel: 34671581032\">671 581 032<\/a><\/strong><\/p>\n<p>[\/et_pb_blurb][\/et_pb_column][et_pb_column type=\u00bb1_4&#8243; _builder_version=\u00bb4.16&#8243; custom_padding=\u00bb|||\u00bb global_colors_info=\u00bb{}\u00bb custom_padding__hover=\u00bb|||\u00bb][et_pb_blurb title=\u00bbHORARIO\u00bb use_icon=\u00bbon\u00bb font_icon=\u00bb&#x52;||divi||400&#8243; icon_color=\u00bb#efef9e\u00bb icon_placement=\u00bbleft\u00bb _builder_version=\u00bb4.17.4&#8243; header_text_color=\u00bb#FFFFFF\u00bb body_text_color=\u00bb#FFFFFF\u00bb background_color=\u00bbRGBA(255,255,255,0)\u00bb background_layout=\u00bbdark\u00bb use_border_color=\u00bboff\u00bb global_colors_info=\u00bb{}\u00bb]<\/p>\n<p>Dilluns a Divendres<br \/>09.00h a 13.30h<br \/>17.00h a 19.00h<br \/>Dissabte:<br \/>09.00 a 13.30h<\/p>\n<p>[\/et_pb_blurb][\/et_pb_column][et_pb_column type=\u00bb1_4&#8243; _builder_version=\u00bb4.16&#8243; custom_padding=\u00bb|||\u00bb global_colors_info=\u00bb{}\u00bb custom_padding__hover=\u00bb|||\u00bb][et_pb_blurb title=\u00bbREDES SOCIALES\u00bb url=\u00bbhttps:\/\/goo.gl\/maps\/XPoazdzeDdy\u00bb use_icon=\u00bbon\u00bb font_icon=\u00bb&#x52;||divi||400&#8243; icon_color=\u00bb#efef9e\u00bb icon_placement=\u00bbleft\u00bb _builder_version=\u00bb4.17.4&#8243; header_text_color=\u00bb#FFFFFF\u00bb body_text_color=\u00bb#FFFFFF\u00bb background_color=\u00bbRGBA(255,255,255,0)\u00bb background_layout=\u00bbdark\u00bb use_border_color=\u00bboff\u00bb global_colors_info=\u00bb{}\u00bb][\/et_pb_blurb][et_pb_social_media_follow _builder_version=\u00bb4.17.4&#8243; _module_preset=\u00bbdefault\u00bb global_colors_info=\u00bb{}\u00bb][et_pb_social_media_follow_network social_network=\u00bbfacebook\u00bb url=\u00bbhttps:\/\/www.facebook.com\/profile.php?id=100057597542963&#8243; _builder_version=\u00bb4.17.4&#8243; _module_preset=\u00bbdefault\u00bb background_color=\u00bb#3b5998&#8243; global_colors_info=\u00bb{}\u00bb follow_button=\u00bboff\u00bb url_new_window=\u00bbon\u00bb]facebook[\/et_pb_social_media_follow_network][et_pb_social_media_follow_network social_network=\u00bbinstagram\u00bb url=\u00bbhttps:\/\/www.instagram.com\/julianpiscinas\/\u00bb _builder_version=\u00bb4.17.4&#8243; _module_preset=\u00bbdefault\u00bb background_color=\u00bb#ea2c59&#8243; global_colors_info=\u00bb{}\u00bb follow_button=\u00bboff\u00bb url_new_window=\u00bbon\u00bb]instagram[\/et_pb_social_media_follow_network][et_pb_social_media_follow_network social_network=\u00bbyoutube\u00bb url=\u00bbhttps:\/\/www.youtube.com\/channel\/UCvx5x4LoATHWd1GUWQM8fYA\u00bb _builder_version=\u00bb4.17.4&#8243; _module_preset=\u00bbdefault\u00bb background_color=\u00bb#a82400&#8243; global_colors_info=\u00bb{}\u00bb follow_button=\u00bboff\u00bb url_new_window=\u00bbon\u00bb]youtube[\/et_pb_social_media_follow_network][et_pb_social_media_follow_network social_network=\u00bbgoogle\u00bb url=\u00bbhttps:\/\/goo.gl\/maps\/gq2kHcXktgK2&#8243; _builder_version=\u00bb4.17.4&#8243; _module_preset=\u00bbdefault\u00bb background_color=\u00bb#4285f4&#8243; global_colors_info=\u00bb{}\u00bb follow_button=\u00bboff\u00bb url_new_window=\u00bbon\u00bb]google[\/et_pb_social_media_follow_network][et_pb_social_media_follow_network social_network=\u00bblinkedin\u00bb url=\u00bbhttps:\/\/www.linkedin.com\/in\/julian-piscinas-86a250173\/\u00bb _builder_version=\u00bb4.17.4&#8243; _module_preset=\u00bbdefault\u00bb background_color=\u00bb#004472&#8243; background_enable_color=\u00bbon\u00bb global_colors_info=\u00bb{}\u00bb follow_button=\u00bboff\u00bb url_new_window=\u00bbon\u00bb]linkedin[\/et_pb_social_media_follow_network][\/et_pb_social_media_follow][\/et_pb_column][\/et_pb_row][\/et_pb_section]<\/p>","protected":false},"excerpt":{"rendered":"<p>Hormig\u00f3n impreso Costa DoradaProfesionales de hormig\u00f3n impreso en la Costa DoradaEn Juli\u00e1n Piscines realizamos\u00a0instalaciones\u00a0de hormig\u00f3n impreso en toda la Costa Dorada. Llevamos a\u00f1os instalando hormig\u00f3n impreso tanto en interiores como en exteriores. Nuestra experiencia avala nuestros trabajos realizados es por eso que los clientes nos aconsejan y vuelven en caso de necesitar otro trabajo de [&hellip;]<\/p>","protected":false},"author":1,"featured_media":0,"parent":0,"menu_order":0,"comment_status":"closed","ping_status":"closed","template":"","meta":{"_et_pb_use_builder":"on","_et_pb_old_content":"","_et_gb_content_width":"","footnotes":""},"class_list":["post-1014","page","type-page","status-publish","hentry"],"yoast_head":"<!-- This site is optimized with the Yoast SEO plugin v23.2 - https:\/\/yoast.com\/wordpress\/plugins\/seo\/ -->\n<title>Hormig\u00f3n impreso Costa Dorada<\/title>\n<meta name=\"description\" content=\"Hormig\u00f3n impreso Costa Dorada. En Juli\u00e1n Piscines llevamos a\u00f1os instalando hormig\u00f3n impreso tanto en interiores como en exteriores.\" \/>\n<meta name=\"robots\" content=\"index, follow, max-snippet:-1, max-image-preview:large, max-video-preview:-1\" \/>\n<link rel=\"canonical\" href=\"https:\/\/www.julianpiscinas.com\/ca\/hormigon-impreso-costa-dorada\/\" \/>\n<meta property=\"og:locale\" content=\"ca_ES\" \/>\n<meta property=\"og:type\" content=\"article\" \/>\n<meta property=\"og:title\" content=\"Hormig\u00f3n impreso Costa Dorada\" \/>\n<meta property=\"og:description\" content=\"Hormig\u00f3n impreso Costa Dorada. En Juli\u00e1n Piscines llevamos a\u00f1os instalando hormig\u00f3n impreso tanto en interiores como en exteriores.\" \/>\n<meta property=\"og:url\" content=\"https:\/\/www.julianpiscinas.com\/ca\/hormigon-impreso-costa-dorada\/\" \/>\n<meta property=\"og:site_name\" content=\"Jul\u00ed\u00e1n Piscines | construcci\u00f3n de piscinas | mantenimiento y reformas de piscinas | art\u00edculos y materiales de piscina\" \/>\n<meta property=\"article:modified_time\" content=\"2023-05-22T09:07:09+00:00\" \/>\n<meta name=\"twitter:card\" content=\"summary_large_image\" \/>\n<meta name=\"twitter:label1\" content=\"Temps estimat de lectura\" \/>\n\t<meta name=\"twitter:data1\" content=\"2 minuts\" \/>\n<script type=\"application\/ld+json\" class=\"yoast-schema-graph\">{\"@context\":\"https:\/\/schema.org\",\"@graph\":[{\"@type\":\"WebPage\",\"@id\":\"https:\/\/www.julianpiscinas.com\/hormigon-impreso-costa-dorada\/\",\"url\":\"https:\/\/www.julianpiscinas.com\/hormigon-impreso-costa-dorada\/\",\"name\":\"Hormig\u00f3n impreso Costa Dorada\",\"isPartOf\":{\"@id\":\"https:\/\/www.julianpiscinas.com\/#website\"},\"datePublished\":\"2018-10-29T11:02:59+00:00\",\"dateModified\":\"2023-05-22T09:07:09+00:00\",\"description\":\"Hormig\u00f3n impreso Costa Dorada. En Juli\u00e1n Piscines llevamos a\u00f1os instalando hormig\u00f3n impreso tanto en interiores como en exteriores.\",\"breadcrumb\":{\"@id\":\"https:\/\/www.julianpiscinas.com\/hormigon-impreso-costa-dorada\/#breadcrumb\"},\"inLanguage\":\"ca\",\"potentialAction\":[{\"@type\":\"ReadAction\",\"target\":[\"https:\/\/www.julianpiscinas.com\/hormigon-impreso-costa-dorada\/\"]}]},{\"@type\":\"BreadcrumbList\",\"@id\":\"https:\/\/www.julianpiscinas.com\/hormigon-impreso-costa-dorada\/#breadcrumb\",\"itemListElement\":[{\"@type\":\"ListItem\",\"position\":1,\"name\":\"Portada\",\"item\":\"https:\/\/www.julianpiscinas.com\/\"},{\"@type\":\"ListItem\",\"position\":2,\"name\":\"Hormig\u00f3n impreso Costa Dorada\"}]},{\"@type\":\"WebSite\",\"@id\":\"https:\/\/www.julianpiscinas.com\/#website\",\"url\":\"https:\/\/www.julianpiscinas.com\/\",\"name\":\"Jul\u00ed\u00e1n Piscines | construcci\u00f3n de piscinas | mantenimiento y reformas de piscinas | art\u00edculos y materiales de piscina\",\"description\":\"Construcci\u00f3n y instalaci\u00f3n de piscinas en Els Pallaresos\",\"potentialAction\":[{\"@type\":\"SearchAction\",\"target\":{\"@type\":\"EntryPoint\",\"urlTemplate\":\"https:\/\/www.julianpiscinas.com\/?s={search_term_string}\"},\"query-input\":\"required name=search_term_string\"}],\"inLanguage\":\"ca\"}]}<\/script>\n<!-- \/ Yoast SEO plugin. -->","yoast_head_json":{"title":"Hormig\u00f3n impreso Costa Dorada","description":"Hormig\u00f3n impreso Costa Dorada. En Juli\u00e1n Piscines llevamos a\u00f1os instalando hormig\u00f3n impreso tanto en interiores como en exteriores.","robots":{"index":"index","follow":"follow","max-snippet":"max-snippet:-1","max-image-preview":"max-image-preview:large","max-video-preview":"max-video-preview:-1"},"canonical":"https:\/\/www.julianpiscinas.com\/ca\/hormigon-impreso-costa-dorada\/","og_locale":"ca_ES","og_type":"article","og_title":"Hormig\u00f3n impreso Costa Dorada","og_description":"Hormig\u00f3n impreso Costa Dorada. En Juli\u00e1n Piscines llevamos a\u00f1os instalando hormig\u00f3n impreso tanto en interiores como en exteriores.","og_url":"https:\/\/www.julianpiscinas.com\/ca\/hormigon-impreso-costa-dorada\/","og_site_name":"Jul\u00ed\u00e1n Piscines | construcci\u00f3n de piscinas | mantenimiento y reformas de piscinas | art\u00edculos y materiales de piscina","article_modified_time":"2023-05-22T09:07:09+00:00","twitter_card":"summary_large_image","twitter_misc":{"Temps estimat de lectura":"2 minuts"},"schema":{"@context":"https:\/\/schema.org","@graph":[{"@type":"WebPage","@id":"https:\/\/www.julianpiscinas.com\/hormigon-impreso-costa-dorada\/","url":"https:\/\/www.julianpiscinas.com\/hormigon-impreso-costa-dorada\/","name":"Hormig\u00f3n impreso Costa Dorada","isPartOf":{"@id":"https:\/\/www.julianpiscinas.com\/#website"},"datePublished":"2018-10-29T11:02:59+00:00","dateModified":"2023-05-22T09:07:09+00:00","description":"Hormig\u00f3n impreso Costa Dorada. En Juli\u00e1n Piscines llevamos a\u00f1os instalando hormig\u00f3n impreso tanto en interiores como en exteriores.","breadcrumb":{"@id":"https:\/\/www.julianpiscinas.com\/hormigon-impreso-costa-dorada\/#breadcrumb"},"inLanguage":"ca","potentialAction":[{"@type":"ReadAction","target":["https:\/\/www.julianpiscinas.com\/hormigon-impreso-costa-dorada\/"]}]},{"@type":"BreadcrumbList","@id":"https:\/\/www.julianpiscinas.com\/hormigon-impreso-costa-dorada\/#breadcrumb","itemListElement":[{"@type":"ListItem","position":1,"name":"Portada","item":"https:\/\/www.julianpiscinas.com\/"},{"@type":"ListItem","position":2,"name":"Hormig\u00f3n impreso Costa Dorada"}]},{"@type":"WebSite","@id":"https:\/\/www.julianpiscinas.com\/#website","url":"https:\/\/www.julianpiscinas.com\/","name":"Jul\u00ed\u00e1n Piscines | construcci\u00f3n de piscinas | mantenimiento y reformas de piscinas | art\u00edculos y materiales de piscina","description":"Construcci\u00f3n y instalaci\u00f3n de piscinas en Els Pallaresos","potentialAction":[{"@type":"SearchAction","target":{"@type":"EntryPoint","urlTemplate":"https:\/\/www.julianpiscinas.com\/?s={search_term_string}"},"query-input":"required name=search_term_string"}],"inLanguage":"ca"}]}},"_links":{"self":[{"href":"https:\/\/www.julianpiscinas.com\/ca\/wp-json\/wp\/v2\/pages\/1014","targetHints":{"allow":["GET"]}}],"collection":[{"href":"https:\/\/www.julianpiscinas.com\/ca\/wp-json\/wp\/v2\/pages"}],"about":[{"href":"https:\/\/www.julianpiscinas.com\/ca\/wp-json\/wp\/v2\/types\/page"}],"author":[{"embeddable":true,"href":"https:\/\/www.julianpiscinas.com\/ca\/wp-json\/wp\/v2\/users\/1"}],"replies":[{"embeddable":true,"href":"https:\/\/www.julianpiscinas.com\/ca\/wp-json\/wp\/v2\/comments?post=1014"}],"version-history":[{"count":7,"href":"https:\/\/www.julianpiscinas.com\/ca\/wp-json\/wp\/v2\/pages\/1014\/revisions"}],"predecessor-version":[{"id":2149,"href":"https:\/\/www.julianpiscinas.com\/ca\/wp-json\/wp\/v2\/pages\/1014\/revisions\/2149"}],"wp:attachment":[{"href":"https:\/\/www.julianpiscinas.com\/ca\/wp-json\/wp\/v2\/media?parent=1014"}],"curies":[{"name":"wp","href":"https:\/\/api.w.org\/{rel}","templated":true}]}}