{"id":1007,"date":"2018-10-29T10:35:15","date_gmt":"2018-10-29T10:35:15","guid":{"rendered":"https:\/\/www.julianpiscinas.com\/?page_id=1007"},"modified":"2023-03-20T15:04:41","modified_gmt":"2023-03-20T15:04:41","slug":"mantenimiento-piscinas-costa-dorada","status":"publish","type":"page","link":"https:\/\/www.julianpiscinas.com\/ca\/mantenimiento-piscinas-costa-dorada\/","title":{"rendered":"Mantenimiento piscinas Costa Dorada"},"content":{"rendered":"<p>[et_pb_section fb_built=\u00bb1&#8243; _builder_version=\u00bb4.17.4&#8243; _module_preset=\u00bbdefault\u00bb background_image=\u00bbhttps:\/\/www.julianpiscinas.com\/wp-content\/uploads\/2021\/02\/mini-piscina-con-spa.jpg\u00bb custom_padding=\u00bb100px||100px||false|false\u00bb locked=\u00bboff\u00bb global_colors_info=\u00bb{}\u00bb][et_pb_row _builder_version=\u00bb4.17.4&#8243; _module_preset=\u00bbdefault\u00bb global_colors_info=\u00bb{}\u00bb][et_pb_column type=\u00bb4_4&#8243; _builder_version=\u00bb4.17.4&#8243; _module_preset=\u00bbdefault\u00bb global_colors_info=\u00bb{}\u00bb][et_pb_text _builder_version=\u00bb4.17.4&#8243; _module_preset=\u00bbdefault\u00bb hover_enabled=\u00bb0&#8243; global_colors_info=\u00bb{}\u00bb sticky_enabled=\u00bb0&#8243;]<\/p>\n<h1 style=\"text-align: center;\"><strong>Mantenimiento de piscinas en la Costa Dorada<\/strong><\/h1>\n<p>[\/et_pb_text][\/et_pb_column][\/et_pb_row][\/et_pb_section][et_pb_section fb_built=\u00bb1&#8243; admin_label=\u00bbsection\u00bb _builder_version=\u00bb4.16&#8243; global_colors_info=\u00bb{}\u00bb][et_pb_row column_structure=\u00bb3_4,1_4&#8243; _builder_version=\u00bb4.16&#8243; background_size=\u00bbinitial\u00bb background_position=\u00bbtop_left\u00bb background_repeat=\u00bbrepeat\u00bb global_colors_info=\u00bb{}\u00bb][et_pb_column type=\u00bb3_4&#8243; _builder_version=\u00bb4.16&#8243; custom_padding=\u00bb|||\u00bb global_colors_info=\u00bb{}\u00bb custom_padding__hover=\u00bb|||\u00bb][et_pb_text _builder_version=\u00bb4.17.4&#8243; text_orientation=\u00bbcenter\u00bb use_border_color=\u00bboff\u00bb border_color=\u00bb#ffffff\u00bb border_style=\u00bbsolid\u00bb global_colors_info=\u00bb{}\u00bb]<\/p>\n<h2 style=\"text-align: left;\"><strong>El mejor mantenimiento de piscinas en la Costa Dorada<\/strong><\/h2>\n<p>[\/et_pb_text][et_pb_text _builder_version=\u00bb4.17.4&#8243; text_orientation=\u00bbjustified\u00bb use_border_color=\u00bboff\u00bb border_color=\u00bb#ffffff\u00bb border_style=\u00bbsolid\u00bb global_colors_info=\u00bb{}\u00bb]<\/p>\n<p>En Juli\u00e1n Piscines somos especialistas en\u00a0<strong>mantenimientos de piscinas en toda la Costa Dorada<\/strong>. Tenemos muchos a\u00f1os de experiencia en el sector de las piscinas, realizando la construcci\u00f3n, instalaci\u00f3n y mantenimiento de las mismas en todo el \u00e1rea de Tarragona. Contamos con un equipo de profesionales con a\u00f1os de experiencia en el sector de la construcci\u00f3n de piscinas con trabajos realizados por toda la Costa Dorada.<\/p>\n<p>&nbsp;<\/p>\n<h2>Mantenimiento profesional de piscinas en la Costa Dorada<\/h2>\n<p>Un equipo de profesionales a su servicio. Con mas de 15 a\u00f1os, somos expertos en el\u00a0 mantenimiento y cuidado de piscinas durante todo el a\u00f1o.<\/p>\n<p>Cada piscina es \u00fanica, por lo tanto requieren un mantenimiento personalizado. Nos ajustamos a las necesidades de cada piscina y buscamos la manera m\u00e1s econ\u00f3mica y eficiente para cada mantenimiento.<\/p>\n<p>A lo largo de nuestra trayectoria y con la gran cantidad de clientes satisfechos, nos podemos considerar expertos en realizar mantenimientos de piscinas en Tarragona.<\/p>\n<p>&nbsp;<\/p>\n<h3>Solicitar mas informaci\u00f3n<\/h3>\n<p>Si est\u00e1 interesado en una empresa de mantenimientos de piscinas en Tarragona no dude en contactar con nosotros a trav\u00e9s de nuestro\u00a0<a href=\"https:\/\/www.julianpiscinas.com\/ca\/contacto-julian-i-olano-piscines\/\">formulario de contacto<\/a>\u00a0o a trav\u00e9s de cualquiera de nuestros n\u00fameros de tel\u00e9fono.<\/p>\n<p>[\/et_pb_text][et_pb_image src=\u00bbhttps:\/\/www.julianpiscinas.com\/wp-content\/uploads\/2017\/05\/dolphin-supreme-m400-robot-limpia-piscinas-D_NQ_NP_422511-MLM20552270482_012016-F.jpg\u00bb alt=\u00bbMantenimiento de piscinas Costa Dorada\u00bb title_text=\u00bbMantenimiento de piscinas Costa Dorada\u00bb align_tablet=\u00bbcenter\u00bb align_phone=\u00bbcenter\u00bb align_last_edited=\u00bbon|desktop\u00bb _builder_version=\u00bb4.17.4&#8243; animation_style=\u00bbslide\u00bb animation_direction=\u00bbleft\u00bb animation_duration=\u00bb500ms\u00bb animation_intensity_slide=\u00bb10%\u00bb hover_enabled=\u00bb0&#8243; use_border_color=\u00bboff\u00bb global_colors_info=\u00bb{}\u00bb align=\u00bbcenter\u00bb sticky_enabled=\u00bb0&#8243;][\/et_pb_image][et_pb_text _builder_version=\u00bb4.17.4&#8243; _module_preset=\u00bbdefault\u00bb hover_enabled=\u00bb0&#8243; sticky_enabled=\u00bb0&#8243;]<\/p>\n<h3><\/h3>\n<h3>Todo tipo de servicios de mantenimiento de piscinas<\/h3>\n<div class=\"group w-full text-gray-800 dark:text-gray-100 border-b border-black\/10 dark:border-gray-900\/50 bg-gray-50 dark:bg-[#444654]\">\n<div class=\"text-base gap-4 md:gap-6 md:max-w-2xl lg:max-w-2xl xl:max-w-3xl p-4 md:py-6 flex lg:px-0 m-auto\">\n<div class=\"relative flex w-[calc(100%-50px)] flex-col gap-1 md:gap-3 lg:w-[calc(100%-115px)]\">\n<div class=\"flex flex-grow flex-col gap-3\">\n<div class=\"min-h-[20px] flex flex-col items-start gap-4 whitespace-pre-wrap\">\n<div class=\"markdown prose w-full break-words dark:prose-invert dark\">\n<p>En nuestros servicios de mantenimiento de piscinas ofrecemos una amplia gama de soluciones para garantizar que su piscina est\u00e9 en perfectas condiciones durante todo el a\u00f1o. Nos encargamos de la limpieza regular de la piscina, as\u00ed como de la verificaci\u00f3n y ajuste del pH y niveles de cloro para asegurar una calidad \u00f3ptima del agua. Tambi\u00e9n nos ocupamos del mantenimiento de equipos como bombas, filtros y calentadores, y realizamos pruebas para detectar posibles fugas y repararlas en caso necesario. Adem\u00e1s, ofrecemos servicios de vaciado y limpieza profunda de la piscina para su puesta a punto y el invierno. En resumen, nuestros servicios de mantenimiento de piscinas est\u00e1n dise\u00f1ados para hacer que su piscina sea un lugar seguro y agradable para usted y su familia.<\/p>\n<p>&nbsp;<\/p>\n<\/div>\n<\/div>\n<\/div>\n<\/div>\n<\/div>\n<\/div>\n<p>[\/et_pb_text][et_pb_image src=\u00bbhttps:\/\/www.julianpiscinas.com\/wp-content\/uploads\/2021\/02\/mantenimiento-de-piscinas-en-torredembarra-scaled.jpg\u00bb _builder_version=\u00bb4.17.4&#8243; _module_preset=\u00bbdefault\u00bb alt=\u00bbMantenimiento de piscinas Costa Dorada\u00bb title_text=\u00bbMantenimiento de piscinas Costa Dorada\u00bb hover_enabled=\u00bb0&#8243; sticky_enabled=\u00bb0&#8243;][\/et_pb_image][\/et_pb_column][et_pb_column type=\u00bb1_4&#8243; _builder_version=\u00bb4.16&#8243; custom_padding=\u00bb|||\u00bb global_colors_info=\u00bb{}\u00bb custom_padding__hover=\u00bb|||\u00bb][et_pb_blog posts_number=\u00bb3&#8243; include_categories=\u00bb6&#8243; show_more=\u00bbon\u00bb show_comments=\u00bbon\u00bb show_pagination=\u00bboff\u00bb _builder_version=\u00bb4.17.4&#8243; hover_enabled=\u00bb0&#8243; use_border_color=\u00bboff\u00bb border_color=\u00bb#ffffff\u00bb border_style=\u00bbsolid\u00bb use_dropshadow=\u00bboff\u00bb global_colors_info=\u00bb{}\u00bb sticky_enabled=\u00bb0&#8243;][\/et_pb_blog][\/et_pb_column][\/et_pb_row][\/et_pb_section][et_pb_section fb_built=\u00bb1&#8243; custom_padding_last_edited=\u00bbon|desktop\u00bb admin_label=\u00bbSecci\u00f3n\u00bb _builder_version=\u00bb4.17.4&#8243; background_color=\u00bb#006AC1&#8243; custom_padding=\u00bb27px|0px|0px|0px\u00bb custom_padding_tablet=\u00bb50px|0|50px|0&#8243; custom_padding_phone=\u00bb\u00bb transparent_background=\u00bboff\u00bb padding_mobile=\u00bboff\u00bb global_module=\u00bb468&#8243; global_colors_info=\u00bb{}\u00bb][et_pb_row column_structure=\u00bb1_4,1_4,1_4,1_4&#8243; padding_mobile=\u00bboff\u00bb column_padding_mobile=\u00bbon\u00bb _builder_version=\u00bb4.17.4&#8243; background_size=\u00bbinitial\u00bb background_position=\u00bbtop_left\u00bb background_repeat=\u00bbrepeat\u00bb width=\u00bb95%\u00bb max_width=\u00bb1400px\u00bb global_colors_info=\u00bb{}\u00bb][et_pb_column type=\u00bb1_4&#8243; _builder_version=\u00bb4.16&#8243; custom_padding=\u00bb|||\u00bb global_colors_info=\u00bb{}\u00bb custom_padding__hover=\u00bb|||\u00bb][et_pb_blurb title=\u00bbUBICACI\u00d3N\u00bb use_icon=\u00bbon\u00bb font_icon=\u00bb&#x52;||divi||400&#8243; icon_color=\u00bb#efef9e\u00bb icon_placement=\u00bbleft\u00bb _builder_version=\u00bb4.17.4&#8243; header_text_color=\u00bb#FFFFFF\u00bb body_text_color=\u00bb#FFFFFF\u00bb background_color=\u00bbRGBA(255,255,255,0)\u00bb background_layout=\u00bbdark\u00bb use_border_color=\u00bboff\u00bb global_colors_info=\u00bb{}\u00bb]<\/p>\n<p>Bloc Sant Tom\u00e0s. Esc. E 5\u00ba-1\u00aa<br \/>43007 &#8211; Sant Pau i Sant Pere (Tarragona)<\/p>\n<p>[\/et_pb_blurb][\/et_pb_column][et_pb_column type=\u00bb1_4&#8243; _builder_version=\u00bb4.16&#8243; custom_padding=\u00bb|||\u00bb global_colors_info=\u00bb{}\u00bb custom_padding__hover=\u00bb|||\u00bb][et_pb_blurb title=\u00bbCONTACTO\u00bb use_icon=\u00bbon\u00bb font_icon=\u00bb&#x52;||divi||400&#8243; icon_color=\u00bb#efef9e\u00bb icon_placement=\u00bbleft\u00bb _builder_version=\u00bb4.17.4&#8243; header_text_color=\u00bb#FFFFFF\u00bb body_text_color=\u00bb#FFFFFF\u00bb body_link_text_color=\u00bb#9bfffb\u00bb body_link_line_height=\u00bb2em\u00bb background_color=\u00bbRGBA(255,255,255,0)\u00bb background_layout=\u00bbdark\u00bb use_border_color=\u00bboff\u00bb global_colors_info=\u00bb{}\u00bb]<\/p>\n<p>M\u00f2bil: <strong><a href=\"tel: 34600811678\">600 811 678<\/a><\/strong><br \/>M\u00f2bil: <strong> <a href=\"tel: 34671581032\">671 581 032<\/a><\/strong><\/p>\n<p>[\/et_pb_blurb][\/et_pb_column][et_pb_column type=\u00bb1_4&#8243; _builder_version=\u00bb4.16&#8243; custom_padding=\u00bb|||\u00bb global_colors_info=\u00bb{}\u00bb custom_padding__hover=\u00bb|||\u00bb][et_pb_blurb title=\u00bbHORARIO\u00bb use_icon=\u00bbon\u00bb font_icon=\u00bb&#x52;||divi||400&#8243; icon_color=\u00bb#efef9e\u00bb icon_placement=\u00bbleft\u00bb _builder_version=\u00bb4.17.4&#8243; header_text_color=\u00bb#FFFFFF\u00bb body_text_color=\u00bb#FFFFFF\u00bb background_color=\u00bbRGBA(255,255,255,0)\u00bb background_layout=\u00bbdark\u00bb use_border_color=\u00bboff\u00bb global_colors_info=\u00bb{}\u00bb]<\/p>\n<p>Dilluns a Divendres<br \/>09.00h a 13.30h<br \/>17.00h a 19.00h<br \/>Dissabte:<br \/>09.00 a 13.30h<\/p>\n<p>[\/et_pb_blurb][\/et_pb_column][et_pb_column type=\u00bb1_4&#8243; _builder_version=\u00bb4.16&#8243; custom_padding=\u00bb|||\u00bb global_colors_info=\u00bb{}\u00bb custom_padding__hover=\u00bb|||\u00bb][et_pb_blurb title=\u00bbREDES SOCIALES\u00bb url=\u00bbhttps:\/\/goo.gl\/maps\/XPoazdzeDdy\u00bb use_icon=\u00bbon\u00bb font_icon=\u00bb&#x52;||divi||400&#8243; icon_color=\u00bb#efef9e\u00bb icon_placement=\u00bbleft\u00bb _builder_version=\u00bb4.17.4&#8243; header_text_color=\u00bb#FFFFFF\u00bb body_text_color=\u00bb#FFFFFF\u00bb background_color=\u00bbRGBA(255,255,255,0)\u00bb background_layout=\u00bbdark\u00bb use_border_color=\u00bboff\u00bb global_colors_info=\u00bb{}\u00bb][\/et_pb_blurb][et_pb_social_media_follow _builder_version=\u00bb4.17.4&#8243; _module_preset=\u00bbdefault\u00bb global_colors_info=\u00bb{}\u00bb][et_pb_social_media_follow_network social_network=\u00bbfacebook\u00bb url=\u00bbhttps:\/\/www.facebook.com\/profile.php?id=100057597542963&#8243; _builder_version=\u00bb4.17.4&#8243; _module_preset=\u00bbdefault\u00bb background_color=\u00bb#3b5998&#8243; global_colors_info=\u00bb{}\u00bb follow_button=\u00bboff\u00bb url_new_window=\u00bbon\u00bb]facebook[\/et_pb_social_media_follow_network][et_pb_social_media_follow_network social_network=\u00bbinstagram\u00bb url=\u00bbhttps:\/\/www.instagram.com\/julianpiscinas\/\u00bb _builder_version=\u00bb4.17.4&#8243; _module_preset=\u00bbdefault\u00bb background_color=\u00bb#ea2c59&#8243; global_colors_info=\u00bb{}\u00bb follow_button=\u00bboff\u00bb url_new_window=\u00bbon\u00bb]instagram[\/et_pb_social_media_follow_network][et_pb_social_media_follow_network social_network=\u00bbyoutube\u00bb url=\u00bbhttps:\/\/www.youtube.com\/channel\/UCvx5x4LoATHWd1GUWQM8fYA\u00bb _builder_version=\u00bb4.17.4&#8243; _module_preset=\u00bbdefault\u00bb background_color=\u00bb#a82400&#8243; global_colors_info=\u00bb{}\u00bb follow_button=\u00bboff\u00bb url_new_window=\u00bbon\u00bb]youtube[\/et_pb_social_media_follow_network][et_pb_social_media_follow_network social_network=\u00bbgoogle\u00bb url=\u00bbhttps:\/\/goo.gl\/maps\/gq2kHcXktgK2&#8243; _builder_version=\u00bb4.17.4&#8243; _module_preset=\u00bbdefault\u00bb background_color=\u00bb#4285f4&#8243; global_colors_info=\u00bb{}\u00bb follow_button=\u00bboff\u00bb url_new_window=\u00bbon\u00bb]google[\/et_pb_social_media_follow_network][et_pb_social_media_follow_network social_network=\u00bblinkedin\u00bb url=\u00bbhttps:\/\/www.linkedin.com\/in\/julian-piscinas-86a250173\/\u00bb _builder_version=\u00bb4.17.4&#8243; _module_preset=\u00bbdefault\u00bb background_color=\u00bb#004472&#8243; background_enable_color=\u00bbon\u00bb global_colors_info=\u00bb{}\u00bb follow_button=\u00bboff\u00bb url_new_window=\u00bbon\u00bb]linkedin[\/et_pb_social_media_follow_network][\/et_pb_social_media_follow][\/et_pb_column][\/et_pb_row][\/et_pb_section]<\/p>","protected":false},"excerpt":{"rendered":"<p>Mantenimiento de piscinas en la Costa DoradaEl mejor mantenimiento de piscinas en la Costa DoradaEn Juli\u00e1n Piscines somos especialistas en\u00a0mantenimientos de piscinas en toda la Costa Dorada. Tenemos muchos a\u00f1os de experiencia en el sector de las piscinas, realizando la construcci\u00f3n, instalaci\u00f3n y mantenimiento de las mismas en todo el \u00e1rea de Tarragona. Contamos con [&hellip;]<\/p>","protected":false},"author":1,"featured_media":0,"parent":0,"menu_order":0,"comment_status":"closed","ping_status":"closed","template":"","meta":{"_et_pb_use_builder":"on","_et_pb_old_content":"","_et_gb_content_width":"","footnotes":""},"class_list":["post-1007","page","type-page","status-publish","hentry"],"yoast_head":"<!-- This site is optimized with the Yoast SEO plugin v23.2 - https:\/\/yoast.com\/wordpress\/plugins\/seo\/ -->\n<title>Mantenimiento piscinas Costa Dorada -<\/title>\n<meta name=\"description\" content=\"Mantenimiento y construcci\u00f3n de piscinas en la Costa Dorada a mano de los mejores profesionales de Julian Piscines.\" \/>\n<meta name=\"robots\" content=\"index, follow, max-snippet:-1, max-image-preview:large, max-video-preview:-1\" \/>\n<link rel=\"canonical\" href=\"https:\/\/www.julianpiscinas.com\/ca\/mantenimiento-piscinas-costa-dorada\/\" \/>\n<meta property=\"og:locale\" content=\"ca_ES\" \/>\n<meta property=\"og:type\" content=\"article\" \/>\n<meta property=\"og:title\" content=\"Mantenimiento piscinas Costa Dorada -\" \/>\n<meta property=\"og:description\" content=\"Mantenimiento y construcci\u00f3n de piscinas en la Costa Dorada a mano de los mejores profesionales de Julian Piscines.\" \/>\n<meta property=\"og:url\" content=\"https:\/\/www.julianpiscinas.com\/ca\/mantenimiento-piscinas-costa-dorada\/\" \/>\n<meta property=\"og:site_name\" content=\"Jul\u00ed\u00e1n Piscines | construcci\u00f3n de piscinas | mantenimiento y reformas de piscinas | art\u00edculos y materiales de piscina\" \/>\n<meta property=\"article:modified_time\" content=\"2023-03-20T15:04:41+00:00\" \/>\n<meta name=\"twitter:card\" content=\"summary_large_image\" \/>\n<meta name=\"twitter:label1\" content=\"Temps estimat de lectura\" \/>\n\t<meta name=\"twitter:data1\" content=\"2 minuts\" \/>\n<script type=\"application\/ld+json\" class=\"yoast-schema-graph\">{\"@context\":\"https:\/\/schema.org\",\"@graph\":[{\"@type\":\"WebPage\",\"@id\":\"https:\/\/www.julianpiscinas.com\/mantenimiento-piscinas-costa-dorada\/\",\"url\":\"https:\/\/www.julianpiscinas.com\/mantenimiento-piscinas-costa-dorada\/\",\"name\":\"Mantenimiento piscinas Costa Dorada -\",\"isPartOf\":{\"@id\":\"https:\/\/www.julianpiscinas.com\/#website\"},\"datePublished\":\"2018-10-29T10:35:15+00:00\",\"dateModified\":\"2023-03-20T15:04:41+00:00\",\"description\":\"Mantenimiento y construcci\u00f3n de piscinas en la Costa Dorada a mano de los mejores profesionales de Julian Piscines.\",\"breadcrumb\":{\"@id\":\"https:\/\/www.julianpiscinas.com\/mantenimiento-piscinas-costa-dorada\/#breadcrumb\"},\"inLanguage\":\"ca\",\"potentialAction\":[{\"@type\":\"ReadAction\",\"target\":[\"https:\/\/www.julianpiscinas.com\/mantenimiento-piscinas-costa-dorada\/\"]}]},{\"@type\":\"BreadcrumbList\",\"@id\":\"https:\/\/www.julianpiscinas.com\/mantenimiento-piscinas-costa-dorada\/#breadcrumb\",\"itemListElement\":[{\"@type\":\"ListItem\",\"position\":1,\"name\":\"Portada\",\"item\":\"https:\/\/www.julianpiscinas.com\/\"},{\"@type\":\"ListItem\",\"position\":2,\"name\":\"Mantenimiento piscinas Costa Dorada\"}]},{\"@type\":\"WebSite\",\"@id\":\"https:\/\/www.julianpiscinas.com\/#website\",\"url\":\"https:\/\/www.julianpiscinas.com\/\",\"name\":\"Jul\u00ed\u00e1n Piscines | construcci\u00f3n de piscinas | mantenimiento y reformas de piscinas | art\u00edculos y materiales de piscina\",\"description\":\"Construcci\u00f3n y instalaci\u00f3n de piscinas en Els Pallaresos\",\"potentialAction\":[{\"@type\":\"SearchAction\",\"target\":{\"@type\":\"EntryPoint\",\"urlTemplate\":\"https:\/\/www.julianpiscinas.com\/?s={search_term_string}\"},\"query-input\":\"required name=search_term_string\"}],\"inLanguage\":\"ca\"}]}<\/script>\n<!-- \/ Yoast SEO plugin. -->","yoast_head_json":{"title":"Mantenimiento piscinas Costa Dorada -","description":"Mantenimiento y construcci\u00f3n de piscinas en la Costa Dorada a mano de los mejores profesionales de Julian Piscines.","robots":{"index":"index","follow":"follow","max-snippet":"max-snippet:-1","max-image-preview":"max-image-preview:large","max-video-preview":"max-video-preview:-1"},"canonical":"https:\/\/www.julianpiscinas.com\/ca\/mantenimiento-piscinas-costa-dorada\/","og_locale":"ca_ES","og_type":"article","og_title":"Mantenimiento piscinas Costa Dorada -","og_description":"Mantenimiento y construcci\u00f3n de piscinas en la Costa Dorada a mano de los mejores profesionales de Julian Piscines.","og_url":"https:\/\/www.julianpiscinas.com\/ca\/mantenimiento-piscinas-costa-dorada\/","og_site_name":"Jul\u00ed\u00e1n Piscines | construcci\u00f3n de piscinas | mantenimiento y reformas de piscinas | art\u00edculos y materiales de piscina","article_modified_time":"2023-03-20T15:04:41+00:00","twitter_card":"summary_large_image","twitter_misc":{"Temps estimat de lectura":"2 minuts"},"schema":{"@context":"https:\/\/schema.org","@graph":[{"@type":"WebPage","@id":"https:\/\/www.julianpiscinas.com\/mantenimiento-piscinas-costa-dorada\/","url":"https:\/\/www.julianpiscinas.com\/mantenimiento-piscinas-costa-dorada\/","name":"Mantenimiento piscinas Costa Dorada -","isPartOf":{"@id":"https:\/\/www.julianpiscinas.com\/#website"},"datePublished":"2018-10-29T10:35:15+00:00","dateModified":"2023-03-20T15:04:41+00:00","description":"Mantenimiento y construcci\u00f3n de piscinas en la Costa Dorada a mano de los mejores profesionales de Julian Piscines.","breadcrumb":{"@id":"https:\/\/www.julianpiscinas.com\/mantenimiento-piscinas-costa-dorada\/#breadcrumb"},"inLanguage":"ca","potentialAction":[{"@type":"ReadAction","target":["https:\/\/www.julianpiscinas.com\/mantenimiento-piscinas-costa-dorada\/"]}]},{"@type":"BreadcrumbList","@id":"https:\/\/www.julianpiscinas.com\/mantenimiento-piscinas-costa-dorada\/#breadcrumb","itemListElement":[{"@type":"ListItem","position":1,"name":"Portada","item":"https:\/\/www.julianpiscinas.com\/"},{"@type":"ListItem","position":2,"name":"Mantenimiento piscinas Costa Dorada"}]},{"@type":"WebSite","@id":"https:\/\/www.julianpiscinas.com\/#website","url":"https:\/\/www.julianpiscinas.com\/","name":"Jul\u00ed\u00e1n Piscines | construcci\u00f3n de piscinas | mantenimiento y reformas de piscinas | art\u00edculos y materiales de piscina","description":"Construcci\u00f3n y instalaci\u00f3n de piscinas en Els Pallaresos","potentialAction":[{"@type":"SearchAction","target":{"@type":"EntryPoint","urlTemplate":"https:\/\/www.julianpiscinas.com\/?s={search_term_string}"},"query-input":"required name=search_term_string"}],"inLanguage":"ca"}]}},"_links":{"self":[{"href":"https:\/\/www.julianpiscinas.com\/ca\/wp-json\/wp\/v2\/pages\/1007","targetHints":{"allow":["GET"]}}],"collection":[{"href":"https:\/\/www.julianpiscinas.com\/ca\/wp-json\/wp\/v2\/pages"}],"about":[{"href":"https:\/\/www.julianpiscinas.com\/ca\/wp-json\/wp\/v2\/types\/page"}],"author":[{"embeddable":true,"href":"https:\/\/www.julianpiscinas.com\/ca\/wp-json\/wp\/v2\/users\/1"}],"replies":[{"embeddable":true,"href":"https:\/\/www.julianpiscinas.com\/ca\/wp-json\/wp\/v2\/comments?post=1007"}],"version-history":[{"count":9,"href":"https:\/\/www.julianpiscinas.com\/ca\/wp-json\/wp\/v2\/pages\/1007\/revisions"}],"predecessor-version":[{"id":2125,"href":"https:\/\/www.julianpiscinas.com\/ca\/wp-json\/wp\/v2\/pages\/1007\/revisions\/2125"}],"wp:attachment":[{"href":"https:\/\/www.julianpiscinas.com\/ca\/wp-json\/wp\/v2\/media?parent=1007"}],"curies":[{"name":"wp","href":"https:\/\/api.w.org\/{rel}","templated":true}]}}